{"id":786,"date":"2018-11-13T14:28:47","date_gmt":"2018-11-13T14:28:47","guid":{"rendered":"https:\/\/kopun.hr\/pravne-napomene\/"},"modified":"2018-11-19T08:21:00","modified_gmt":"2018-11-19T08:21:00","slug":"legal-notices","status":"publish","type":"page","link":"https:\/\/kopun.hr\/en\/legal-notices\/","title":{"rendered":"Legal notices"},"content":{"rendered":"[vc_row type=&#8221;full_width_background&#8221; full_screen_row_position=&#8221;middle&#8221; bg_color=&#8221;#ffffff&#8221; scene_position=&#8221;center&#8221; text_color=&#8221;dark&#8221; text_align=&#8221;left&#8221; bottom_padding=&#8221;50&#8243; overlay_strength=&#8221;0.3&#8243; shape_divider_position=&#8221;bottom&#8221; shape_type=&#8221;&#8221;][vc_column column_padding=&#8221;no-extra-padding&#8221; column_padding_position=&#8221;left-right&#8221; background_color_opacity=&#8221;1&#8243; background_hover_color_opacity=&#8221;1&#8243; column_shadow=&#8221;none&#8221; column_border_radius=&#8221;none&#8221; top_margin=&#8221;50&#8243; width=&#8221;1\/1&#8243; tablet_text_alignment=&#8221;default&#8221; phone_text_alignment=&#8221;default&#8221; column_border_width=&#8221;none&#8221; column_border_style=&#8221;solid&#8221;][vc_column_text el_class=&#8221;o-kopun-grupi&#8221;]<strong><em>TERMS AND CONDITIONS OF USE <\/em><\/strong><\/p>\n<p>The following terms and conditions apply to your use of this official website (<a href=\"http:\/\/www.kopun.hr\">www.kopun.hr<\/a>; hereinafter: website) and they must be agreed to before using the website. By using this website you indicate your agreement to be bound by these Terms and Conditions of use. If you disagree with any of this please stop using this website immediately.<\/p>\n<p><strong><em>LIMITATION OF LIABILITY \/ LINKS TO EXTERNAL WEBSITES <\/em><\/strong><\/p>\n<p>This website together with its content is provided\u00a0 \u00b4\u00b4as is\u00b4\u00b4 and therefore Kopun Group is not responsible for the contents or reliability of any other website to which it provides link. Any link to other websites does not necessarily endorse the views expressed with them. Updates and modifications to the content can be posted at any time without any notification. We are not responsible for any consequences that arise of you linking to any other website to which we provide link, and we exclude any liability for damages or other losses arising from your reliance on our Website.<\/p>\n<p><strong><em>NO ATTORNEY ADVICE <\/em><\/strong><\/p>\n<p>Any legal opinions, articles, news bit or other informations are provided solely for informational purpuse and does not substitute any legal services provided by attorney, nor does it create attorney-client relationship between us and you.<\/p>\n<p><strong><em>COPYRIGHT NOTICE<\/em><\/strong><\/p>\n<p>All content and rights ond this Website are reserved. You are allowed to use, reproduce and redistribute all of the contenet of this website, but only for your personal and non commercial use, otherwise, unless you are providede with prior written promition from Kopun Group this actions are prohibited for all of the content of the website or any material in which Kopun Group owns copyright.<\/p>\n<p><strong><em>GENERAL \/ APPLICABLE LAW AND JURISDICTION <\/em><\/strong><\/p>\n<p>Any unauthorized use of thie website may be legal basis for damages or any other legal claim arising from it.<br \/>\nThis Terms and Conditions of use are governed by Croatian law and any disputes arising from this Terms and Conditions will be subjectct to the exclusive jurisdiction in the competent court in Zagreb.<br \/>\n(Bilo kakvo neovla\u0161teno kori\u0161tenje ovih web stranica mo\u017ee biti pravna osnova za naknadu \u0161tete ili bilo koju drugu pravnu radnju koja proizlazi iz istog.<br \/>\nZa ove web stranice te pravila i uvjete kori\u0161tenja mjerodavno je hrvatsko pravo. U slu\u010daju spora koji proiza\u0111e iz istih odre\u0111uje se nadle\u017enost stvarno nadle\u017enog suda u Zagrebu.)<\/p>\n<p><strong><em>NEXIA DISCLAIMER<\/em><\/strong><strong><em>\u00a0<\/em><\/strong><\/p>\n<p>Kopun Group is a member firm of the \u201cNexia International\u201d network.<\/p>\n<p>Nexia International is a leading worldwide network of independent accounting and consulting firms, providing a comprehensive portfolio of audit, accountancy, tax and advisory services.<\/p>\n<p>\u201cNexia International\u201d also refers to the trading name of Nexia International Limited, a company registered in the Isle of Man, which operates the Nexia International network. Company registration number: 53513C. Registered\u00a0office: 1st floor, Sixty Circular Road, Douglas, Isle of Man, IM1 1SA.<\/p>\n<p>Nexia International Limited does not deliver services in its own name or otherwise. Nexia International Limited and the member firms of the Nexia International network (including those members which trade under a name which includes the word NEXIA) are not part of a worldwide partnership. Nexia International Limited does not accept any responsibility for the commission of any act, or omission to act by, or the liabilities of, any of its members. Each member firm within the Nexia International network is a separate legal entity.<\/p>\n<p>Nexia International Limited does not accept liability for any loss arising from any action taken, or omission, on the basis of the content on this website or any documentation and external links provided.<\/p>\n<p>The trade marks NEXIA INTERNATIONAL, NEXIA and the NEXIA logo are owned by Nexia International Limited and used under licence. References to Nexia or Nexia International are to Nexia International Limited or to the \u201cNexia International\u201d network of firms, as the context may dictate.<\/p>\n<p><strong><em>KOPUN GROUP:<\/em><\/strong><br \/>\n[one_half]\n<p><strong>Company name:<br \/>\n<\/strong>Kopun i Kopun d.o.o.<\/p>\n<p><strong>Registered seat:<\/strong><br \/>\nTrg \u017ertava fa\u0161izma\u00a0 14, 10 000 Zagreb<\/p>\n<p><strong>Court register, registration number, PIN:<\/strong><br \/>\nCommercial court in Zagreb,<br \/>\nRN: 080200145,<br \/>\nPIN: 55038564598<br \/>\n[\/one_half][one_half]\n<p><strong>Company name:<br \/>\n<\/strong>Kopun revizije d.o.o.<\/p>\n<p><strong>Registered seat:<\/strong><br \/>\nTrg \u017ertava fa\u0161izma 14, 10 000 Zagreb<\/p>\n<p><strong>Court register, registration number, PIN:<\/strong><br \/>\nCommercial court in Zagreb,<br \/>\nRN: 080108173<br \/>\nPIN: 07933708965<br \/>\n[\/one_half][\/vc_column_text][\/vc_column][\/vc_row]\n","protected":false},"excerpt":{"rendered":"<p>[vc_row type=&#8221;full_width_background&#8221; full_screen_row_position=&#8221;middle&#8221; bg_color=&#8221;#ffffff&#8221; scene_position=&#8221;center&#8221; text_color=&#8221;dark&#8221; text_align=&#8221;left&#8221; bottom_padding=&#8221;50&#8243; overlay_strength=&#8221;0.3&#8243; shape_divider_position=&#8221;bottom&#8221; shape_type=&#8221;&#8221;][vc_column column_padding=&#8221;no-extra-padding&#8221; column_padding_position=&#8221;left-right&#8221; background_color_opacity=&#8221;1&#8243; background_hover_color_opacity=&#8221;1&#8243; column_shadow=&#8221;none&#8221; column_border_radius=&#8221;none&#8221; top_margin=&#8221;50&#8243; width=&#8221;1\/1&#8243; tablet_text_alignment=&#8221;default&#8221; phone_text_alignment=&#8221;default&#8221; column_border_width=&#8221;none&#8221; column_border_style=&#8221;solid&#8221;][vc_column_text el_class=&#8221;o-kopun-grupi&#8221;]TERMS AND CONDITIONS OF USE The following&#8230;<\/p>\n","protected":false},"author":1,"featured_media":0,"parent":0,"menu_order":0,"comment_status":"closed","ping_status":"closed","template":"page-sidebar.php","meta":{"footnotes":""},"class_list":["post-786","page","type-page","status-publish"],"yoast_head":"<!-- This site is optimized with the Yoast SEO Premium plugin v23.0 (Yoast SEO v27.3) - https:\/\/yoast.com\/product\/yoast-seo-premium-wordpress\/ -->\n<title>Legal notices | Kopun Group - Terms and conditions<\/title>\n<meta name=\"description\" content=\"Legal notices - The following terms and conditions apply to your use of this official website and they must be agreed to before using the website.\" \/>\n<meta name=\"robots\" content=\"index, follow, max-snippet:-1, max-image-preview:large, max-video-preview:-1\" \/>\n<link rel=\"canonical\" href=\"https:\/\/kopun.hr\/en\/legal-notices\/\" \/>\n<meta property=\"og:locale\" content=\"en_US\" \/>\n<meta property=\"og:type\" content=\"article\" \/>\n<meta property=\"og:title\" content=\"Legal notices\" \/>\n<meta property=\"og:description\" content=\"Legal notices - The following terms and conditions apply to your use of this official website and they must be agreed to before using the website.\" \/>\n<meta property=\"og:url\" content=\"https:\/\/kopun.hr\/en\/legal-notices\/\" \/>\n<meta property=\"og:site_name\" content=\"Kopun Group\" \/>\n<meta property=\"article:modified_time\" content=\"2018-11-19T08:21:00+00:00\" \/>\n<meta property=\"og:image\" content=\"https:\/\/kopun.hr\/wp-content\/uploads\/2020\/03\/social-share-kopun.jpg\" \/>\n\t<meta property=\"og:image:width\" content=\"1200\" \/>\n\t<meta property=\"og:image:height\" content=\"630\" \/>\n\t<meta property=\"og:image:type\" content=\"image\/jpeg\" \/>\n<meta name=\"twitter:card\" content=\"summary_large_image\" \/>\n<meta name=\"twitter:label1\" content=\"Est. reading time\" \/>\n\t<meta name=\"twitter:data1\" content=\"4 minutes\" \/>\n<script type=\"application\/ld+json\" class=\"yoast-schema-graph\">{\"@context\":\"https:\\\/\\\/schema.org\",\"@graph\":[{\"@type\":\"WebPage\",\"@id\":\"https:\\\/\\\/kopun.hr\\\/en\\\/legal-notices\\\/\",\"url\":\"https:\\\/\\\/kopun.hr\\\/en\\\/legal-notices\\\/\",\"name\":\"Legal notices | Kopun Group - Terms and conditions\",\"isPartOf\":{\"@id\":\"https:\\\/\\\/kopun.hr\\\/#website\"},\"datePublished\":\"2018-11-13T14:28:47+00:00\",\"dateModified\":\"2018-11-19T08:21:00+00:00\",\"description\":\"Legal notices - The following terms and conditions apply to your use of this official website and they must be agreed to before using the website.\",\"breadcrumb\":{\"@id\":\"https:\\\/\\\/kopun.hr\\\/en\\\/legal-notices\\\/#breadcrumb\"},\"inLanguage\":\"en-US\",\"potentialAction\":[{\"@type\":\"ReadAction\",\"target\":[\"https:\\\/\\\/kopun.hr\\\/en\\\/legal-notices\\\/\"]}]},{\"@type\":\"BreadcrumbList\",\"@id\":\"https:\\\/\\\/kopun.hr\\\/en\\\/legal-notices\\\/#breadcrumb\",\"itemListElement\":[{\"@type\":\"ListItem\",\"position\":1,\"name\":\"Home\",\"item\":\"https:\\\/\\\/kopun.hr\\\/en\\\/\"},{\"@type\":\"ListItem\",\"position\":2,\"name\":\"Legal notices\"}]},{\"@type\":\"WebSite\",\"@id\":\"https:\\\/\\\/kopun.hr\\\/#website\",\"url\":\"https:\\\/\\\/kopun.hr\\\/\",\"name\":\"Kopun Group\",\"description\":\"Vidimo sve do zadnjeg zareza i slova zakona\",\"publisher\":{\"@id\":\"https:\\\/\\\/kopun.hr\\\/#organization\"},\"potentialAction\":[{\"@type\":\"SearchAction\",\"target\":{\"@type\":\"EntryPoint\",\"urlTemplate\":\"https:\\\/\\\/kopun.hr\\\/?s={search_term_string}\"},\"query-input\":{\"@type\":\"PropertyValueSpecification\",\"valueRequired\":true,\"valueName\":\"search_term_string\"}}],\"inLanguage\":\"en-US\"},{\"@type\":\"Organization\",\"@id\":\"https:\\\/\\\/kopun.hr\\\/#organization\",\"name\":\"Kopun Group\",\"url\":\"https:\\\/\\\/kopun.hr\\\/\",\"logo\":{\"@type\":\"ImageObject\",\"inLanguage\":\"en-US\",\"@id\":\"https:\\\/\\\/kopun.hr\\\/#\\\/schema\\\/logo\\\/image\\\/\",\"url\":\"https:\\\/\\\/kopun.hr\\\/wp-content\\\/uploads\\\/2018\\\/04\\\/Logo-Kopun-Group-icon-color.png\",\"contentUrl\":\"https:\\\/\\\/kopun.hr\\\/wp-content\\\/uploads\\\/2018\\\/04\\\/Logo-Kopun-Group-icon-color.png\",\"width\":540,\"height\":540,\"caption\":\"Kopun Group\"},\"image\":{\"@id\":\"https:\\\/\\\/kopun.hr\\\/#\\\/schema\\\/logo\\\/image\\\/\"},\"sameAs\":[\"https:\\\/\\\/www.linkedin.com\\\/company\\\/kopun-group\\\/\"]}]}<\/script>\n<!-- \/ Yoast SEO Premium plugin. -->","yoast_head_json":{"title":"Legal notices | Kopun Group - Terms and conditions","description":"Legal notices - The following terms and conditions apply to your use of this official website and they must be agreed to before using the website.","robots":{"index":"index","follow":"follow","max-snippet":"max-snippet:-1","max-image-preview":"max-image-preview:large","max-video-preview":"max-video-preview:-1"},"canonical":"https:\/\/kopun.hr\/en\/legal-notices\/","og_locale":"en_US","og_type":"article","og_title":"Legal notices","og_description":"Legal notices - The following terms and conditions apply to your use of this official website and they must be agreed to before using the website.","og_url":"https:\/\/kopun.hr\/en\/legal-notices\/","og_site_name":"Kopun Group","article_modified_time":"2018-11-19T08:21:00+00:00","og_image":[{"width":1200,"height":630,"url":"https:\/\/kopun.hr\/wp-content\/uploads\/2020\/03\/social-share-kopun.jpg","type":"image\/jpeg"}],"twitter_card":"summary_large_image","twitter_misc":{"Est. reading time":"4 minutes"},"schema":{"@context":"https:\/\/schema.org","@graph":[{"@type":"WebPage","@id":"https:\/\/kopun.hr\/en\/legal-notices\/","url":"https:\/\/kopun.hr\/en\/legal-notices\/","name":"Legal notices | Kopun Group - Terms and conditions","isPartOf":{"@id":"https:\/\/kopun.hr\/#website"},"datePublished":"2018-11-13T14:28:47+00:00","dateModified":"2018-11-19T08:21:00+00:00","description":"Legal notices - The following terms and conditions apply to your use of this official website and they must be agreed to before using the website.","breadcrumb":{"@id":"https:\/\/kopun.hr\/en\/legal-notices\/#breadcrumb"},"inLanguage":"en-US","potentialAction":[{"@type":"ReadAction","target":["https:\/\/kopun.hr\/en\/legal-notices\/"]}]},{"@type":"BreadcrumbList","@id":"https:\/\/kopun.hr\/en\/legal-notices\/#breadcrumb","itemListElement":[{"@type":"ListItem","position":1,"name":"Home","item":"https:\/\/kopun.hr\/en\/"},{"@type":"ListItem","position":2,"name":"Legal notices"}]},{"@type":"WebSite","@id":"https:\/\/kopun.hr\/#website","url":"https:\/\/kopun.hr\/","name":"Kopun Group","description":"Vidimo sve do zadnjeg zareza i slova zakona","publisher":{"@id":"https:\/\/kopun.hr\/#organization"},"potentialAction":[{"@type":"SearchAction","target":{"@type":"EntryPoint","urlTemplate":"https:\/\/kopun.hr\/?s={search_term_string}"},"query-input":{"@type":"PropertyValueSpecification","valueRequired":true,"valueName":"search_term_string"}}],"inLanguage":"en-US"},{"@type":"Organization","@id":"https:\/\/kopun.hr\/#organization","name":"Kopun Group","url":"https:\/\/kopun.hr\/","logo":{"@type":"ImageObject","inLanguage":"en-US","@id":"https:\/\/kopun.hr\/#\/schema\/logo\/image\/","url":"https:\/\/kopun.hr\/wp-content\/uploads\/2018\/04\/Logo-Kopun-Group-icon-color.png","contentUrl":"https:\/\/kopun.hr\/wp-content\/uploads\/2018\/04\/Logo-Kopun-Group-icon-color.png","width":540,"height":540,"caption":"Kopun Group"},"image":{"@id":"https:\/\/kopun.hr\/#\/schema\/logo\/image\/"},"sameAs":["https:\/\/www.linkedin.com\/company\/kopun-group\/"]}]}},"_links":{"self":[{"href":"https:\/\/kopun.hr\/en\/wp-json\/wp\/v2\/pages\/786","targetHints":{"allow":["GET"]}}],"collection":[{"href":"https:\/\/kopun.hr\/en\/wp-json\/wp\/v2\/pages"}],"about":[{"href":"https:\/\/kopun.hr\/en\/wp-json\/wp\/v2\/types\/page"}],"author":[{"embeddable":true,"href":"https:\/\/kopun.hr\/en\/wp-json\/wp\/v2\/users\/1"}],"replies":[{"embeddable":true,"href":"https:\/\/kopun.hr\/en\/wp-json\/wp\/v2\/comments?post=786"}],"version-history":[{"count":0,"href":"https:\/\/kopun.hr\/en\/wp-json\/wp\/v2\/pages\/786\/revisions"}],"wp:attachment":[{"href":"https:\/\/kopun.hr\/en\/wp-json\/wp\/v2\/media?parent=786"}],"curies":[{"name":"wp","href":"https:\/\/api.w.org\/{rel}","templated":true}]}}