{"id":1156,"date":"2016-07-26T19:13:56","date_gmt":"2016-07-26T19:13:56","guid":{"rendered":"https:\/\/kopun.hr\/nexia-international\/"},"modified":"2024-05-17T07:23:35","modified_gmt":"2024-05-17T07:23:35","slug":"nexia-international","status":"publish","type":"page","link":"https:\/\/kopun.hr\/de\/nexia-international\/","title":{"rendered":"Nexia International"},"content":{"rendered":"[vc_row type=&#8220;full_width_background&#8220; full_screen_row_position=&#8220;middle&#8220; column_margin=&#8220;default&#8220; column_direction=&#8220;default&#8220; column_direction_tablet=&#8220;default&#8220; column_direction_phone=&#8220;default&#8220; scene_position=&#8220;center&#8220; top_padding=&#8220;30&#8243; text_color=&#8220;dark&#8220; text_align=&#8220;left&#8220; row_border_radius=&#8220;none&#8220; row_border_radius_applies=&#8220;bg&#8220; overlay_strength=&#8220;0.3&#8243; gradient_direction=&#8220;left_to_right&#8220; shape_divider_position=&#8220;bottom&#8220; bg_image_animation=&#8220;none&#8220; shape_type=&#8220;&#8220;][vc_column column_padding=&#8220;no-extra-padding&#8220; column_padding_tablet=&#8220;inherit&#8220; column_padding_phone=&#8220;inherit&#8220; column_padding_position=&#8220;all&#8220; background_color_opacity=&#8220;1&#8243; background_hover_color_opacity=&#8220;1&#8243; column_shadow=&#8220;none&#8220; column_border_radius=&#8220;none&#8220; column_link_target=&#8220;_self&#8220; gradient_direction=&#8220;left_to_right&#8220; overlay_strength=&#8220;0.3&#8243; width=&#8220;1\/6&#8243; tablet_width_inherit=&#8220;default&#8220; tablet_text_alignment=&#8220;default&#8220; phone_text_alignment=&#8220;default&#8220; column_border_width=&#8220;none&#8220; column_border_style=&#8220;solid&#8220; bg_image_animation=&#8220;none&#8220;][\/vc_column][vc_column column_padding=&#8220;no-extra-padding&#8220; column_padding_tablet=&#8220;inherit&#8220; column_padding_phone=&#8220;inherit&#8220; column_padding_position=&#8220;all&#8220; background_color_opacity=&#8220;1&#8243; background_hover_color_opacity=&#8220;1&#8243; column_shadow=&#8220;none&#8220; column_border_radius=&#8220;none&#8220; column_link_target=&#8220;_self&#8220; boxed=&#8220;true&#8220; gradient_direction=&#8220;left_to_right&#8220; overlay_strength=&#8220;0.3&#8243; width=&#8220;2\/3&#8243; tablet_width_inherit=&#8220;default&#8220; tablet_text_alignment=&#8220;default&#8220; phone_text_alignment=&#8220;default&#8220; column_border_width=&#8220;none&#8220; column_border_style=&#8220;solid&#8220; bg_image_animation=&#8220;none&#8220;][vc_column_text]<img loading=\"lazy\" decoding=\"async\" class=\"alignnone wp-image-11957\" style=\"padding-left: 0!important; margin-bottom: 0!important;\" src=\"https:\/\/kopun.hr\/wp-content\/uploads\/2024\/05\/Nexia_Endorsement_Blk-300x37.png\" alt=\"\" width=\"400\" height=\"49\" srcset=\"https:\/\/kopun.hr\/wp-content\/uploads\/2024\/05\/Nexia_Endorsement_Blk-300x37.png 300w, https:\/\/kopun.hr\/wp-content\/uploads\/2024\/05\/Nexia_Endorsement_Blk-1024x125.png 1024w, https:\/\/kopun.hr\/wp-content\/uploads\/2024\/05\/Nexia_Endorsement_Blk-768x94.png 768w, https:\/\/kopun.hr\/wp-content\/uploads\/2024\/05\/Nexia_Endorsement_Blk-1536x187.png 1536w, https:\/\/kopun.hr\/wp-content\/uploads\/2024\/05\/Nexia_Endorsement_Blk.png 2000w\" sizes=\"auto, (max-width: 400px) 100vw, 400px\" \/><\/p>\n<p><strong>Die Kopun Gruppe ist Mitglied bei Nexia International, einem weltweiten Netzwerk unabh\u00e4ngiger und hochwertiger Wirtschaftspr\u00fcfungs-, Steuerberatungs- und Unternehmensberatungsgesellschaften.<\/strong><\/p>\n<p>Wir bieten Zugang zu den Dienstleistungen von Nexia-Partnerfirmen in \u00fcber 115 L\u00e4ndern mit 651 B\u00fcros weltweit an. Nexia ist eines der zehn gr\u00f6\u00dften globalen Netzwerke (Quelle: IAB World Survey 2018).<\/p>\n<p>Die Mitgliedschaft der Kopun Gruppe bei Nexia International bietet unseren Kunden zahlreiche Vorteile, wie z.B. den Zugang zu internationalen Expertenpartnern sowie zu Rechnungswesen- und Steuerexperten in einer Vielzahl von L\u00e4ndern und in den weltweit f\u00fchrenden Gesch\u00e4ftszentren.<\/p>\n<p>Nexia legt besonderen Wert auf die Qualit\u00e4t seiner Mitglieder, indem regelm\u00e4\u00dfig Qualit\u00e4tskontrollen jedes Mitglieds durchgef\u00fchrt werden. Nexia f\u00f6rdert die Mitglieder zur Teilnahme an lokalen Berufsverb\u00e4nden und zur Pflichtmitgliedschaft in Berufskammern und Berufsk\u00f6rperschaften auf.<\/p>\n<p>Als Kunde der Kopun Gruppe k\u00f6nnen Sie sicher sein, dass wir f\u00fcr Sie da sind.<\/p>\n<p class=\"nexia-disclaimer\">Jederzeit k\u00f6nnen Sie auf unsere Professionalit\u00e4t, Pr\u00e4senz und unser Engagement z\u00e4hlen.<\/p>\n[\/vc_column_text][divider line_type=&#8220;No Line&#8220; custom_height=&#8220;10&#8243;][\/vc_column][vc_column column_padding=&#8220;no-extra-padding&#8220; column_padding_tablet=&#8220;inherit&#8220; column_padding_phone=&#8220;inherit&#8220; column_padding_position=&#8220;all&#8220; background_color_opacity=&#8220;1&#8243; background_hover_color_opacity=&#8220;1&#8243; column_shadow=&#8220;none&#8220; column_border_radius=&#8220;none&#8220; column_link_target=&#8220;_self&#8220; gradient_direction=&#8220;left_to_right&#8220; overlay_strength=&#8220;0.3&#8243; width=&#8220;1\/6&#8243; tablet_width_inherit=&#8220;default&#8220; tablet_text_alignment=&#8220;default&#8220; phone_text_alignment=&#8220;default&#8220; column_border_width=&#8220;none&#8220; column_border_style=&#8220;solid&#8220; bg_image_animation=&#8220;none&#8220;][\/vc_column][\/vc_row][vc_row type=&#8220;full_width_background&#8220; full_screen_row_position=&#8220;middle&#8220; column_margin=&#8220;default&#8220; column_direction=&#8220;default&#8220; column_direction_tablet=&#8220;default&#8220; column_direction_phone=&#8220;default&#8220; scene_position=&#8220;center&#8220; top_padding=&#8220;30&#8243; text_color=&#8220;dark&#8220; text_align=&#8220;left&#8220; row_border_radius=&#8220;none&#8220; row_border_radius_applies=&#8220;bg&#8220; overlay_strength=&#8220;0.3&#8243; gradient_direction=&#8220;left_to_right&#8220; shape_divider_position=&#8220;bottom&#8220; bg_image_animation=&#8220;none&#8220; shape_type=&#8220;&#8220;][vc_column column_padding=&#8220;no-extra-padding&#8220; column_padding_tablet=&#8220;inherit&#8220; column_padding_phone=&#8220;inherit&#8220; column_padding_position=&#8220;all&#8220; background_color_opacity=&#8220;1&#8243; background_hover_color_opacity=&#8220;1&#8243; column_shadow=&#8220;none&#8220; column_border_radius=&#8220;none&#8220; column_link_target=&#8220;_self&#8220; gradient_direction=&#8220;left_to_right&#8220; overlay_strength=&#8220;0.3&#8243; width=&#8220;1\/6&#8243; tablet_width_inherit=&#8220;default&#8220; tablet_text_alignment=&#8220;default&#8220; phone_text_alignment=&#8220;default&#8220; column_border_width=&#8220;none&#8220; column_border_style=&#8220;solid&#8220; bg_image_animation=&#8220;none&#8220;][\/vc_column][vc_column column_padding=&#8220;no-extra-padding&#8220; column_padding_tablet=&#8220;inherit&#8220; column_padding_phone=&#8220;inherit&#8220; column_padding_position=&#8220;all&#8220; background_color_opacity=&#8220;1&#8243; background_hover_color_opacity=&#8220;1&#8243; column_shadow=&#8220;none&#8220; column_border_radius=&#8220;none&#8220; column_link_target=&#8220;_self&#8220; boxed=&#8220;true&#8220; gradient_direction=&#8220;left_to_right&#8220; overlay_strength=&#8220;0.3&#8243; width=&#8220;2\/3&#8243; tablet_width_inherit=&#8220;default&#8220; tablet_text_alignment=&#8220;default&#8220; phone_text_alignment=&#8220;default&#8220; column_border_width=&#8220;none&#8220; column_border_style=&#8220;solid&#8220; bg_image_animation=&#8220;none&#8220;][vc_column_text]Siehe die Brosch\u00fcre:\u00a0<a href=\"https:\/\/kopun.hr\/wp-content\/uploads\/2018\/04\/CA1602-04_Nexia_Corporate_Brochure_Proof_6_2.pdf\" target=\"_blank\" rel=\"noopener noreferrer\"><strong>We are Nexia International<\/strong><\/a>[\/vc_column_text][divider line_type=&#8220;No Line&#8220; custom_height=&#8220;10&#8243;][vc_column_text]<a href=\"https:\/\/kopun.hr\/wp-content\/uploads\/2018\/04\/CA1602-04_Nexia_Corporate_Brochure_Proof_6_2.pdf\"><img loading=\"lazy\" decoding=\"async\" class=\"aligncenter size-full wp-image-514\" style=\"border: 5px solid #acacac; padding: 10px !important;\" src=\"https:\/\/kopun.hr\/wp-content\/uploads\/2018\/04\/we-are-nexia.jpg\" alt=\"\" width=\"792\" height=\"325\" srcset=\"https:\/\/kopun.hr\/wp-content\/uploads\/2018\/04\/we-are-nexia.jpg 792w, https:\/\/kopun.hr\/wp-content\/uploads\/2018\/04\/we-are-nexia-300x123.jpg 300w, https:\/\/kopun.hr\/wp-content\/uploads\/2018\/04\/we-are-nexia-768x315.jpg 768w\" sizes=\"auto, (max-width: 792px) 100vw, 792px\" \/><\/a>[\/vc_column_text][divider line_type=&#8220;No Line&#8220; custom_height=&#8220;10&#8243;][vc_column_text]\n<h2 style=\"color: #00b2a9; font-weight: 500;\">N\u00e4her zu Ihnen | Closer to you<\/h2>\n[\/vc_column_text][divider line_type=&#8220;No Line&#8220; custom_height=&#8220;10&#8243;][vc_video link=&#8220;https:\/\/www.youtube.com\/watch?v=e6d9EZIPIus&#8220; align=&#8220;center&#8220; css=&#8220;.vc_custom_1599830489034{border-top-width: 5px !important;border-right-width: 5px !important;border-bottom-width: 5px !important;border-left-width: 5px !important;padding-top: 10px !important;padding-right: 10px !important;padding-bottom: 10px !important;padding-left: 10px !important;border-left-color: #acacac !important;border-left-style: solid !important;border-right-color: #acacac !important;border-right-style: solid !important;border-top-color: #acacac !important;border-top-style: solid !important;border-bottom-color: #acacac !important;border-bottom-style: solid !important;}&#8220;][\/vc_column][vc_column column_padding=&#8220;no-extra-padding&#8220; column_padding_tablet=&#8220;inherit&#8220; column_padding_phone=&#8220;inherit&#8220; column_padding_position=&#8220;all&#8220; background_color_opacity=&#8220;1&#8243; background_hover_color_opacity=&#8220;1&#8243; column_shadow=&#8220;none&#8220; column_border_radius=&#8220;none&#8220; column_link_target=&#8220;_self&#8220; gradient_direction=&#8220;left_to_right&#8220; overlay_strength=&#8220;0.3&#8243; width=&#8220;1\/6&#8243; tablet_width_inherit=&#8220;default&#8220; tablet_text_alignment=&#8220;default&#8220; phone_text_alignment=&#8220;default&#8220; column_border_width=&#8220;none&#8220; column_border_style=&#8220;solid&#8220; bg_image_animation=&#8220;none&#8220;][\/vc_column][\/vc_row][vc_row type=&#8220;full_width_background&#8220; full_screen_row_position=&#8220;middle&#8220; column_margin=&#8220;default&#8220; column_direction=&#8220;default&#8220; column_direction_tablet=&#8220;default&#8220; column_direction_phone=&#8220;default&#8220; scene_position=&#8220;center&#8220; top_padding=&#8220;30&#8243; bottom_padding=&#8220;30&#8243; text_color=&#8220;dark&#8220; text_align=&#8220;left&#8220; row_border_radius=&#8220;none&#8220; row_border_radius_applies=&#8220;bg&#8220; overlay_strength=&#8220;0.3&#8243; gradient_direction=&#8220;left_to_right&#8220; shape_divider_position=&#8220;bottom&#8220; bg_image_animation=&#8220;none&#8220; shape_type=&#8220;&#8220;][vc_column column_padding=&#8220;no-extra-padding&#8220; column_padding_tablet=&#8220;inherit&#8220; column_padding_phone=&#8220;inherit&#8220; column_padding_position=&#8220;all&#8220; background_color_opacity=&#8220;1&#8243; background_hover_color_opacity=&#8220;1&#8243; column_shadow=&#8220;none&#8220; column_border_radius=&#8220;none&#8220; column_link_target=&#8220;_self&#8220; gradient_direction=&#8220;left_to_right&#8220; overlay_strength=&#8220;0.3&#8243; width=&#8220;1\/6&#8243; tablet_width_inherit=&#8220;default&#8220; tablet_text_alignment=&#8220;default&#8220; phone_text_alignment=&#8220;default&#8220; column_border_width=&#8220;none&#8220; column_border_style=&#8220;solid&#8220; bg_image_animation=&#8220;none&#8220;][\/vc_column][vc_column column_padding=&#8220;no-extra-padding&#8220; column_padding_tablet=&#8220;inherit&#8220; column_padding_phone=&#8220;inherit&#8220; column_padding_position=&#8220;all&#8220; background_color_opacity=&#8220;1&#8243; background_hover_color_opacity=&#8220;1&#8243; column_shadow=&#8220;none&#8220; column_border_radius=&#8220;none&#8220; column_link_target=&#8220;_self&#8220; boxed=&#8220;true&#8220; gradient_direction=&#8220;left_to_right&#8220; overlay_strength=&#8220;0.3&#8243; width=&#8220;2\/3&#8243; tablet_width_inherit=&#8220;default&#8220; tablet_text_alignment=&#8220;default&#8220; phone_text_alignment=&#8220;default&#8220; column_border_width=&#8220;none&#8220; column_border_style=&#8220;solid&#8220; bg_image_animation=&#8220;none&#8220;][vc_column_text]<strong>Ein aktives Netzwerk:<\/strong><br \/>\nNexia International ist ein hochaktives Netzwerk, das Qualit\u00e4t f\u00f6rdert und die Zusammenarbeit erleichtert, damit seine Mitgliedsfirmen effiziente lokale und globale L\u00f6sungen anbieten k\u00f6nnen.<\/p>\n<p><strong>Partnergef\u00fchrtes Service:<\/strong><br \/>\nNexia-Mitgliedsfirmen bieten ihren Kunden ein Partner-Service an, das Kontinuit\u00e4t, Fachwissen und ein tiefes Verst\u00e4ndnis f\u00fcr das Gesch\u00e4ft des Kunden gew\u00e4hrleistet.<\/p>\n<p><strong>Gesch\u00e4ftst\u00fcchtig:<\/strong><br \/>\nNexia-Mitgliedsunternehmen zeichnen sich durch unternehmerisch orientierte Menschen aus, die enge Beziehungen zu KMUs und inhabergef\u00fchrten Unternehmen haben.<\/p>\n<p><strong>Unterst\u00fctzung des internationalen Wachstums:<\/strong><br \/>\nNexia-Firmen sind darauf ausgerichtet, lokale Unternehmen bei ihrem Wachstum zu unterst\u00fctzen. Durch das Netzwerk von Nexia International k\u00f6nnen Sie Ihren Kunden auch helfen, neue internationale M\u00e4rkte zu erschlie\u00dfen.[\/vc_column_text][divider line_type=&#8220;No Line&#8220; custom_height=&#8220;10&#8243;][\/vc_column][vc_column column_padding=&#8220;no-extra-padding&#8220; column_padding_tablet=&#8220;inherit&#8220; column_padding_phone=&#8220;inherit&#8220; column_padding_position=&#8220;all&#8220; background_color_opacity=&#8220;1&#8243; background_hover_color_opacity=&#8220;1&#8243; column_shadow=&#8220;none&#8220; column_border_radius=&#8220;none&#8220; column_link_target=&#8220;_self&#8220; gradient_direction=&#8220;left_to_right&#8220; overlay_strength=&#8220;0.3&#8243; width=&#8220;1\/6&#8243; tablet_width_inherit=&#8220;default&#8220; tablet_text_alignment=&#8220;default&#8220; phone_text_alignment=&#8220;default&#8220; column_border_width=&#8220;none&#8220; column_border_style=&#8220;solid&#8220; bg_image_animation=&#8220;none&#8220;][\/vc_column][\/vc_row]\n","protected":false},"excerpt":{"rendered":"<p>[vc_row type=&#8220;full_width_background&#8220; full_screen_row_position=&#8220;middle&#8220; column_margin=&#8220;default&#8220; column_direction=&#8220;default&#8220; column_direction_tablet=&#8220;default&#8220; column_direction_phone=&#8220;default&#8220; scene_position=&#8220;center&#8220; top_padding=&#8220;30&#8243; text_color=&#8220;dark&#8220; text_align=&#8220;left&#8220; row_border_radius=&#8220;none&#8220; row_border_radius_applies=&#8220;bg&#8220; overlay_strength=&#8220;0.3&#8243; gradient_direction=&#8220;left_to_right&#8220; shape_divider_position=&#8220;bottom&#8220; bg_image_animation=&#8220;none&#8220; shape_type=&#8220;&#8220;][vc_column column_padding=&#8220;no-extra-padding&#8220; column_padding_tablet=&#8220;inherit&#8220; column_padding_phone=&#8220;inherit&#8220; column_padding_position=&#8220;all&#8220; background_color_opacity=&#8220;1&#8243; background_hover_color_opacity=&#8220;1&#8243; column_shadow=&#8220;none&#8220; column_border_radius=&#8220;none&#8220; column_link_target=&#8220;_self&#8220; gradient_direction=&#8220;left_to_right&#8220; overlay_strength=&#8220;0.3&#8243; width=&#8220;1\/6&#8243;&#8230;<\/p>\n","protected":false},"author":1,"featured_media":0,"parent":0,"menu_order":0,"comment_status":"closed","ping_status":"closed","template":"","meta":{"footnotes":""},"class_list":["post-1156","page","type-page","status-publish"],"yoast_head":"<!-- This site is optimized with the Yoast SEO Premium plugin v23.0 (Yoast SEO v27.3) - https:\/\/yoast.com\/product\/yoast-seo-premium-wordpress\/ -->\n<title>Nexia International - N\u00e4her zu Ihnen | Kopun Gruppe<\/title>\n<meta name=\"description\" content=\"Die Kopun Gruppe ist Mitglied bei Nexia International, einem weltweiten Netzwerk unabh\u00e4ngiger und hochwertiger Wirtschaftspr\u00fcfungs-, Steuerberatungs...\" \/>\n<meta name=\"robots\" content=\"index, follow, max-snippet:-1, max-image-preview:large, max-video-preview:-1\" \/>\n<link rel=\"canonical\" href=\"https:\/\/kopun.hr\/de\/nexia-international\/\" \/>\n<meta property=\"og:locale\" content=\"de_DE\" \/>\n<meta property=\"og:type\" content=\"article\" \/>\n<meta property=\"og:title\" content=\"Nexia International\" \/>\n<meta property=\"og:description\" content=\"Die Kopun Gruppe ist Mitglied bei Nexia International, einem weltweiten Netzwerk unabh\u00e4ngiger und hochwertiger Wirtschaftspr\u00fcfungs-, Steuerberatungs...\" \/>\n<meta property=\"og:url\" content=\"https:\/\/kopun.hr\/de\/nexia-international\/\" \/>\n<meta property=\"og:site_name\" content=\"Kopun Group\" \/>\n<meta property=\"article:modified_time\" content=\"2024-05-17T07:23:35+00:00\" \/>\n<meta property=\"og:image\" content=\"https:\/\/kopun.hr\/wp-content\/uploads\/2024\/05\/Nexia_Endorsement_Blk-300x37.png\" \/>\n<meta name=\"twitter:card\" content=\"summary_large_image\" \/>\n<meta name=\"twitter:label1\" content=\"Gesch\u00e4tzte Lesezeit\" \/>\n\t<meta name=\"twitter:data1\" content=\"6\u00a0Minuten\" \/>\n<script type=\"application\/ld+json\" class=\"yoast-schema-graph\">{\"@context\":\"https:\\\/\\\/schema.org\",\"@graph\":[{\"@type\":\"WebPage\",\"@id\":\"https:\\\/\\\/kopun.hr\\\/de\\\/nexia-international\\\/\",\"url\":\"https:\\\/\\\/kopun.hr\\\/de\\\/nexia-international\\\/\",\"name\":\"Nexia International - N\u00e4her zu Ihnen | Kopun Gruppe\",\"isPartOf\":{\"@id\":\"https:\\\/\\\/kopun.hr\\\/#website\"},\"primaryImageOfPage\":{\"@id\":\"https:\\\/\\\/kopun.hr\\\/de\\\/nexia-international\\\/#primaryimage\"},\"image\":{\"@id\":\"https:\\\/\\\/kopun.hr\\\/de\\\/nexia-international\\\/#primaryimage\"},\"thumbnailUrl\":\"https:\\\/\\\/kopun.hr\\\/wp-content\\\/uploads\\\/2024\\\/05\\\/Nexia_Endorsement_Blk-300x37.png\",\"datePublished\":\"2016-07-26T19:13:56+00:00\",\"dateModified\":\"2024-05-17T07:23:35+00:00\",\"description\":\"Die Kopun Gruppe ist Mitglied bei Nexia International, einem weltweiten Netzwerk unabh\u00e4ngiger und hochwertiger Wirtschaftspr\u00fcfungs-, Steuerberatungs...\",\"breadcrumb\":{\"@id\":\"https:\\\/\\\/kopun.hr\\\/de\\\/nexia-international\\\/#breadcrumb\"},\"inLanguage\":\"de\",\"potentialAction\":[{\"@type\":\"ReadAction\",\"target\":[\"https:\\\/\\\/kopun.hr\\\/de\\\/nexia-international\\\/\"]}]},{\"@type\":\"ImageObject\",\"inLanguage\":\"de\",\"@id\":\"https:\\\/\\\/kopun.hr\\\/de\\\/nexia-international\\\/#primaryimage\",\"url\":\"https:\\\/\\\/kopun.hr\\\/wp-content\\\/uploads\\\/2024\\\/05\\\/Nexia_Endorsement_Blk-300x37.png\",\"contentUrl\":\"https:\\\/\\\/kopun.hr\\\/wp-content\\\/uploads\\\/2024\\\/05\\\/Nexia_Endorsement_Blk-300x37.png\"},{\"@type\":\"BreadcrumbList\",\"@id\":\"https:\\\/\\\/kopun.hr\\\/de\\\/nexia-international\\\/#breadcrumb\",\"itemListElement\":[{\"@type\":\"ListItem\",\"position\":1,\"name\":\"Home\",\"item\":\"https:\\\/\\\/kopun.hr\\\/de\\\/\"},{\"@type\":\"ListItem\",\"position\":2,\"name\":\"Nexia International\"}]},{\"@type\":\"WebSite\",\"@id\":\"https:\\\/\\\/kopun.hr\\\/#website\",\"url\":\"https:\\\/\\\/kopun.hr\\\/\",\"name\":\"Kopun Group\",\"description\":\"Vidimo sve do zadnjeg zareza i slova zakona\",\"publisher\":{\"@id\":\"https:\\\/\\\/kopun.hr\\\/#organization\"},\"potentialAction\":[{\"@type\":\"SearchAction\",\"target\":{\"@type\":\"EntryPoint\",\"urlTemplate\":\"https:\\\/\\\/kopun.hr\\\/?s={search_term_string}\"},\"query-input\":{\"@type\":\"PropertyValueSpecification\",\"valueRequired\":true,\"valueName\":\"search_term_string\"}}],\"inLanguage\":\"de\"},{\"@type\":\"Organization\",\"@id\":\"https:\\\/\\\/kopun.hr\\\/#organization\",\"name\":\"Kopun Group\",\"url\":\"https:\\\/\\\/kopun.hr\\\/\",\"logo\":{\"@type\":\"ImageObject\",\"inLanguage\":\"de\",\"@id\":\"https:\\\/\\\/kopun.hr\\\/#\\\/schema\\\/logo\\\/image\\\/\",\"url\":\"https:\\\/\\\/kopun.hr\\\/wp-content\\\/uploads\\\/2018\\\/04\\\/Logo-Kopun-Group-icon-color.png\",\"contentUrl\":\"https:\\\/\\\/kopun.hr\\\/wp-content\\\/uploads\\\/2018\\\/04\\\/Logo-Kopun-Group-icon-color.png\",\"width\":540,\"height\":540,\"caption\":\"Kopun Group\"},\"image\":{\"@id\":\"https:\\\/\\\/kopun.hr\\\/#\\\/schema\\\/logo\\\/image\\\/\"},\"sameAs\":[\"https:\\\/\\\/www.linkedin.com\\\/company\\\/kopun-group\\\/\"]}]}<\/script>\n<!-- \/ Yoast SEO Premium plugin. -->","yoast_head_json":{"title":"Nexia International - N\u00e4her zu Ihnen | Kopun Gruppe","description":"Die Kopun Gruppe ist Mitglied bei Nexia International, einem weltweiten Netzwerk unabh\u00e4ngiger und hochwertiger Wirtschaftspr\u00fcfungs-, Steuerberatungs...","robots":{"index":"index","follow":"follow","max-snippet":"max-snippet:-1","max-image-preview":"max-image-preview:large","max-video-preview":"max-video-preview:-1"},"canonical":"https:\/\/kopun.hr\/de\/nexia-international\/","og_locale":"de_DE","og_type":"article","og_title":"Nexia International","og_description":"Die Kopun Gruppe ist Mitglied bei Nexia International, einem weltweiten Netzwerk unabh\u00e4ngiger und hochwertiger Wirtschaftspr\u00fcfungs-, Steuerberatungs...","og_url":"https:\/\/kopun.hr\/de\/nexia-international\/","og_site_name":"Kopun Group","article_modified_time":"2024-05-17T07:23:35+00:00","og_image":[{"url":"https:\/\/kopun.hr\/wp-content\/uploads\/2024\/05\/Nexia_Endorsement_Blk-300x37.png","type":"","width":"","height":""}],"twitter_card":"summary_large_image","twitter_misc":{"Gesch\u00e4tzte Lesezeit":"6\u00a0Minuten"},"schema":{"@context":"https:\/\/schema.org","@graph":[{"@type":"WebPage","@id":"https:\/\/kopun.hr\/de\/nexia-international\/","url":"https:\/\/kopun.hr\/de\/nexia-international\/","name":"Nexia International - N\u00e4her zu Ihnen | Kopun Gruppe","isPartOf":{"@id":"https:\/\/kopun.hr\/#website"},"primaryImageOfPage":{"@id":"https:\/\/kopun.hr\/de\/nexia-international\/#primaryimage"},"image":{"@id":"https:\/\/kopun.hr\/de\/nexia-international\/#primaryimage"},"thumbnailUrl":"https:\/\/kopun.hr\/wp-content\/uploads\/2024\/05\/Nexia_Endorsement_Blk-300x37.png","datePublished":"2016-07-26T19:13:56+00:00","dateModified":"2024-05-17T07:23:35+00:00","description":"Die Kopun Gruppe ist Mitglied bei Nexia International, einem weltweiten Netzwerk unabh\u00e4ngiger und hochwertiger Wirtschaftspr\u00fcfungs-, Steuerberatungs...","breadcrumb":{"@id":"https:\/\/kopun.hr\/de\/nexia-international\/#breadcrumb"},"inLanguage":"de","potentialAction":[{"@type":"ReadAction","target":["https:\/\/kopun.hr\/de\/nexia-international\/"]}]},{"@type":"ImageObject","inLanguage":"de","@id":"https:\/\/kopun.hr\/de\/nexia-international\/#primaryimage","url":"https:\/\/kopun.hr\/wp-content\/uploads\/2024\/05\/Nexia_Endorsement_Blk-300x37.png","contentUrl":"https:\/\/kopun.hr\/wp-content\/uploads\/2024\/05\/Nexia_Endorsement_Blk-300x37.png"},{"@type":"BreadcrumbList","@id":"https:\/\/kopun.hr\/de\/nexia-international\/#breadcrumb","itemListElement":[{"@type":"ListItem","position":1,"name":"Home","item":"https:\/\/kopun.hr\/de\/"},{"@type":"ListItem","position":2,"name":"Nexia International"}]},{"@type":"WebSite","@id":"https:\/\/kopun.hr\/#website","url":"https:\/\/kopun.hr\/","name":"Kopun Group","description":"Vidimo sve do zadnjeg zareza i slova zakona","publisher":{"@id":"https:\/\/kopun.hr\/#organization"},"potentialAction":[{"@type":"SearchAction","target":{"@type":"EntryPoint","urlTemplate":"https:\/\/kopun.hr\/?s={search_term_string}"},"query-input":{"@type":"PropertyValueSpecification","valueRequired":true,"valueName":"search_term_string"}}],"inLanguage":"de"},{"@type":"Organization","@id":"https:\/\/kopun.hr\/#organization","name":"Kopun Group","url":"https:\/\/kopun.hr\/","logo":{"@type":"ImageObject","inLanguage":"de","@id":"https:\/\/kopun.hr\/#\/schema\/logo\/image\/","url":"https:\/\/kopun.hr\/wp-content\/uploads\/2018\/04\/Logo-Kopun-Group-icon-color.png","contentUrl":"https:\/\/kopun.hr\/wp-content\/uploads\/2018\/04\/Logo-Kopun-Group-icon-color.png","width":540,"height":540,"caption":"Kopun Group"},"image":{"@id":"https:\/\/kopun.hr\/#\/schema\/logo\/image\/"},"sameAs":["https:\/\/www.linkedin.com\/company\/kopun-group\/"]}]}},"_links":{"self":[{"href":"https:\/\/kopun.hr\/de\/wp-json\/wp\/v2\/pages\/1156","targetHints":{"allow":["GET"]}}],"collection":[{"href":"https:\/\/kopun.hr\/de\/wp-json\/wp\/v2\/pages"}],"about":[{"href":"https:\/\/kopun.hr\/de\/wp-json\/wp\/v2\/types\/page"}],"author":[{"embeddable":true,"href":"https:\/\/kopun.hr\/de\/wp-json\/wp\/v2\/users\/1"}],"replies":[{"embeddable":true,"href":"https:\/\/kopun.hr\/de\/wp-json\/wp\/v2\/comments?post=1156"}],"version-history":[{"count":0,"href":"https:\/\/kopun.hr\/de\/wp-json\/wp\/v2\/pages\/1156\/revisions"}],"wp:attachment":[{"href":"https:\/\/kopun.hr\/de\/wp-json\/wp\/v2\/media?parent=1156"}],"curies":[{"name":"wp","href":"https:\/\/api.w.org\/{rel}","templated":true}]}}