{"id":1155,"date":"2018-04-20T09:35:12","date_gmt":"2018-04-20T09:35:12","guid":{"rendered":"https:\/\/kopun.hr\/outsourcing-obracuna-placa\/"},"modified":"2020-03-27T09:06:00","modified_gmt":"2020-03-27T09:06:00","slug":"auslagerung-der-lohn-und-gehaltsabrechnung","status":"publish","type":"page","link":"https:\/\/kopun.hr\/de\/auslagerung-der-lohn-und-gehaltsabrechnung\/","title":{"rendered":"Auslagerung der Lohn- und Gehaltsabrechnung"},"content":{"rendered":"[vc_row type=&#8220;full_width_background&#8220; full_screen_row_position=&#8220;middle&#8220; bg_color=&#8220;#ffffff&#8220; scene_position=&#8220;center&#8220; text_color=&#8220;dark&#8220; text_align=&#8220;left&#8220; bottom_padding=&#8220;50&#8243; overlay_strength=&#8220;0.3&#8243; shape_divider_position=&#8220;bottom&#8220; shape_type=&#8220;&#8220;][vc_column column_padding=&#8220;no-extra-padding&#8220; column_padding_position=&#8220;left-right&#8220; background_color_opacity=&#8220;1&#8243; background_hover_color_opacity=&#8220;1&#8243; column_shadow=&#8220;none&#8220; column_border_radius=&#8220;none&#8220; top_margin=&#8220;50&#8243; width=&#8220;1\/1&#8243; tablet_text_alignment=&#8220;default&#8220; phone_text_alignment=&#8220;default&#8220; column_border_width=&#8220;none&#8220; column_border_style=&#8220;solid&#8220;][vc_column_text]\n<h2>Lohn- und Gehaltsabrechnung ohne einen Inhouse-Buchhalter<\/h2>\n<p>Egal, ob Sie einen oder hunderte Mitarbeiter haben, unsere Lohn- bzw. Gehaltsabrechnungsexperten bieten Ihnen pr\u00e4zise und flexible Abrechnungsdienstleistungen mit vollumf\u00e4nglicher Steuerunterst\u00fctzung an.<\/p>\n<p>Wir f\u00fchren jede Lohn- und Gehaltsabrechnung mit absoluter Genauigkeit, binnen gesetzter Fristen sowie unter Ber\u00fccksichtigung der Einkommensteuervorschriften und anderer relevanter Einkommens- und Beitragsvorschriften in Kroatien. Wir befolgen vollst\u00e4ndig hohe Datenschutzstandards und das Datengeheimnis.<\/p>\n<h2>Warum sollten Sie Lohn- und Gehaltsabrechnungen an die Kopun Gruppe auslagern?<\/h2>\n<p>Sparen Sie Zeit und Geld und verzichten Sie auf einen internen Sachbearbeiter f\u00fcr Ihre Lohn- und Gehaltsabrechnung! Sie m\u00fcssen auch nicht in die Nachr\u00fcstung und den Kauf von Gehaltsabrechnungssoftware investieren. Sie m\u00fcssen sich auch nicht um \u00c4nderungen der Steuervorschriften oder um Geldbu\u00dfen wegen etwaiger Verst\u00f6\u00dfe k\u00fcmmern.<\/p>\n<p>Durch die Auslagerung Ihres Rechnungswesens sowie der Lohn- und Gehaltsabrechnung k\u00f6nnen interne Kontrollen verbessert und Mechanismen zur Vorbeugung und Fr\u00fcherkennung von Betrugsf\u00e4llen eingef\u00fchrt werden.<\/p>\n<p style=\"padding-bottom: 5px;\"><strong>\u00dcberlassen Sie uns die Sorge um:<\/strong><\/p>\n<ul>\n<li>Monatliche Lohn- und Gehaltsabrechnungen, Boni und Sachleistungen, einschlie\u00dflich der R\u00fcckverg\u00fctungen und sonstiger Eink\u00fcnfte sowie Zahlungen an entsandte Arbeitnehmer.<\/li>\n<li>Ausf\u00fcllen aller erforderlichen Formulare und die Durchf\u00fchrung von Lohn- und Gehaltsabrechnungstransaktionen.<\/li>\n<li>Versenden monatlicher und j\u00e4hrlicher Lohn- und Gehaltsabrechnungen an Mitarbeiter.<\/li>\n<li>Anspr\u00fcche auf R\u00fcckerstattung aus Krankheitsstand.<\/li>\n<li>R\u00fcckstellungen f\u00fcr Jahresurlaub, Pr\u00e4mien, Jubil\u00e4umsleistungen und Pensionen.<\/li>\n<li>Behandlung von Reisekosten und die Festlegung von Verfahren und Richtlinien f\u00fcr Reisekostenrichtlinien.<\/li>\n<li>Beratung in rechtlichen und steuerlichen Fragen bez\u00fcglich der Arbeitsgesetzgebung, der Krankenversicherung und der Pensionsversicherung sowie der Quellensteuer.<\/li>\n<\/ul>\n[\/vc_column_text][nectar_btn size=&#8220;large&#8220; button_style=&#8220;regular&#8220; button_color_2=&#8220;Accent-Color&#8220; icon_family=&#8220;none&#8220; url=&#8220;#sidebar&#8220; text=&#8220;Sprechen Sie uns an&#8220; margin_top=&#8220;50&#8243;][\/vc_column][\/vc_row]\n","protected":false},"excerpt":{"rendered":"<p>[vc_row type=&#8220;full_width_background&#8220; full_screen_row_position=&#8220;middle&#8220; bg_color=&#8220;#ffffff&#8220; scene_position=&#8220;center&#8220; text_color=&#8220;dark&#8220; text_align=&#8220;left&#8220; bottom_padding=&#8220;50&#8243; overlay_strength=&#8220;0.3&#8243; shape_divider_position=&#8220;bottom&#8220; shape_type=&#8220;&#8220;][vc_column column_padding=&#8220;no-extra-padding&#8220; column_padding_position=&#8220;left-right&#8220; background_color_opacity=&#8220;1&#8243; background_hover_color_opacity=&#8220;1&#8243; column_shadow=&#8220;none&#8220; column_border_radius=&#8220;none&#8220; top_margin=&#8220;50&#8243; width=&#8220;1\/1&#8243; tablet_text_alignment=&#8220;default&#8220; phone_text_alignment=&#8220;default&#8220; column_border_width=&#8220;none&#8220; column_border_style=&#8220;solid&#8220;][vc_column_text] Lohn- und Gehaltsabrechnung ohne einen Inhouse-Buchhalter Egal,&#8230;<\/p>\n","protected":false},"author":1,"featured_media":0,"parent":0,"menu_order":0,"comment_status":"closed","ping_status":"closed","template":"page-sidebar.php","meta":{"footnotes":""},"class_list":["post-1155","page","type-page","status-publish"],"yoast_head":"<!-- This site is optimized with the Yoast SEO Premium plugin v23.0 (Yoast SEO v27.3) - https:\/\/yoast.com\/product\/yoast-seo-premium-wordpress\/ -->\n<title>Auslagerung der Lohn- und Gehaltsabrechnung | Kopun Gruppe<\/title>\n<meta name=\"description\" content=\"Wir f\u00fchren jede Lohn- und Gehaltsabrechnung mit absoluter Genauigkeit, binnen gesetzter Fristen sowie unter Ber\u00fccksichtigung der Einkommensteuervorschriften\" \/>\n<meta name=\"robots\" content=\"index, follow, max-snippet:-1, max-image-preview:large, max-video-preview:-1\" \/>\n<link rel=\"canonical\" href=\"https:\/\/kopun.hr\/de\/auslagerung-der-lohn-und-gehaltsabrechnung\/\" \/>\n<meta property=\"og:locale\" content=\"de_DE\" \/>\n<meta property=\"og:type\" content=\"article\" \/>\n<meta property=\"og:title\" content=\"Auslagerung der Lohn- und Gehaltsabrechnung\" \/>\n<meta property=\"og:description\" content=\"Wir f\u00fchren jede Lohn- und Gehaltsabrechnung mit absoluter Genauigkeit, binnen gesetzter Fristen sowie unter Ber\u00fccksichtigung der Einkommensteuervorschriften\" \/>\n<meta property=\"og:url\" content=\"https:\/\/kopun.hr\/de\/auslagerung-der-lohn-und-gehaltsabrechnung\/\" \/>\n<meta property=\"og:site_name\" content=\"Kopun Group\" \/>\n<meta property=\"article:modified_time\" content=\"2020-03-27T09:06:00+00:00\" \/>\n<meta property=\"og:image\" content=\"https:\/\/kopun.hr\/wp-content\/uploads\/2020\/03\/social-share-kopun.jpg\" \/>\n\t<meta property=\"og:image:width\" content=\"1200\" \/>\n\t<meta property=\"og:image:height\" content=\"630\" \/>\n\t<meta property=\"og:image:type\" content=\"image\/jpeg\" \/>\n<meta name=\"twitter:card\" content=\"summary_large_image\" \/>\n<meta name=\"twitter:label1\" content=\"Gesch\u00e4tzte Lesezeit\" \/>\n\t<meta name=\"twitter:data1\" content=\"2\u00a0Minuten\" \/>\n<script type=\"application\/ld+json\" class=\"yoast-schema-graph\">{\"@context\":\"https:\\\/\\\/schema.org\",\"@graph\":[{\"@type\":\"WebPage\",\"@id\":\"https:\\\/\\\/kopun.hr\\\/de\\\/auslagerung-der-lohn-und-gehaltsabrechnung\\\/\",\"url\":\"https:\\\/\\\/kopun.hr\\\/de\\\/auslagerung-der-lohn-und-gehaltsabrechnung\\\/\",\"name\":\"Auslagerung der Lohn- und Gehaltsabrechnung | Kopun Gruppe\",\"isPartOf\":{\"@id\":\"https:\\\/\\\/kopun.hr\\\/#website\"},\"datePublished\":\"2018-04-20T09:35:12+00:00\",\"dateModified\":\"2020-03-27T09:06:00+00:00\",\"description\":\"Wir f\u00fchren jede Lohn- und Gehaltsabrechnung mit absoluter Genauigkeit, binnen gesetzter Fristen sowie unter Ber\u00fccksichtigung der Einkommensteuervorschriften\",\"breadcrumb\":{\"@id\":\"https:\\\/\\\/kopun.hr\\\/de\\\/auslagerung-der-lohn-und-gehaltsabrechnung\\\/#breadcrumb\"},\"inLanguage\":\"de\",\"potentialAction\":[{\"@type\":\"ReadAction\",\"target\":[\"https:\\\/\\\/kopun.hr\\\/de\\\/auslagerung-der-lohn-und-gehaltsabrechnung\\\/\"]}]},{\"@type\":\"BreadcrumbList\",\"@id\":\"https:\\\/\\\/kopun.hr\\\/de\\\/auslagerung-der-lohn-und-gehaltsabrechnung\\\/#breadcrumb\",\"itemListElement\":[{\"@type\":\"ListItem\",\"position\":1,\"name\":\"Home\",\"item\":\"https:\\\/\\\/kopun.hr\\\/de\\\/\"},{\"@type\":\"ListItem\",\"position\":2,\"name\":\"Auslagerung der Lohn- und Gehaltsabrechnung\"}]},{\"@type\":\"WebSite\",\"@id\":\"https:\\\/\\\/kopun.hr\\\/#website\",\"url\":\"https:\\\/\\\/kopun.hr\\\/\",\"name\":\"Kopun Group\",\"description\":\"Vidimo sve do zadnjeg zareza i slova zakona\",\"publisher\":{\"@id\":\"https:\\\/\\\/kopun.hr\\\/#organization\"},\"potentialAction\":[{\"@type\":\"SearchAction\",\"target\":{\"@type\":\"EntryPoint\",\"urlTemplate\":\"https:\\\/\\\/kopun.hr\\\/?s={search_term_string}\"},\"query-input\":{\"@type\":\"PropertyValueSpecification\",\"valueRequired\":true,\"valueName\":\"search_term_string\"}}],\"inLanguage\":\"de\"},{\"@type\":\"Organization\",\"@id\":\"https:\\\/\\\/kopun.hr\\\/#organization\",\"name\":\"Kopun Group\",\"url\":\"https:\\\/\\\/kopun.hr\\\/\",\"logo\":{\"@type\":\"ImageObject\",\"inLanguage\":\"de\",\"@id\":\"https:\\\/\\\/kopun.hr\\\/#\\\/schema\\\/logo\\\/image\\\/\",\"url\":\"https:\\\/\\\/kopun.hr\\\/wp-content\\\/uploads\\\/2018\\\/04\\\/Logo-Kopun-Group-icon-color.png\",\"contentUrl\":\"https:\\\/\\\/kopun.hr\\\/wp-content\\\/uploads\\\/2018\\\/04\\\/Logo-Kopun-Group-icon-color.png\",\"width\":540,\"height\":540,\"caption\":\"Kopun Group\"},\"image\":{\"@id\":\"https:\\\/\\\/kopun.hr\\\/#\\\/schema\\\/logo\\\/image\\\/\"},\"sameAs\":[\"https:\\\/\\\/www.linkedin.com\\\/company\\\/kopun-group\\\/\"]}]}<\/script>\n<!-- \/ Yoast SEO Premium plugin. -->","yoast_head_json":{"title":"Auslagerung der Lohn- und Gehaltsabrechnung | Kopun Gruppe","description":"Wir f\u00fchren jede Lohn- und Gehaltsabrechnung mit absoluter Genauigkeit, binnen gesetzter Fristen sowie unter Ber\u00fccksichtigung der Einkommensteuervorschriften","robots":{"index":"index","follow":"follow","max-snippet":"max-snippet:-1","max-image-preview":"max-image-preview:large","max-video-preview":"max-video-preview:-1"},"canonical":"https:\/\/kopun.hr\/de\/auslagerung-der-lohn-und-gehaltsabrechnung\/","og_locale":"de_DE","og_type":"article","og_title":"Auslagerung der Lohn- und Gehaltsabrechnung","og_description":"Wir f\u00fchren jede Lohn- und Gehaltsabrechnung mit absoluter Genauigkeit, binnen gesetzter Fristen sowie unter Ber\u00fccksichtigung der Einkommensteuervorschriften","og_url":"https:\/\/kopun.hr\/de\/auslagerung-der-lohn-und-gehaltsabrechnung\/","og_site_name":"Kopun Group","article_modified_time":"2020-03-27T09:06:00+00:00","og_image":[{"width":1200,"height":630,"url":"https:\/\/kopun.hr\/wp-content\/uploads\/2020\/03\/social-share-kopun.jpg","type":"image\/jpeg"}],"twitter_card":"summary_large_image","twitter_misc":{"Gesch\u00e4tzte Lesezeit":"2\u00a0Minuten"},"schema":{"@context":"https:\/\/schema.org","@graph":[{"@type":"WebPage","@id":"https:\/\/kopun.hr\/de\/auslagerung-der-lohn-und-gehaltsabrechnung\/","url":"https:\/\/kopun.hr\/de\/auslagerung-der-lohn-und-gehaltsabrechnung\/","name":"Auslagerung der Lohn- und Gehaltsabrechnung | Kopun Gruppe","isPartOf":{"@id":"https:\/\/kopun.hr\/#website"},"datePublished":"2018-04-20T09:35:12+00:00","dateModified":"2020-03-27T09:06:00+00:00","description":"Wir f\u00fchren jede Lohn- und Gehaltsabrechnung mit absoluter Genauigkeit, binnen gesetzter Fristen sowie unter Ber\u00fccksichtigung der Einkommensteuervorschriften","breadcrumb":{"@id":"https:\/\/kopun.hr\/de\/auslagerung-der-lohn-und-gehaltsabrechnung\/#breadcrumb"},"inLanguage":"de","potentialAction":[{"@type":"ReadAction","target":["https:\/\/kopun.hr\/de\/auslagerung-der-lohn-und-gehaltsabrechnung\/"]}]},{"@type":"BreadcrumbList","@id":"https:\/\/kopun.hr\/de\/auslagerung-der-lohn-und-gehaltsabrechnung\/#breadcrumb","itemListElement":[{"@type":"ListItem","position":1,"name":"Home","item":"https:\/\/kopun.hr\/de\/"},{"@type":"ListItem","position":2,"name":"Auslagerung der Lohn- und Gehaltsabrechnung"}]},{"@type":"WebSite","@id":"https:\/\/kopun.hr\/#website","url":"https:\/\/kopun.hr\/","name":"Kopun Group","description":"Vidimo sve do zadnjeg zareza i slova zakona","publisher":{"@id":"https:\/\/kopun.hr\/#organization"},"potentialAction":[{"@type":"SearchAction","target":{"@type":"EntryPoint","urlTemplate":"https:\/\/kopun.hr\/?s={search_term_string}"},"query-input":{"@type":"PropertyValueSpecification","valueRequired":true,"valueName":"search_term_string"}}],"inLanguage":"de"},{"@type":"Organization","@id":"https:\/\/kopun.hr\/#organization","name":"Kopun Group","url":"https:\/\/kopun.hr\/","logo":{"@type":"ImageObject","inLanguage":"de","@id":"https:\/\/kopun.hr\/#\/schema\/logo\/image\/","url":"https:\/\/kopun.hr\/wp-content\/uploads\/2018\/04\/Logo-Kopun-Group-icon-color.png","contentUrl":"https:\/\/kopun.hr\/wp-content\/uploads\/2018\/04\/Logo-Kopun-Group-icon-color.png","width":540,"height":540,"caption":"Kopun Group"},"image":{"@id":"https:\/\/kopun.hr\/#\/schema\/logo\/image\/"},"sameAs":["https:\/\/www.linkedin.com\/company\/kopun-group\/"]}]}},"_links":{"self":[{"href":"https:\/\/kopun.hr\/de\/wp-json\/wp\/v2\/pages\/1155","targetHints":{"allow":["GET"]}}],"collection":[{"href":"https:\/\/kopun.hr\/de\/wp-json\/wp\/v2\/pages"}],"about":[{"href":"https:\/\/kopun.hr\/de\/wp-json\/wp\/v2\/types\/page"}],"author":[{"embeddable":true,"href":"https:\/\/kopun.hr\/de\/wp-json\/wp\/v2\/users\/1"}],"replies":[{"embeddable":true,"href":"https:\/\/kopun.hr\/de\/wp-json\/wp\/v2\/comments?post=1155"}],"version-history":[{"count":0,"href":"https:\/\/kopun.hr\/de\/wp-json\/wp\/v2\/pages\/1155\/revisions"}],"wp:attachment":[{"href":"https:\/\/kopun.hr\/de\/wp-json\/wp\/v2\/media?parent=1155"}],"curies":[{"name":"wp","href":"https:\/\/api.w.org\/{rel}","templated":true}]}}