{"id":1153,"date":"2018-04-20T11:06:32","date_gmt":"2018-04-20T11:06:32","guid":{"rendered":"https:\/\/kopun.hr\/poslovno-i-pravno-savjetovanje\/"},"modified":"2020-03-27T09:06:28","modified_gmt":"2020-03-27T09:06:28","slug":"unternehmens-und-rechtsberatung","status":"publish","type":"page","link":"https:\/\/kopun.hr\/de\/unternehmens-und-rechtsberatung\/","title":{"rendered":"Unternehmens- und Rechtsberatung"},"content":{"rendered":"[vc_row type=&#8220;full_width_background&#8220; full_screen_row_position=&#8220;middle&#8220; bg_color=&#8220;#ffffff&#8220; scene_position=&#8220;center&#8220; text_color=&#8220;dark&#8220; text_align=&#8220;left&#8220; bottom_padding=&#8220;50&#8243; overlay_strength=&#8220;0.3&#8243; shape_divider_position=&#8220;bottom&#8220; shape_type=&#8220;&#8220;][vc_column column_padding=&#8220;no-extra-padding&#8220; column_padding_position=&#8220;left-right&#8220; background_color_opacity=&#8220;1&#8243; background_hover_color_opacity=&#8220;1&#8243; column_shadow=&#8220;none&#8220; column_border_radius=&#8220;none&#8220; top_margin=&#8220;50&#8243; width=&#8220;1\/1&#8243; tablet_text_alignment=&#8220;default&#8220; phone_text_alignment=&#8220;default&#8220; column_border_width=&#8220;none&#8220; column_border_style=&#8220;solid&#8220;][vc_column_text]\n<h4>Suchen Sie nach einem allumfassenden Service f\u00fcr Ihre Gesellschaft?<\/h4>\n<p>Wir bieten Ihnen eine umfassende Palette an qualitativ hochwertigen Unternehmens- und Rechtsberatungsdienstleistungen an.<\/p>\n<p>Wir arbeiten mit den besten Rechtsexperten zusammen, die \u00fcber langj\u00e4hrige Erfahrung im Gesellschafts-, Handels-, Handelsvertrags- und Arbeitsrecht verf\u00fcgen. Unsere Steuerexperten verkn\u00fcpfen das rechtliche mit dem steuerlichen Bild Ihres Unternehmens, um sicherzustellen, dass Ihre t\u00e4glichen Gesch\u00e4ftsabl\u00e4ufe gesichert sind. Wenn Sie Hilfe bei internationalen Transaktionen ben\u00f6tigen, \u00fcberlassen Sie dies unseren Partnern bei\u00a0<a href=\"https:\/\/nexia.com\/\" target=\"_blank\" rel=\"noopener noreferrer\">Nexia International<\/a>.<\/p>\n<p style=\"padding-bottom: 5px;\">Wir k\u00f6nnen Ihnen auf folgenden Gebieten Rechts- und Beratungsdienstleistungen anbieten:<\/p>\n<ul>\n<li><strong>Gr\u00fcndung von Handelsgesellschaften und -vertretungen in Kroatien, Status\u00e4nderungen Ihrer Gesellschaft, Unternehmensaufl\u00f6sungen, Gesch\u00e4ftsvertr\u00e4ge, Arbeits- und Managementvertr\u00e4ge, Gr\u00fcndungsurkunden und Gesellschaftssatzungen sowie Arbeitsbestimmungen zur Anwerbung von ausl\u00e4ndischen Arbeitskr\u00e4ften )<\/strong><\/li>\n<li><strong>Beratung in Steuerverfahren und bei Einspr\u00fcchen und Beschwerden gegen Steuerbescheide<br \/>\n<\/strong><\/li>\n<li><a href=\"https:\/\/kopun.hr\/de\/ma-due-diligence\/\"><strong>Beratung bez\u00fcglich Firmenverk\u00e4ufen und -akquisitionen<\/strong><\/a><\/li>\n<li><strong>Wahrung der Sorgfaltspflichten in finanziellen, rechtlichen und technischen Aspekten<\/strong><\/li>\n<li><a href=\"https:\/\/kopun.hr\/de\/schaetzung-des-unternehmenswerts\/\"><strong>Unternehmensbewertung<\/strong><\/a><\/li>\n<li><strong>Controlling-Dienstleistungen zur Unterst\u00fctzung der Gesch\u00e4ftsf\u00fchrung<\/strong><\/li>\n<li><strong>Machbarkeitsstudien<\/strong><\/li>\n<\/ul>\n[\/vc_column_text][nectar_btn size=&#8220;large&#8220; button_style=&#8220;regular&#8220; button_color_2=&#8220;Accent-Color&#8220; icon_family=&#8220;none&#8220; url=&#8220;#sidebar&#8220; text=&#8220;Sprechen Sie uns an&#8220; margin_top=&#8220;50&#8243;][\/vc_column][\/vc_row]\n","protected":false},"excerpt":{"rendered":"<p>[vc_row type=&#8220;full_width_background&#8220; full_screen_row_position=&#8220;middle&#8220; bg_color=&#8220;#ffffff&#8220; scene_position=&#8220;center&#8220; text_color=&#8220;dark&#8220; text_align=&#8220;left&#8220; bottom_padding=&#8220;50&#8243; overlay_strength=&#8220;0.3&#8243; shape_divider_position=&#8220;bottom&#8220; shape_type=&#8220;&#8220;][vc_column column_padding=&#8220;no-extra-padding&#8220; column_padding_position=&#8220;left-right&#8220; background_color_opacity=&#8220;1&#8243; background_hover_color_opacity=&#8220;1&#8243; column_shadow=&#8220;none&#8220; column_border_radius=&#8220;none&#8220; top_margin=&#8220;50&#8243; width=&#8220;1\/1&#8243; tablet_text_alignment=&#8220;default&#8220; phone_text_alignment=&#8220;default&#8220; column_border_width=&#8220;none&#8220; column_border_style=&#8220;solid&#8220;][vc_column_text] Suchen Sie nach einem allumfassenden Service f\u00fcr&#8230;<\/p>\n","protected":false},"author":1,"featured_media":0,"parent":0,"menu_order":0,"comment_status":"closed","ping_status":"closed","template":"page-sidebar.php","meta":{"footnotes":""},"class_list":["post-1153","page","type-page","status-publish"],"yoast_head":"<!-- This site is optimized with the Yoast SEO Premium plugin v23.0 (Yoast SEO v27.3) - https:\/\/yoast.com\/product\/yoast-seo-premium-wordpress\/ -->\n<title>Unternehmens- und Rechtsberatung | Kopun Gruppe<\/title>\n<meta name=\"description\" content=\"Unternehmens- und Rechtsberatung - Wir bieten Ihnen eine umfassende Palette an qualitativ hochwertigen Unternehmens- und Rechtsberatungsdienstleistungen an.\" \/>\n<meta name=\"robots\" content=\"index, follow, max-snippet:-1, max-image-preview:large, max-video-preview:-1\" \/>\n<link rel=\"canonical\" href=\"https:\/\/kopun.hr\/de\/unternehmens-und-rechtsberatung\/\" \/>\n<meta property=\"og:locale\" content=\"de_DE\" \/>\n<meta property=\"og:type\" content=\"article\" \/>\n<meta property=\"og:title\" content=\"Unternehmens- und Rechtsberatung\" \/>\n<meta property=\"og:description\" content=\"Unternehmens- und Rechtsberatung - Wir bieten Ihnen eine umfassende Palette an qualitativ hochwertigen Unternehmens- und Rechtsberatungsdienstleistungen an.\" \/>\n<meta property=\"og:url\" content=\"https:\/\/kopun.hr\/de\/unternehmens-und-rechtsberatung\/\" \/>\n<meta property=\"og:site_name\" content=\"Kopun Group\" \/>\n<meta property=\"article:modified_time\" content=\"2020-03-27T09:06:28+00:00\" \/>\n<meta property=\"og:image\" content=\"https:\/\/kopun.hr\/wp-content\/uploads\/2020\/03\/social-share-kopun.jpg\" \/>\n\t<meta property=\"og:image:width\" content=\"1200\" \/>\n\t<meta property=\"og:image:height\" content=\"630\" \/>\n\t<meta property=\"og:image:type\" content=\"image\/jpeg\" \/>\n<meta name=\"twitter:card\" content=\"summary_large_image\" \/>\n<meta name=\"twitter:label1\" content=\"Gesch\u00e4tzte Lesezeit\" \/>\n\t<meta name=\"twitter:data1\" content=\"1\u00a0Minute\" \/>\n<script type=\"application\/ld+json\" class=\"yoast-schema-graph\">{\"@context\":\"https:\\\/\\\/schema.org\",\"@graph\":[{\"@type\":\"WebPage\",\"@id\":\"https:\\\/\\\/kopun.hr\\\/de\\\/unternehmens-und-rechtsberatung\\\/\",\"url\":\"https:\\\/\\\/kopun.hr\\\/de\\\/unternehmens-und-rechtsberatung\\\/\",\"name\":\"Unternehmens- und Rechtsberatung | Kopun Gruppe\",\"isPartOf\":{\"@id\":\"https:\\\/\\\/kopun.hr\\\/#website\"},\"datePublished\":\"2018-04-20T11:06:32+00:00\",\"dateModified\":\"2020-03-27T09:06:28+00:00\",\"description\":\"Unternehmens- und Rechtsberatung - Wir bieten Ihnen eine umfassende Palette an qualitativ hochwertigen Unternehmens- und Rechtsberatungsdienstleistungen an.\",\"breadcrumb\":{\"@id\":\"https:\\\/\\\/kopun.hr\\\/de\\\/unternehmens-und-rechtsberatung\\\/#breadcrumb\"},\"inLanguage\":\"de\",\"potentialAction\":[{\"@type\":\"ReadAction\",\"target\":[\"https:\\\/\\\/kopun.hr\\\/de\\\/unternehmens-und-rechtsberatung\\\/\"]}]},{\"@type\":\"BreadcrumbList\",\"@id\":\"https:\\\/\\\/kopun.hr\\\/de\\\/unternehmens-und-rechtsberatung\\\/#breadcrumb\",\"itemListElement\":[{\"@type\":\"ListItem\",\"position\":1,\"name\":\"Home\",\"item\":\"https:\\\/\\\/kopun.hr\\\/de\\\/\"},{\"@type\":\"ListItem\",\"position\":2,\"name\":\"Unternehmens- und Rechtsberatung\"}]},{\"@type\":\"WebSite\",\"@id\":\"https:\\\/\\\/kopun.hr\\\/#website\",\"url\":\"https:\\\/\\\/kopun.hr\\\/\",\"name\":\"Kopun Group\",\"description\":\"Vidimo sve do zadnjeg zareza i slova zakona\",\"publisher\":{\"@id\":\"https:\\\/\\\/kopun.hr\\\/#organization\"},\"potentialAction\":[{\"@type\":\"SearchAction\",\"target\":{\"@type\":\"EntryPoint\",\"urlTemplate\":\"https:\\\/\\\/kopun.hr\\\/?s={search_term_string}\"},\"query-input\":{\"@type\":\"PropertyValueSpecification\",\"valueRequired\":true,\"valueName\":\"search_term_string\"}}],\"inLanguage\":\"de\"},{\"@type\":\"Organization\",\"@id\":\"https:\\\/\\\/kopun.hr\\\/#organization\",\"name\":\"Kopun Group\",\"url\":\"https:\\\/\\\/kopun.hr\\\/\",\"logo\":{\"@type\":\"ImageObject\",\"inLanguage\":\"de\",\"@id\":\"https:\\\/\\\/kopun.hr\\\/#\\\/schema\\\/logo\\\/image\\\/\",\"url\":\"https:\\\/\\\/kopun.hr\\\/wp-content\\\/uploads\\\/2018\\\/04\\\/Logo-Kopun-Group-icon-color.png\",\"contentUrl\":\"https:\\\/\\\/kopun.hr\\\/wp-content\\\/uploads\\\/2018\\\/04\\\/Logo-Kopun-Group-icon-color.png\",\"width\":540,\"height\":540,\"caption\":\"Kopun Group\"},\"image\":{\"@id\":\"https:\\\/\\\/kopun.hr\\\/#\\\/schema\\\/logo\\\/image\\\/\"},\"sameAs\":[\"https:\\\/\\\/www.linkedin.com\\\/company\\\/kopun-group\\\/\"]}]}<\/script>\n<!-- \/ Yoast SEO Premium plugin. -->","yoast_head_json":{"title":"Unternehmens- und Rechtsberatung | Kopun Gruppe","description":"Unternehmens- und Rechtsberatung - Wir bieten Ihnen eine umfassende Palette an qualitativ hochwertigen Unternehmens- und Rechtsberatungsdienstleistungen an.","robots":{"index":"index","follow":"follow","max-snippet":"max-snippet:-1","max-image-preview":"max-image-preview:large","max-video-preview":"max-video-preview:-1"},"canonical":"https:\/\/kopun.hr\/de\/unternehmens-und-rechtsberatung\/","og_locale":"de_DE","og_type":"article","og_title":"Unternehmens- und Rechtsberatung","og_description":"Unternehmens- und Rechtsberatung - Wir bieten Ihnen eine umfassende Palette an qualitativ hochwertigen Unternehmens- und Rechtsberatungsdienstleistungen an.","og_url":"https:\/\/kopun.hr\/de\/unternehmens-und-rechtsberatung\/","og_site_name":"Kopun Group","article_modified_time":"2020-03-27T09:06:28+00:00","og_image":[{"width":1200,"height":630,"url":"https:\/\/kopun.hr\/wp-content\/uploads\/2020\/03\/social-share-kopun.jpg","type":"image\/jpeg"}],"twitter_card":"summary_large_image","twitter_misc":{"Gesch\u00e4tzte Lesezeit":"1\u00a0Minute"},"schema":{"@context":"https:\/\/schema.org","@graph":[{"@type":"WebPage","@id":"https:\/\/kopun.hr\/de\/unternehmens-und-rechtsberatung\/","url":"https:\/\/kopun.hr\/de\/unternehmens-und-rechtsberatung\/","name":"Unternehmens- und Rechtsberatung | Kopun Gruppe","isPartOf":{"@id":"https:\/\/kopun.hr\/#website"},"datePublished":"2018-04-20T11:06:32+00:00","dateModified":"2020-03-27T09:06:28+00:00","description":"Unternehmens- und Rechtsberatung - Wir bieten Ihnen eine umfassende Palette an qualitativ hochwertigen Unternehmens- und Rechtsberatungsdienstleistungen an.","breadcrumb":{"@id":"https:\/\/kopun.hr\/de\/unternehmens-und-rechtsberatung\/#breadcrumb"},"inLanguage":"de","potentialAction":[{"@type":"ReadAction","target":["https:\/\/kopun.hr\/de\/unternehmens-und-rechtsberatung\/"]}]},{"@type":"BreadcrumbList","@id":"https:\/\/kopun.hr\/de\/unternehmens-und-rechtsberatung\/#breadcrumb","itemListElement":[{"@type":"ListItem","position":1,"name":"Home","item":"https:\/\/kopun.hr\/de\/"},{"@type":"ListItem","position":2,"name":"Unternehmens- und Rechtsberatung"}]},{"@type":"WebSite","@id":"https:\/\/kopun.hr\/#website","url":"https:\/\/kopun.hr\/","name":"Kopun Group","description":"Vidimo sve do zadnjeg zareza i slova zakona","publisher":{"@id":"https:\/\/kopun.hr\/#organization"},"potentialAction":[{"@type":"SearchAction","target":{"@type":"EntryPoint","urlTemplate":"https:\/\/kopun.hr\/?s={search_term_string}"},"query-input":{"@type":"PropertyValueSpecification","valueRequired":true,"valueName":"search_term_string"}}],"inLanguage":"de"},{"@type":"Organization","@id":"https:\/\/kopun.hr\/#organization","name":"Kopun Group","url":"https:\/\/kopun.hr\/","logo":{"@type":"ImageObject","inLanguage":"de","@id":"https:\/\/kopun.hr\/#\/schema\/logo\/image\/","url":"https:\/\/kopun.hr\/wp-content\/uploads\/2018\/04\/Logo-Kopun-Group-icon-color.png","contentUrl":"https:\/\/kopun.hr\/wp-content\/uploads\/2018\/04\/Logo-Kopun-Group-icon-color.png","width":540,"height":540,"caption":"Kopun Group"},"image":{"@id":"https:\/\/kopun.hr\/#\/schema\/logo\/image\/"},"sameAs":["https:\/\/www.linkedin.com\/company\/kopun-group\/"]}]}},"_links":{"self":[{"href":"https:\/\/kopun.hr\/de\/wp-json\/wp\/v2\/pages\/1153","targetHints":{"allow":["GET"]}}],"collection":[{"href":"https:\/\/kopun.hr\/de\/wp-json\/wp\/v2\/pages"}],"about":[{"href":"https:\/\/kopun.hr\/de\/wp-json\/wp\/v2\/types\/page"}],"author":[{"embeddable":true,"href":"https:\/\/kopun.hr\/de\/wp-json\/wp\/v2\/users\/1"}],"replies":[{"embeddable":true,"href":"https:\/\/kopun.hr\/de\/wp-json\/wp\/v2\/comments?post=1153"}],"version-history":[{"count":0,"href":"https:\/\/kopun.hr\/de\/wp-json\/wp\/v2\/pages\/1153\/revisions"}],"wp:attachment":[{"href":"https:\/\/kopun.hr\/de\/wp-json\/wp\/v2\/media?parent=1153"}],"curies":[{"name":"wp","href":"https:\/\/api.w.org\/{rel}","templated":true}]}}