{"id":1152,"date":"2018-04-20T11:11:31","date_gmt":"2018-04-20T11:11:31","guid":{"rendered":"https:\/\/kopun.hr\/studija-o-transfernim-cijenama\/"},"modified":"2019-08-28T10:13:07","modified_gmt":"2019-08-28T10:13:07","slug":"verrechnungspreisstudie","status":"publish","type":"page","link":"https:\/\/kopun.hr\/de\/verrechnungspreisstudie\/","title":{"rendered":"Verrechnungspreisstudie"},"content":{"rendered":"[vc_row type=&#8220;full_width_background&#8220; full_screen_row_position=&#8220;middle&#8220; bg_color=&#8220;#ffffff&#8220; scene_position=&#8220;center&#8220; text_color=&#8220;dark&#8220; text_align=&#8220;left&#8220; bottom_padding=&#8220;50&#8243; overlay_strength=&#8220;0.3&#8243; shape_divider_position=&#8220;bottom&#8220; shape_type=&#8220;&#8220;][vc_column column_padding=&#8220;no-extra-padding&#8220; column_padding_position=&#8220;left-right&#8220; background_color_opacity=&#8220;1&#8243; background_hover_color_opacity=&#8220;1&#8243; column_shadow=&#8220;none&#8220; column_border_radius=&#8220;none&#8220; top_margin=&#8220;50&#8243; width=&#8220;1\/1&#8243; tablet_text_alignment=&#8220;default&#8220; phone_text_alignment=&#8220;default&#8220; column_border_width=&#8220;none&#8220; column_border_style=&#8220;solid&#8220;][vc_column_text]\n<h2>T\u00e4tigen Sie globale Gesch\u00e4fte? F\u00fchren Sie Transaktionen zwischen verbundenen in- und ausl\u00e4ndischen Unternehmen durch?<\/h2>\n<p>Nutzen Sie unsere langj\u00e4hrigen Erfahrungen und unsere fachliche und technische Expertise bei der Vorbereitung und Durchf\u00fchrung von Verrechnungspreisstudien.<\/p>\n<p>Verrechnungspreismethoden in Kroatien basieren auf den Verrechnungspreisrichtlinien der OECD. Kroatien ist Unterzeichnerpartei des multilateralen Instruments der OECD BEPS (Base Erosion and Profit Shifting), dessen Zweck die Reform des internationalen Steuersystems ist. Es gibt die Tendenz, Steuerplanungsstrategien zu verhindern, als auch L\u00fccken und Unstimmigkeiten in den Steuervorschriften auszunutzen, um Gewinne k\u00fcnstlich an Standorte mit niedriger bzw. ohne Steuer zu verlegen, wo jedoch keine oder nur geringe wirtschaftliche Aktivit\u00e4ten stattfinden.<\/p>\n<p>Bei der Umsetzung des BEPS-Projekts setzen die Gesetzgeber weltweit (insbesondere diejenigen aus der EU) den Schwerpunkt auf die Verrechnungspreise.<\/p>\n<p style=\"padding-bottom: 5px;\"><strong>Die kroatische Steuergesetzgebung sieht keine zwingenden Fristen zur Erstellung und Einreichung der Verrechnungspreisdokumentation vor. In der Praxis jedoch erwartet die Steuerbeh\u00f6rde:<\/strong><\/p>\n<ul>\n<li>dass alle gro\u00dfen steuerpflichtigen Unternehmen bei der Abgabe ihrer j\u00e4hrlichen K\u00f6rperschaftssteuererkl\u00e4rungen die Verrechnungspreisdokumentation einreichen<\/li>\n<li>dass Steuerpflichtige auf Ersuchen der Steuerbeh\u00f6rde binnen angemessener Zeit (d.h. innerhalb von 30 Tagen) entsprechende Unterlagen einreichen<\/li>\n<\/ul>\n<p style=\"padding-bottom: 5px;\"><strong>Bei der Durchf\u00fchrung einer Verrechnungspreisstudie ist Folgendes sicherzustellen:<\/strong><\/p>\n<ul>\n<li>Informationen \u00fcber die Gruppe und den Status des Steuerpflichtigen innerhalb der Gruppe sowie eine Beschreibung aller zugeh\u00f6rigen Transaktionen<\/li>\n<li>eine Beschreibung der ausgew\u00e4hlten Verrechnungspreismethode und des Benchmarking-Prozesses sowie eine Erl\u00e4uterung, warum die jeweilige Methode ausgew\u00e4hlt wurde<\/li>\n<li>Voraussetzungen und Sch\u00e4tzungen, die zur Bestimmung der Verrechnungspreise dienten<\/li>\n<li>Berechnungen der Anwendung der ausgew\u00e4hlten Methode bezogen auf den Steuerpflichtigen und einen anderen vergleichbaren Steuerpflichtigen<\/li>\n<li>Quellen f\u00fcr die Verrechnungspreisanalyse<\/li>\n<\/ul>\n<p style=\"padding-bottom: 5px;\">Die kroatische Gesetzgebung ist an die OECD-Richtlinien angepasst und wendet die folgenden Verrechnungspreismethoden an:<\/p>\n<ol>\n<li><strong>Preisvergleichsmethode<\/strong><\/li>\n<li><strong>Wiederverkaufspreismethode<\/strong><\/li>\n<li><strong>Kostenaufschlagsmethode<\/strong><\/li>\n<li><strong>Transaktionsbezogene Gewinnaufteilungsmethode<\/strong><\/li>\n<li><strong>Transaktionsbezogene Nettomargenmethode<\/strong><\/li>\n<\/ol>\n<p>In Kroatien muss die Verrechnungspreisstudie in kroatischer Sprache eingereicht werden.<\/p>\n<p>Wenn keine Verrechnungspreisstudie durchgef\u00fchrt wurde, kann die Steuerbeh\u00f6rde die Steuerbemessungsgrundlage korrigieren, Verzugszinsen verrechnen und\/oder eine Geldstrafe verh\u00e4ngen. Die einzige M\u00f6glichkeit das Risikos einer Korrektur der Steuerbemessungsgrundlage zu minimieren besteht darin, binnen des erforderlichen Zeitrahmens eine Verrechnungspreisstudie vorzulegen.<\/p>\n<h4>Die KOPUN Gruppe kann Sie, mit Zuhilfenahme der von der kroatischen Steuerbeh\u00f6rde akzeptierten AMADEUS-Datenbank, bei der Vorbereitung einer Verrechnungspreisstudie unterst\u00fctzen.<\/h4>\n[\/vc_column_text][nectar_btn size=&#8220;large&#8220; button_style=&#8220;regular&#8220; button_color_2=&#8220;Accent-Color&#8220; icon_family=&#8220;none&#8220; url=&#8220;#sidebar&#8220; text=&#8220;Sprechen Sie uns an&#8220; margin_top=&#8220;50&#8243;][\/vc_column][\/vc_row]\n","protected":false},"excerpt":{"rendered":"<p>[vc_row type=&#8220;full_width_background&#8220; full_screen_row_position=&#8220;middle&#8220; bg_color=&#8220;#ffffff&#8220; scene_position=&#8220;center&#8220; text_color=&#8220;dark&#8220; text_align=&#8220;left&#8220; bottom_padding=&#8220;50&#8243; overlay_strength=&#8220;0.3&#8243; shape_divider_position=&#8220;bottom&#8220; shape_type=&#8220;&#8220;][vc_column column_padding=&#8220;no-extra-padding&#8220; column_padding_position=&#8220;left-right&#8220; background_color_opacity=&#8220;1&#8243; background_hover_color_opacity=&#8220;1&#8243; column_shadow=&#8220;none&#8220; column_border_radius=&#8220;none&#8220; top_margin=&#8220;50&#8243; width=&#8220;1\/1&#8243; tablet_text_alignment=&#8220;default&#8220; phone_text_alignment=&#8220;default&#8220; column_border_width=&#8220;none&#8220; column_border_style=&#8220;solid&#8220;][vc_column_text] T\u00e4tigen Sie globale Gesch\u00e4fte? F\u00fchren Sie Transaktionen&#8230;<\/p>\n","protected":false},"author":1,"featured_media":0,"parent":0,"menu_order":0,"comment_status":"closed","ping_status":"closed","template":"page-sidebar.php","meta":{"footnotes":""},"class_list":["post-1152","page","type-page","status-publish"],"yoast_head":"<!-- This site is optimized with the Yoast SEO Premium plugin v23.0 (Yoast SEO v27.3) - https:\/\/yoast.com\/product\/yoast-seo-premium-wordpress\/ -->\n<title>Verrechnungspreisstudie | Kopun Gruppe - T\u00e4tigen Sie globale Gesch\u00e4fte?<\/title>\n<meta name=\"description\" content=\"Verrechnungspreisstudie - T\u00e4tigen Sie globale Gesch\u00e4fte? F\u00fchren Sie Transaktionen zwischen verbundenen in- und ausl\u00e4ndischen Unternehmen durch?\" \/>\n<meta name=\"robots\" content=\"index, follow, max-snippet:-1, max-image-preview:large, max-video-preview:-1\" \/>\n<link rel=\"canonical\" href=\"https:\/\/kopun.hr\/de\/verrechnungspreisstudie\/\" \/>\n<meta property=\"og:locale\" content=\"de_DE\" \/>\n<meta property=\"og:type\" content=\"article\" \/>\n<meta property=\"og:title\" content=\"Verrechnungspreisstudie\" \/>\n<meta property=\"og:description\" content=\"Verrechnungspreisstudie - T\u00e4tigen Sie globale Gesch\u00e4fte? F\u00fchren Sie Transaktionen zwischen verbundenen in- und ausl\u00e4ndischen Unternehmen durch?\" \/>\n<meta property=\"og:url\" content=\"https:\/\/kopun.hr\/de\/verrechnungspreisstudie\/\" \/>\n<meta property=\"og:site_name\" content=\"Kopun Group\" \/>\n<meta property=\"article:modified_time\" content=\"2019-08-28T10:13:07+00:00\" \/>\n<meta property=\"og:image\" content=\"https:\/\/kopun.hr\/wp-content\/uploads\/2020\/03\/social-share-kopun.jpg\" \/>\n\t<meta property=\"og:image:width\" content=\"1200\" \/>\n\t<meta property=\"og:image:height\" content=\"630\" \/>\n\t<meta property=\"og:image:type\" content=\"image\/jpeg\" \/>\n<meta name=\"twitter:card\" content=\"summary_large_image\" \/>\n<meta name=\"twitter:label1\" content=\"Gesch\u00e4tzte Lesezeit\" \/>\n\t<meta name=\"twitter:data1\" content=\"2\u00a0Minuten\" \/>\n<script type=\"application\/ld+json\" class=\"yoast-schema-graph\">{\"@context\":\"https:\\\/\\\/schema.org\",\"@graph\":[{\"@type\":\"WebPage\",\"@id\":\"https:\\\/\\\/kopun.hr\\\/de\\\/verrechnungspreisstudie\\\/\",\"url\":\"https:\\\/\\\/kopun.hr\\\/de\\\/verrechnungspreisstudie\\\/\",\"name\":\"Verrechnungspreisstudie | Kopun Gruppe - T\u00e4tigen Sie globale Gesch\u00e4fte?\",\"isPartOf\":{\"@id\":\"https:\\\/\\\/kopun.hr\\\/#website\"},\"datePublished\":\"2018-04-20T11:11:31+00:00\",\"dateModified\":\"2019-08-28T10:13:07+00:00\",\"description\":\"Verrechnungspreisstudie - T\u00e4tigen Sie globale Gesch\u00e4fte? F\u00fchren Sie Transaktionen zwischen verbundenen in- und ausl\u00e4ndischen Unternehmen durch?\",\"breadcrumb\":{\"@id\":\"https:\\\/\\\/kopun.hr\\\/de\\\/verrechnungspreisstudie\\\/#breadcrumb\"},\"inLanguage\":\"de\",\"potentialAction\":[{\"@type\":\"ReadAction\",\"target\":[\"https:\\\/\\\/kopun.hr\\\/de\\\/verrechnungspreisstudie\\\/\"]}]},{\"@type\":\"BreadcrumbList\",\"@id\":\"https:\\\/\\\/kopun.hr\\\/de\\\/verrechnungspreisstudie\\\/#breadcrumb\",\"itemListElement\":[{\"@type\":\"ListItem\",\"position\":1,\"name\":\"Home\",\"item\":\"https:\\\/\\\/kopun.hr\\\/de\\\/\"},{\"@type\":\"ListItem\",\"position\":2,\"name\":\"Verrechnungspreisstudie\"}]},{\"@type\":\"WebSite\",\"@id\":\"https:\\\/\\\/kopun.hr\\\/#website\",\"url\":\"https:\\\/\\\/kopun.hr\\\/\",\"name\":\"Kopun Group\",\"description\":\"Vidimo sve do zadnjeg zareza i slova zakona\",\"publisher\":{\"@id\":\"https:\\\/\\\/kopun.hr\\\/#organization\"},\"potentialAction\":[{\"@type\":\"SearchAction\",\"target\":{\"@type\":\"EntryPoint\",\"urlTemplate\":\"https:\\\/\\\/kopun.hr\\\/?s={search_term_string}\"},\"query-input\":{\"@type\":\"PropertyValueSpecification\",\"valueRequired\":true,\"valueName\":\"search_term_string\"}}],\"inLanguage\":\"de\"},{\"@type\":\"Organization\",\"@id\":\"https:\\\/\\\/kopun.hr\\\/#organization\",\"name\":\"Kopun Group\",\"url\":\"https:\\\/\\\/kopun.hr\\\/\",\"logo\":{\"@type\":\"ImageObject\",\"inLanguage\":\"de\",\"@id\":\"https:\\\/\\\/kopun.hr\\\/#\\\/schema\\\/logo\\\/image\\\/\",\"url\":\"https:\\\/\\\/kopun.hr\\\/wp-content\\\/uploads\\\/2018\\\/04\\\/Logo-Kopun-Group-icon-color.png\",\"contentUrl\":\"https:\\\/\\\/kopun.hr\\\/wp-content\\\/uploads\\\/2018\\\/04\\\/Logo-Kopun-Group-icon-color.png\",\"width\":540,\"height\":540,\"caption\":\"Kopun Group\"},\"image\":{\"@id\":\"https:\\\/\\\/kopun.hr\\\/#\\\/schema\\\/logo\\\/image\\\/\"},\"sameAs\":[\"https:\\\/\\\/www.linkedin.com\\\/company\\\/kopun-group\\\/\"]}]}<\/script>\n<!-- \/ Yoast SEO Premium plugin. -->","yoast_head_json":{"title":"Verrechnungspreisstudie | Kopun Gruppe - T\u00e4tigen Sie globale Gesch\u00e4fte?","description":"Verrechnungspreisstudie - T\u00e4tigen Sie globale Gesch\u00e4fte? F\u00fchren Sie Transaktionen zwischen verbundenen in- und ausl\u00e4ndischen Unternehmen durch?","robots":{"index":"index","follow":"follow","max-snippet":"max-snippet:-1","max-image-preview":"max-image-preview:large","max-video-preview":"max-video-preview:-1"},"canonical":"https:\/\/kopun.hr\/de\/verrechnungspreisstudie\/","og_locale":"de_DE","og_type":"article","og_title":"Verrechnungspreisstudie","og_description":"Verrechnungspreisstudie - T\u00e4tigen Sie globale Gesch\u00e4fte? F\u00fchren Sie Transaktionen zwischen verbundenen in- und ausl\u00e4ndischen Unternehmen durch?","og_url":"https:\/\/kopun.hr\/de\/verrechnungspreisstudie\/","og_site_name":"Kopun Group","article_modified_time":"2019-08-28T10:13:07+00:00","og_image":[{"width":1200,"height":630,"url":"https:\/\/kopun.hr\/wp-content\/uploads\/2020\/03\/social-share-kopun.jpg","type":"image\/jpeg"}],"twitter_card":"summary_large_image","twitter_misc":{"Gesch\u00e4tzte Lesezeit":"2\u00a0Minuten"},"schema":{"@context":"https:\/\/schema.org","@graph":[{"@type":"WebPage","@id":"https:\/\/kopun.hr\/de\/verrechnungspreisstudie\/","url":"https:\/\/kopun.hr\/de\/verrechnungspreisstudie\/","name":"Verrechnungspreisstudie | Kopun Gruppe - T\u00e4tigen Sie globale Gesch\u00e4fte?","isPartOf":{"@id":"https:\/\/kopun.hr\/#website"},"datePublished":"2018-04-20T11:11:31+00:00","dateModified":"2019-08-28T10:13:07+00:00","description":"Verrechnungspreisstudie - T\u00e4tigen Sie globale Gesch\u00e4fte? F\u00fchren Sie Transaktionen zwischen verbundenen in- und ausl\u00e4ndischen Unternehmen durch?","breadcrumb":{"@id":"https:\/\/kopun.hr\/de\/verrechnungspreisstudie\/#breadcrumb"},"inLanguage":"de","potentialAction":[{"@type":"ReadAction","target":["https:\/\/kopun.hr\/de\/verrechnungspreisstudie\/"]}]},{"@type":"BreadcrumbList","@id":"https:\/\/kopun.hr\/de\/verrechnungspreisstudie\/#breadcrumb","itemListElement":[{"@type":"ListItem","position":1,"name":"Home","item":"https:\/\/kopun.hr\/de\/"},{"@type":"ListItem","position":2,"name":"Verrechnungspreisstudie"}]},{"@type":"WebSite","@id":"https:\/\/kopun.hr\/#website","url":"https:\/\/kopun.hr\/","name":"Kopun Group","description":"Vidimo sve do zadnjeg zareza i slova zakona","publisher":{"@id":"https:\/\/kopun.hr\/#organization"},"potentialAction":[{"@type":"SearchAction","target":{"@type":"EntryPoint","urlTemplate":"https:\/\/kopun.hr\/?s={search_term_string}"},"query-input":{"@type":"PropertyValueSpecification","valueRequired":true,"valueName":"search_term_string"}}],"inLanguage":"de"},{"@type":"Organization","@id":"https:\/\/kopun.hr\/#organization","name":"Kopun Group","url":"https:\/\/kopun.hr\/","logo":{"@type":"ImageObject","inLanguage":"de","@id":"https:\/\/kopun.hr\/#\/schema\/logo\/image\/","url":"https:\/\/kopun.hr\/wp-content\/uploads\/2018\/04\/Logo-Kopun-Group-icon-color.png","contentUrl":"https:\/\/kopun.hr\/wp-content\/uploads\/2018\/04\/Logo-Kopun-Group-icon-color.png","width":540,"height":540,"caption":"Kopun Group"},"image":{"@id":"https:\/\/kopun.hr\/#\/schema\/logo\/image\/"},"sameAs":["https:\/\/www.linkedin.com\/company\/kopun-group\/"]}]}},"_links":{"self":[{"href":"https:\/\/kopun.hr\/de\/wp-json\/wp\/v2\/pages\/1152","targetHints":{"allow":["GET"]}}],"collection":[{"href":"https:\/\/kopun.hr\/de\/wp-json\/wp\/v2\/pages"}],"about":[{"href":"https:\/\/kopun.hr\/de\/wp-json\/wp\/v2\/types\/page"}],"author":[{"embeddable":true,"href":"https:\/\/kopun.hr\/de\/wp-json\/wp\/v2\/users\/1"}],"replies":[{"embeddable":true,"href":"https:\/\/kopun.hr\/de\/wp-json\/wp\/v2\/comments?post=1152"}],"version-history":[{"count":0,"href":"https:\/\/kopun.hr\/de\/wp-json\/wp\/v2\/pages\/1152\/revisions"}],"wp:attachment":[{"href":"https:\/\/kopun.hr\/de\/wp-json\/wp\/v2\/media?parent=1152"}],"curies":[{"name":"wp","href":"https:\/\/api.w.org\/{rel}","templated":true}]}}