{"id":1150,"date":"2018-04-20T12:50:57","date_gmt":"2018-04-20T12:50:57","guid":{"rendered":"https:\/\/kopun.hr\/ma-due-diligence\/"},"modified":"2019-08-28T10:28:34","modified_gmt":"2019-08-28T10:28:34","slug":"ma-due-diligence","status":"publish","type":"page","link":"https:\/\/kopun.hr\/de\/ma-due-diligence\/","title":{"rendered":"M&#038;A \/ Due Diligence"},"content":{"rendered":"[vc_row type=&#8220;full_width_background&#8220; full_screen_row_position=&#8220;middle&#8220; bg_color=&#8220;#ffffff&#8220; scene_position=&#8220;center&#8220; text_color=&#8220;dark&#8220; text_align=&#8220;left&#8220; bottom_padding=&#8220;50&#8243; overlay_strength=&#8220;0.3&#8243; shape_divider_position=&#8220;bottom&#8220; shape_type=&#8220;&#8220;][vc_column column_padding=&#8220;no-extra-padding&#8220; column_padding_position=&#8220;left-right&#8220; background_color_opacity=&#8220;1&#8243; background_hover_color_opacity=&#8220;1&#8243; column_shadow=&#8220;none&#8220; column_border_radius=&#8220;none&#8220; top_margin=&#8220;50&#8243; width=&#8220;1\/1&#8243; tablet_text_alignment=&#8220;default&#8220; phone_text_alignment=&#8220;default&#8220; column_border_width=&#8220;none&#8220; column_border_style=&#8220;solid&#8220;][vc_column_text]\n<h2>Fusionieren Sie sich mit einem Unternehmen<\/h2>\n<p>Wenn Sie ein Unternehmen kaufen oder verkaufen, k\u00f6nnen unsere Experten Ihnen beim Abschluss des Verkaufs oder beim Abschluss der \u00dcbernahme helfen, indem Sie das Projekt sorgf\u00e4ltig analysieren und planen. Zuerst verstehen wir Ihre Gesch\u00e4ftsstrategie, Abl\u00e4ufe und pers\u00f6nliche Motive (sowohl kurz- als auch langfristig). Nachdem wir Ihre W\u00fcnsche verstanden haben, empfehlen und beraten wir Sie bez\u00fcglich Ihrer n\u00e4chsten Schritte:<\/p>\n<h3>&#8211; Falls Sie ein Unternehmen verkaufen<\/h3>\n<p>Eine Unternehmensbewertung kann hilfreich sein, um die St\u00e4rken und Schw\u00e4chen Ihres Unternehmens zu erkennen. Wir k\u00f6nnen f\u00fcr Sie auch einen Plan erstellen, um den Wert Ihres Unternehmens zu steigern.<br \/>\nWir haben Hunderte von Aktienk\u00e4ufen und -verk\u00e4ufen bewertet, Fusionen und Spaltungen durchgef\u00fchrt, Streitigkeiten \u00fcber Eigentumsrechte gel\u00f6st sowie Immobilien- und Aktienbewertungen durchgef\u00fchrt.<\/p>\n<h3>&#8211; Planen Sie eine Unternehmensakquisition?<\/h3>\n<p>Wir arbeiten Gesch\u00e4ftspl\u00e4ne als Vorbereitung f\u00fcr den Verkauf aus.<br \/>\nBewertung von Goodwill und immateriellen Verm\u00f6genswerten.<br \/>\nTax, Financial und Legal Due Diligence.<br \/>\nBewertungen von Gesch\u00e4ftsanteilen und Beteiligungen.[\/vc_column_text][nectar_btn size=&#8220;large&#8220; button_style=&#8220;regular&#8220; button_color_2=&#8220;Accent-Color&#8220; icon_family=&#8220;none&#8220; url=&#8220;#sidebar&#8220; text=&#8220;Sprechen Sie uns an&#8220; margin_top=&#8220;50&#8243;][\/vc_column][\/vc_row]\n","protected":false},"excerpt":{"rendered":"<p>[vc_row type=&#8220;full_width_background&#8220; full_screen_row_position=&#8220;middle&#8220; bg_color=&#8220;#ffffff&#8220; scene_position=&#8220;center&#8220; text_color=&#8220;dark&#8220; text_align=&#8220;left&#8220; bottom_padding=&#8220;50&#8243; overlay_strength=&#8220;0.3&#8243; shape_divider_position=&#8220;bottom&#8220; shape_type=&#8220;&#8220;][vc_column column_padding=&#8220;no-extra-padding&#8220; column_padding_position=&#8220;left-right&#8220; background_color_opacity=&#8220;1&#8243; background_hover_color_opacity=&#8220;1&#8243; column_shadow=&#8220;none&#8220; column_border_radius=&#8220;none&#8220; top_margin=&#8220;50&#8243; width=&#8220;1\/1&#8243; tablet_text_alignment=&#8220;default&#8220; phone_text_alignment=&#8220;default&#8220; column_border_width=&#8220;none&#8220; column_border_style=&#8220;solid&#8220;][vc_column_text] Fusionieren Sie sich mit einem Unternehmen Wenn&#8230;<\/p>\n","protected":false},"author":1,"featured_media":0,"parent":0,"menu_order":0,"comment_status":"closed","ping_status":"closed","template":"page-sidebar.php","meta":{"footnotes":""},"class_list":["post-1150","page","type-page","status-publish"],"yoast_head":"<!-- This site is optimized with the Yoast SEO Premium plugin v23.0 (Yoast SEO v27.3) - https:\/\/yoast.com\/product\/yoast-seo-premium-wordpress\/ -->\n<title>Unternehmensakquisition - Falls Sie ein Unternehmen verkaufen | Kopun<\/title>\n<meta name=\"description\" content=\"Planen Sie eine Unternehmensakquisition? M&amp;A \/ Due Diligence - Fusionieren Sie sich mit einem Unternehmen - Falls Sie ein Unternehmen verkaufen\" \/>\n<meta name=\"robots\" content=\"index, follow, max-snippet:-1, max-image-preview:large, max-video-preview:-1\" \/>\n<link rel=\"canonical\" href=\"https:\/\/kopun.hr\/de\/ma-due-diligence\/\" \/>\n<meta property=\"og:locale\" content=\"de_DE\" \/>\n<meta property=\"og:type\" content=\"article\" \/>\n<meta property=\"og:title\" content=\"M&amp;A \/ Due Diligence\" \/>\n<meta property=\"og:description\" content=\"Planen Sie eine Unternehmensakquisition? M&amp;A \/ Due Diligence - Fusionieren Sie sich mit einem Unternehmen - Falls Sie ein Unternehmen verkaufen\" \/>\n<meta property=\"og:url\" content=\"https:\/\/kopun.hr\/de\/ma-due-diligence\/\" \/>\n<meta property=\"og:site_name\" content=\"Kopun Group\" \/>\n<meta property=\"article:modified_time\" content=\"2019-08-28T10:28:34+00:00\" \/>\n<meta property=\"og:image\" content=\"https:\/\/kopun.hr\/wp-content\/uploads\/2020\/03\/social-share-kopun.jpg\" \/>\n\t<meta property=\"og:image:width\" content=\"1200\" \/>\n\t<meta property=\"og:image:height\" content=\"630\" \/>\n\t<meta property=\"og:image:type\" content=\"image\/jpeg\" \/>\n<meta name=\"twitter:card\" content=\"summary_large_image\" \/>\n<meta name=\"twitter:label1\" content=\"Gesch\u00e4tzte Lesezeit\" \/>\n\t<meta name=\"twitter:data1\" content=\"1\u00a0Minute\" \/>\n<script type=\"application\/ld+json\" class=\"yoast-schema-graph\">{\"@context\":\"https:\\\/\\\/schema.org\",\"@graph\":[{\"@type\":\"WebPage\",\"@id\":\"https:\\\/\\\/kopun.hr\\\/de\\\/ma-due-diligence\\\/\",\"url\":\"https:\\\/\\\/kopun.hr\\\/de\\\/ma-due-diligence\\\/\",\"name\":\"Unternehmensakquisition - Falls Sie ein Unternehmen verkaufen | Kopun\",\"isPartOf\":{\"@id\":\"https:\\\/\\\/kopun.hr\\\/#website\"},\"datePublished\":\"2018-04-20T12:50:57+00:00\",\"dateModified\":\"2019-08-28T10:28:34+00:00\",\"description\":\"Planen Sie eine Unternehmensakquisition? M&A \\\/ Due Diligence - Fusionieren Sie sich mit einem Unternehmen - Falls Sie ein Unternehmen verkaufen\",\"breadcrumb\":{\"@id\":\"https:\\\/\\\/kopun.hr\\\/de\\\/ma-due-diligence\\\/#breadcrumb\"},\"inLanguage\":\"de\",\"potentialAction\":[{\"@type\":\"ReadAction\",\"target\":[\"https:\\\/\\\/kopun.hr\\\/de\\\/ma-due-diligence\\\/\"]}]},{\"@type\":\"BreadcrumbList\",\"@id\":\"https:\\\/\\\/kopun.hr\\\/de\\\/ma-due-diligence\\\/#breadcrumb\",\"itemListElement\":[{\"@type\":\"ListItem\",\"position\":1,\"name\":\"Home\",\"item\":\"https:\\\/\\\/kopun.hr\\\/de\\\/\"},{\"@type\":\"ListItem\",\"position\":2,\"name\":\"M&#038;A \\\/ Due Diligence\"}]},{\"@type\":\"WebSite\",\"@id\":\"https:\\\/\\\/kopun.hr\\\/#website\",\"url\":\"https:\\\/\\\/kopun.hr\\\/\",\"name\":\"Kopun Group\",\"description\":\"Vidimo sve do zadnjeg zareza i slova zakona\",\"publisher\":{\"@id\":\"https:\\\/\\\/kopun.hr\\\/#organization\"},\"potentialAction\":[{\"@type\":\"SearchAction\",\"target\":{\"@type\":\"EntryPoint\",\"urlTemplate\":\"https:\\\/\\\/kopun.hr\\\/?s={search_term_string}\"},\"query-input\":{\"@type\":\"PropertyValueSpecification\",\"valueRequired\":true,\"valueName\":\"search_term_string\"}}],\"inLanguage\":\"de\"},{\"@type\":\"Organization\",\"@id\":\"https:\\\/\\\/kopun.hr\\\/#organization\",\"name\":\"Kopun Group\",\"url\":\"https:\\\/\\\/kopun.hr\\\/\",\"logo\":{\"@type\":\"ImageObject\",\"inLanguage\":\"de\",\"@id\":\"https:\\\/\\\/kopun.hr\\\/#\\\/schema\\\/logo\\\/image\\\/\",\"url\":\"https:\\\/\\\/kopun.hr\\\/wp-content\\\/uploads\\\/2018\\\/04\\\/Logo-Kopun-Group-icon-color.png\",\"contentUrl\":\"https:\\\/\\\/kopun.hr\\\/wp-content\\\/uploads\\\/2018\\\/04\\\/Logo-Kopun-Group-icon-color.png\",\"width\":540,\"height\":540,\"caption\":\"Kopun Group\"},\"image\":{\"@id\":\"https:\\\/\\\/kopun.hr\\\/#\\\/schema\\\/logo\\\/image\\\/\"},\"sameAs\":[\"https:\\\/\\\/www.linkedin.com\\\/company\\\/kopun-group\\\/\"]}]}<\/script>\n<!-- \/ Yoast SEO Premium plugin. -->","yoast_head_json":{"title":"Unternehmensakquisition - Falls Sie ein Unternehmen verkaufen | Kopun","description":"Planen Sie eine Unternehmensakquisition? M&A \/ Due Diligence - Fusionieren Sie sich mit einem Unternehmen - Falls Sie ein Unternehmen verkaufen","robots":{"index":"index","follow":"follow","max-snippet":"max-snippet:-1","max-image-preview":"max-image-preview:large","max-video-preview":"max-video-preview:-1"},"canonical":"https:\/\/kopun.hr\/de\/ma-due-diligence\/","og_locale":"de_DE","og_type":"article","og_title":"M&A \/ Due Diligence","og_description":"Planen Sie eine Unternehmensakquisition? M&A \/ Due Diligence - Fusionieren Sie sich mit einem Unternehmen - Falls Sie ein Unternehmen verkaufen","og_url":"https:\/\/kopun.hr\/de\/ma-due-diligence\/","og_site_name":"Kopun Group","article_modified_time":"2019-08-28T10:28:34+00:00","og_image":[{"width":1200,"height":630,"url":"https:\/\/kopun.hr\/wp-content\/uploads\/2020\/03\/social-share-kopun.jpg","type":"image\/jpeg"}],"twitter_card":"summary_large_image","twitter_misc":{"Gesch\u00e4tzte Lesezeit":"1\u00a0Minute"},"schema":{"@context":"https:\/\/schema.org","@graph":[{"@type":"WebPage","@id":"https:\/\/kopun.hr\/de\/ma-due-diligence\/","url":"https:\/\/kopun.hr\/de\/ma-due-diligence\/","name":"Unternehmensakquisition - Falls Sie ein Unternehmen verkaufen | Kopun","isPartOf":{"@id":"https:\/\/kopun.hr\/#website"},"datePublished":"2018-04-20T12:50:57+00:00","dateModified":"2019-08-28T10:28:34+00:00","description":"Planen Sie eine Unternehmensakquisition? M&A \/ Due Diligence - Fusionieren Sie sich mit einem Unternehmen - Falls Sie ein Unternehmen verkaufen","breadcrumb":{"@id":"https:\/\/kopun.hr\/de\/ma-due-diligence\/#breadcrumb"},"inLanguage":"de","potentialAction":[{"@type":"ReadAction","target":["https:\/\/kopun.hr\/de\/ma-due-diligence\/"]}]},{"@type":"BreadcrumbList","@id":"https:\/\/kopun.hr\/de\/ma-due-diligence\/#breadcrumb","itemListElement":[{"@type":"ListItem","position":1,"name":"Home","item":"https:\/\/kopun.hr\/de\/"},{"@type":"ListItem","position":2,"name":"M&#038;A \/ Due Diligence"}]},{"@type":"WebSite","@id":"https:\/\/kopun.hr\/#website","url":"https:\/\/kopun.hr\/","name":"Kopun Group","description":"Vidimo sve do zadnjeg zareza i slova zakona","publisher":{"@id":"https:\/\/kopun.hr\/#organization"},"potentialAction":[{"@type":"SearchAction","target":{"@type":"EntryPoint","urlTemplate":"https:\/\/kopun.hr\/?s={search_term_string}"},"query-input":{"@type":"PropertyValueSpecification","valueRequired":true,"valueName":"search_term_string"}}],"inLanguage":"de"},{"@type":"Organization","@id":"https:\/\/kopun.hr\/#organization","name":"Kopun Group","url":"https:\/\/kopun.hr\/","logo":{"@type":"ImageObject","inLanguage":"de","@id":"https:\/\/kopun.hr\/#\/schema\/logo\/image\/","url":"https:\/\/kopun.hr\/wp-content\/uploads\/2018\/04\/Logo-Kopun-Group-icon-color.png","contentUrl":"https:\/\/kopun.hr\/wp-content\/uploads\/2018\/04\/Logo-Kopun-Group-icon-color.png","width":540,"height":540,"caption":"Kopun Group"},"image":{"@id":"https:\/\/kopun.hr\/#\/schema\/logo\/image\/"},"sameAs":["https:\/\/www.linkedin.com\/company\/kopun-group\/"]}]}},"_links":{"self":[{"href":"https:\/\/kopun.hr\/de\/wp-json\/wp\/v2\/pages\/1150","targetHints":{"allow":["GET"]}}],"collection":[{"href":"https:\/\/kopun.hr\/de\/wp-json\/wp\/v2\/pages"}],"about":[{"href":"https:\/\/kopun.hr\/de\/wp-json\/wp\/v2\/types\/page"}],"author":[{"embeddable":true,"href":"https:\/\/kopun.hr\/de\/wp-json\/wp\/v2\/users\/1"}],"replies":[{"embeddable":true,"href":"https:\/\/kopun.hr\/de\/wp-json\/wp\/v2\/comments?post=1150"}],"version-history":[{"count":0,"href":"https:\/\/kopun.hr\/de\/wp-json\/wp\/v2\/pages\/1150\/revisions"}],"wp:attachment":[{"href":"https:\/\/kopun.hr\/de\/wp-json\/wp\/v2\/media?parent=1150"}],"curies":[{"name":"wp","href":"https:\/\/api.w.org\/{rel}","templated":true}]}}