{"id":1148,"date":"2018-04-20T13:06:58","date_gmt":"2018-04-20T13:06:58","guid":{"rendered":"https:\/\/kopun.hr\/kada-osnivate-drustvo\/"},"modified":"2019-08-28T11:15:32","modified_gmt":"2019-08-28T11:15:32","slug":"unternehmensgruendung","status":"publish","type":"page","link":"https:\/\/kopun.hr\/de\/unternehmensgruendung\/","title":{"rendered":"Unternehmensgr\u00fcndung"},"content":{"rendered":"[vc_row type=&#8220;full_width_background&#8220; full_screen_row_position=&#8220;middle&#8220; bg_color=&#8220;#ffffff&#8220; scene_position=&#8220;center&#8220; text_color=&#8220;dark&#8220; text_align=&#8220;left&#8220; bottom_padding=&#8220;50&#8243; overlay_strength=&#8220;0.3&#8243; shape_divider_position=&#8220;bottom&#8220; shape_type=&#8220;&#8220;][vc_column column_padding=&#8220;no-extra-padding&#8220; column_padding_position=&#8220;left-right&#8220; background_color_opacity=&#8220;1&#8243; background_hover_color_opacity=&#8220;1&#8243; column_shadow=&#8220;none&#8220; column_border_radius=&#8220;none&#8220; top_margin=&#8220;50&#8243; width=&#8220;1\/1&#8243; tablet_text_alignment=&#8220;default&#8220; phone_text_alignment=&#8220;default&#8220; column_border_width=&#8220;none&#8220; column_border_style=&#8220;solid&#8220;][vc_column_text]\n<h2>Was m\u00fcssen Sie alles wissen, wenn Sie Ihr eigenes Unternehmen gr\u00fcnden?<\/h2>\n<ul>\n<li>Haben Sie einen Gesch\u00e4ftsplan? Das ist die Grundvoraussetzung f\u00fcr den Gesch\u00e4ftserfolg.<\/li>\n<li>Haben Sie einen Finanzplan? Haben Sie die zur Erreichung Ihrer Ziele erforderlichen Ressourcen ermittelt?<\/li>\n<li>K\u00f6nnen Sie das Gesch\u00e4ft unabh\u00e4ngig finanzieren oder ben\u00f6tigen Sie eine externe Finanzierung?<\/li>\n<li>Haben Sie sich f\u00fcr die Unternehmensform entschieden, die Sie gr\u00fcnden m\u00f6chten? Sollten Sie eine Gesellschaft mit beschr\u00e4nkter Haftung, eine Aktiengesellschaft oder ein Gewerbe gr\u00fcnden?<\/li>\n<li>Haben Sie \u00fcber die rechtlichen Aspekte von Arbeitsfragen oder Lohn-bzw. Gehaltslisten nachgedacht?<\/li>\n<\/ul>\n<h2>Gr\u00fcnden Sie ein Unternehmen im Ausland?<\/h2>\n<p>Ein globales Unternehmen zu gr\u00fcnden ist keine leichte Aufgabe. Wenn Sie bereits ein Global Player sind oder erw\u00e4gen, ein Unternehmen zu verkaufen oder im Ausland zu gr\u00fcnden, ist es geboten, erstklassige Partner in den L\u00e4ndern zu haben, in denen Sie gesch\u00e4ftlich t\u00e4tig sind.<br \/>\nErfahren Sie mehr \u00fcber das globale Netzwerk <a href=\"https:\/\/kopun.hr\/de\/nexia-international\/\">Nexia International<\/a>, in dem wir Mitglied sind.<\/p>\n<h2>Gr\u00fcnden Sie Ihr eigenes Unternehmen<\/h2>\n<p><a href=\"https:\/\/kopun.hr\/poslovno-i-pravno-savjetovanje\/\">Unternehmensgr\u00fcndung, Beratung und Gesch\u00e4ftsplanung<\/a><br \/>\n<a href=\"https:\/\/kopun.hr\/de\/ein-rechnungswesensservice-das-mit-ihrem-unternehmen-mithalten-kann\/\">Buchhaltung<\/a><br \/>\n<a href=\"https:\/\/kopun.hr\/popravite-poreznu-sliku\/\">Steuerberatung<\/a><br \/>\n<a href=\"https:\/\/kopun.hr\/outsourcing-obracuna-placa\/\">Lohn- und Gehaltsabrechnung<\/a><\/p>\n<h2>W\u00e4hlen Sie uns aus!<\/h2>\n<ul>\n<li><strong>Erfahrung und Gesch\u00e4ftsfokus<\/strong> \u2013 Wir waren Gr\u00fcndungsberater oder Vermittler bei einer Vielzahl von Start-ups, Tochtergesellschaften und Niederlassungen. Wir sind hier, wenn Sie uns brauchen und wir sind gro\u00df genug, um Sie bei Ihrem Gesch\u00e4ftswachstum zu unterst\u00fctzen.<\/li>\n<li><strong>Wir sind lokal und global t\u00e4tig<\/strong> \u2013 Wir sind klein genug, um unternehmerisch und engagiert f\u00fcr unsere Kunden zu handeln. Als Mitglied bei <a href=\"https:\/\/kopun.hr\/de\/nexia-international\/\">Nexia International<\/a> sind wir jedoch so vernetzt, dass wir unseren Kunden auch auf globaler Ebene Unterst\u00fctzung leisten.<strong><br \/>\n<\/strong><\/li>\n<li><strong>Wir pflegen dauerhafte Beziehungen<\/strong> \u2013 Wir bauen seit 28 Jahren Gesch\u00e4ftsbeziehungen und Freundschaften auf. Wir f\u00f6rdern Professionalit\u00e4t, legen Wert auf harte Arbeit und gehen mit unseren Kunden individuell um.<\/li>\n<\/ul>\n[\/vc_column_text][nectar_btn size=&#8220;large&#8220; button_style=&#8220;regular&#8220; button_color_2=&#8220;Accent-Color&#8220; icon_family=&#8220;none&#8220; url=&#8220;#sidebar&#8220; text=&#8220;Sprechen Sie uns an&#8220; margin_top=&#8220;50&#8243;][\/vc_column][\/vc_row]\n","protected":false},"excerpt":{"rendered":"<p>[vc_row type=&#8220;full_width_background&#8220; full_screen_row_position=&#8220;middle&#8220; bg_color=&#8220;#ffffff&#8220; scene_position=&#8220;center&#8220; text_color=&#8220;dark&#8220; text_align=&#8220;left&#8220; bottom_padding=&#8220;50&#8243; overlay_strength=&#8220;0.3&#8243; shape_divider_position=&#8220;bottom&#8220; shape_type=&#8220;&#8220;][vc_column column_padding=&#8220;no-extra-padding&#8220; column_padding_position=&#8220;left-right&#8220; background_color_opacity=&#8220;1&#8243; background_hover_color_opacity=&#8220;1&#8243; column_shadow=&#8220;none&#8220; column_border_radius=&#8220;none&#8220; top_margin=&#8220;50&#8243; width=&#8220;1\/1&#8243; tablet_text_alignment=&#8220;default&#8220; phone_text_alignment=&#8220;default&#8220; column_border_width=&#8220;none&#8220; column_border_style=&#8220;solid&#8220;][vc_column_text] Was m\u00fcssen Sie alles wissen, wenn Sie&#8230;<\/p>\n","protected":false},"author":1,"featured_media":0,"parent":0,"menu_order":0,"comment_status":"closed","ping_status":"closed","template":"page-sidebar.php","meta":{"footnotes":""},"class_list":["post-1148","page","type-page","status-publish"],"yoast_head":"<!-- This site is optimized with the Yoast SEO Premium plugin v23.0 (Yoast SEO v27.3) - https:\/\/yoast.com\/product\/yoast-seo-premium-wordpress\/ -->\n<title>Unternehmensgr\u00fcndung | Kopun Group - Haben Sie einen Gesch\u00e4ftsplan?<\/title>\n<meta name=\"description\" content=\"Unternehmensgr\u00fcndung - Was m\u00fcssen Sie alles wissen, wenn Sie Ihr eigenes Unternehmen gr\u00fcnden? Haben Sie einen Finanzplan?\" \/>\n<meta name=\"robots\" content=\"index, follow, max-snippet:-1, max-image-preview:large, max-video-preview:-1\" \/>\n<link rel=\"canonical\" href=\"https:\/\/kopun.hr\/de\/unternehmensgruendung\/\" \/>\n<meta property=\"og:locale\" content=\"de_DE\" \/>\n<meta property=\"og:type\" content=\"article\" \/>\n<meta property=\"og:title\" content=\"Unternehmensgr\u00fcndung\" \/>\n<meta property=\"og:description\" content=\"Unternehmensgr\u00fcndung - Was m\u00fcssen Sie alles wissen, wenn Sie Ihr eigenes Unternehmen gr\u00fcnden? Haben Sie einen Finanzplan?\" \/>\n<meta property=\"og:url\" content=\"https:\/\/kopun.hr\/de\/unternehmensgruendung\/\" \/>\n<meta property=\"og:site_name\" content=\"Kopun Group\" \/>\n<meta property=\"article:modified_time\" content=\"2019-08-28T11:15:32+00:00\" \/>\n<meta property=\"og:image\" content=\"https:\/\/kopun.hr\/wp-content\/uploads\/2020\/03\/social-share-kopun.jpg\" \/>\n\t<meta property=\"og:image:width\" content=\"1200\" \/>\n\t<meta property=\"og:image:height\" content=\"630\" \/>\n\t<meta property=\"og:image:type\" content=\"image\/jpeg\" \/>\n<meta name=\"twitter:card\" content=\"summary_large_image\" \/>\n<meta name=\"twitter:label1\" content=\"Gesch\u00e4tzte Lesezeit\" \/>\n\t<meta name=\"twitter:data1\" content=\"2\u00a0Minuten\" \/>\n<script type=\"application\/ld+json\" class=\"yoast-schema-graph\">{\"@context\":\"https:\\\/\\\/schema.org\",\"@graph\":[{\"@type\":\"WebPage\",\"@id\":\"https:\\\/\\\/kopun.hr\\\/de\\\/unternehmensgruendung\\\/\",\"url\":\"https:\\\/\\\/kopun.hr\\\/de\\\/unternehmensgruendung\\\/\",\"name\":\"Unternehmensgr\u00fcndung | Kopun Group - Haben Sie einen Gesch\u00e4ftsplan?\",\"isPartOf\":{\"@id\":\"https:\\\/\\\/kopun.hr\\\/#website\"},\"datePublished\":\"2018-04-20T13:06:58+00:00\",\"dateModified\":\"2019-08-28T11:15:32+00:00\",\"description\":\"Unternehmensgr\u00fcndung - Was m\u00fcssen Sie alles wissen, wenn Sie Ihr eigenes Unternehmen gr\u00fcnden? Haben Sie einen Finanzplan?\",\"breadcrumb\":{\"@id\":\"https:\\\/\\\/kopun.hr\\\/de\\\/unternehmensgruendung\\\/#breadcrumb\"},\"inLanguage\":\"de\",\"potentialAction\":[{\"@type\":\"ReadAction\",\"target\":[\"https:\\\/\\\/kopun.hr\\\/de\\\/unternehmensgruendung\\\/\"]}]},{\"@type\":\"BreadcrumbList\",\"@id\":\"https:\\\/\\\/kopun.hr\\\/de\\\/unternehmensgruendung\\\/#breadcrumb\",\"itemListElement\":[{\"@type\":\"ListItem\",\"position\":1,\"name\":\"Home\",\"item\":\"https:\\\/\\\/kopun.hr\\\/de\\\/\"},{\"@type\":\"ListItem\",\"position\":2,\"name\":\"Unternehmensgr\u00fcndung\"}]},{\"@type\":\"WebSite\",\"@id\":\"https:\\\/\\\/kopun.hr\\\/#website\",\"url\":\"https:\\\/\\\/kopun.hr\\\/\",\"name\":\"Kopun Group\",\"description\":\"Vidimo sve do zadnjeg zareza i slova zakona\",\"publisher\":{\"@id\":\"https:\\\/\\\/kopun.hr\\\/#organization\"},\"potentialAction\":[{\"@type\":\"SearchAction\",\"target\":{\"@type\":\"EntryPoint\",\"urlTemplate\":\"https:\\\/\\\/kopun.hr\\\/?s={search_term_string}\"},\"query-input\":{\"@type\":\"PropertyValueSpecification\",\"valueRequired\":true,\"valueName\":\"search_term_string\"}}],\"inLanguage\":\"de\"},{\"@type\":\"Organization\",\"@id\":\"https:\\\/\\\/kopun.hr\\\/#organization\",\"name\":\"Kopun Group\",\"url\":\"https:\\\/\\\/kopun.hr\\\/\",\"logo\":{\"@type\":\"ImageObject\",\"inLanguage\":\"de\",\"@id\":\"https:\\\/\\\/kopun.hr\\\/#\\\/schema\\\/logo\\\/image\\\/\",\"url\":\"https:\\\/\\\/kopun.hr\\\/wp-content\\\/uploads\\\/2018\\\/04\\\/Logo-Kopun-Group-icon-color.png\",\"contentUrl\":\"https:\\\/\\\/kopun.hr\\\/wp-content\\\/uploads\\\/2018\\\/04\\\/Logo-Kopun-Group-icon-color.png\",\"width\":540,\"height\":540,\"caption\":\"Kopun Group\"},\"image\":{\"@id\":\"https:\\\/\\\/kopun.hr\\\/#\\\/schema\\\/logo\\\/image\\\/\"},\"sameAs\":[\"https:\\\/\\\/www.linkedin.com\\\/company\\\/kopun-group\\\/\"]}]}<\/script>\n<!-- \/ Yoast SEO Premium plugin. -->","yoast_head_json":{"title":"Unternehmensgr\u00fcndung | Kopun Group - Haben Sie einen Gesch\u00e4ftsplan?","description":"Unternehmensgr\u00fcndung - Was m\u00fcssen Sie alles wissen, wenn Sie Ihr eigenes Unternehmen gr\u00fcnden? Haben Sie einen Finanzplan?","robots":{"index":"index","follow":"follow","max-snippet":"max-snippet:-1","max-image-preview":"max-image-preview:large","max-video-preview":"max-video-preview:-1"},"canonical":"https:\/\/kopun.hr\/de\/unternehmensgruendung\/","og_locale":"de_DE","og_type":"article","og_title":"Unternehmensgr\u00fcndung","og_description":"Unternehmensgr\u00fcndung - Was m\u00fcssen Sie alles wissen, wenn Sie Ihr eigenes Unternehmen gr\u00fcnden? Haben Sie einen Finanzplan?","og_url":"https:\/\/kopun.hr\/de\/unternehmensgruendung\/","og_site_name":"Kopun Group","article_modified_time":"2019-08-28T11:15:32+00:00","og_image":[{"width":1200,"height":630,"url":"https:\/\/kopun.hr\/wp-content\/uploads\/2020\/03\/social-share-kopun.jpg","type":"image\/jpeg"}],"twitter_card":"summary_large_image","twitter_misc":{"Gesch\u00e4tzte Lesezeit":"2\u00a0Minuten"},"schema":{"@context":"https:\/\/schema.org","@graph":[{"@type":"WebPage","@id":"https:\/\/kopun.hr\/de\/unternehmensgruendung\/","url":"https:\/\/kopun.hr\/de\/unternehmensgruendung\/","name":"Unternehmensgr\u00fcndung | Kopun Group - Haben Sie einen Gesch\u00e4ftsplan?","isPartOf":{"@id":"https:\/\/kopun.hr\/#website"},"datePublished":"2018-04-20T13:06:58+00:00","dateModified":"2019-08-28T11:15:32+00:00","description":"Unternehmensgr\u00fcndung - Was m\u00fcssen Sie alles wissen, wenn Sie Ihr eigenes Unternehmen gr\u00fcnden? Haben Sie einen Finanzplan?","breadcrumb":{"@id":"https:\/\/kopun.hr\/de\/unternehmensgruendung\/#breadcrumb"},"inLanguage":"de","potentialAction":[{"@type":"ReadAction","target":["https:\/\/kopun.hr\/de\/unternehmensgruendung\/"]}]},{"@type":"BreadcrumbList","@id":"https:\/\/kopun.hr\/de\/unternehmensgruendung\/#breadcrumb","itemListElement":[{"@type":"ListItem","position":1,"name":"Home","item":"https:\/\/kopun.hr\/de\/"},{"@type":"ListItem","position":2,"name":"Unternehmensgr\u00fcndung"}]},{"@type":"WebSite","@id":"https:\/\/kopun.hr\/#website","url":"https:\/\/kopun.hr\/","name":"Kopun Group","description":"Vidimo sve do zadnjeg zareza i slova zakona","publisher":{"@id":"https:\/\/kopun.hr\/#organization"},"potentialAction":[{"@type":"SearchAction","target":{"@type":"EntryPoint","urlTemplate":"https:\/\/kopun.hr\/?s={search_term_string}"},"query-input":{"@type":"PropertyValueSpecification","valueRequired":true,"valueName":"search_term_string"}}],"inLanguage":"de"},{"@type":"Organization","@id":"https:\/\/kopun.hr\/#organization","name":"Kopun Group","url":"https:\/\/kopun.hr\/","logo":{"@type":"ImageObject","inLanguage":"de","@id":"https:\/\/kopun.hr\/#\/schema\/logo\/image\/","url":"https:\/\/kopun.hr\/wp-content\/uploads\/2018\/04\/Logo-Kopun-Group-icon-color.png","contentUrl":"https:\/\/kopun.hr\/wp-content\/uploads\/2018\/04\/Logo-Kopun-Group-icon-color.png","width":540,"height":540,"caption":"Kopun Group"},"image":{"@id":"https:\/\/kopun.hr\/#\/schema\/logo\/image\/"},"sameAs":["https:\/\/www.linkedin.com\/company\/kopun-group\/"]}]}},"_links":{"self":[{"href":"https:\/\/kopun.hr\/de\/wp-json\/wp\/v2\/pages\/1148","targetHints":{"allow":["GET"]}}],"collection":[{"href":"https:\/\/kopun.hr\/de\/wp-json\/wp\/v2\/pages"}],"about":[{"href":"https:\/\/kopun.hr\/de\/wp-json\/wp\/v2\/types\/page"}],"author":[{"embeddable":true,"href":"https:\/\/kopun.hr\/de\/wp-json\/wp\/v2\/users\/1"}],"replies":[{"embeddable":true,"href":"https:\/\/kopun.hr\/de\/wp-json\/wp\/v2\/comments?post=1148"}],"version-history":[{"count":0,"href":"https:\/\/kopun.hr\/de\/wp-json\/wp\/v2\/pages\/1148\/revisions"}],"wp:attachment":[{"href":"https:\/\/kopun.hr\/de\/wp-json\/wp\/v2\/media?parent=1148"}],"curies":[{"name":"wp","href":"https:\/\/api.w.org\/{rel}","templated":true}]}}