{"id":1147,"date":"2018-04-20T13:17:29","date_gmt":"2018-04-20T13:17:29","guid":{"rendered":"https:\/\/kopun.hr\/o-nama\/"},"modified":"2019-08-28T11:10:56","modified_gmt":"2019-08-28T11:10:56","slug":"ueber-uns","status":"publish","type":"page","link":"https:\/\/kopun.hr\/de\/ueber-uns\/","title":{"rendered":"\u00dcber uns"},"content":{"rendered":"[vc_row type=&#8220;full_width_background&#8220; full_screen_row_position=&#8220;middle&#8220; bg_color=&#8220;#ffffff&#8220; scene_position=&#8220;center&#8220; text_color=&#8220;dark&#8220; text_align=&#8220;left&#8220; bottom_padding=&#8220;50&#8243; overlay_strength=&#8220;0.3&#8243; shape_divider_position=&#8220;bottom&#8220; shape_type=&#8220;&#8220;][vc_column column_padding=&#8220;no-extra-padding&#8220; column_padding_position=&#8220;left-right&#8220; background_color_opacity=&#8220;1&#8243; background_hover_color_opacity=&#8220;1&#8243; column_shadow=&#8220;none&#8220; column_border_radius=&#8220;none&#8220; top_margin=&#8220;50&#8243; width=&#8220;1\/1&#8243; tablet_text_alignment=&#8220;default&#8220; phone_text_alignment=&#8220;default&#8220; column_border_width=&#8220;none&#8220; column_border_style=&#8220;solid&#8220;][vc_column_text el_class=&#8220;o-kopun-grupi&#8220;]<strong>Die Kopun Gruppe bietet eine umfassende Palette von Buchhaltungs-, Wirtschaftspr\u00fcfungs-, Steuer- und Rechtsberatungsleistungen an, erkennt Gesch\u00e4ftsprobleme und schl\u00e4gt Ma\u00dfnahmen zur Verbesserung der Gesch\u00e4ftst\u00e4tigkeiten vor.<\/strong><\/p>\n<p>Wir k\u00f6nnen Sie bei Akquisitionen, Fusionen und Spaltungen sowie bei Machbarkeitsstudien unterst\u00fctzen.<\/p>\n<p>Wir sind unseren Kunden verpflichtet und bieten proaktive Dienstleistungen an. Wir ordnen Mitglieder unseres Expertenteams den Bed\u00fcrfnissen unserer Kunden und Partner zu, mit denen wir nicht nur Gesch\u00e4ftsbeziehungen, sondern auch Freundschaften aufbauen. Mit derselben Leidenschaft pflegen wir Professionalit\u00e4t, legen Wert auf harte Arbeit und gehen mit unseren Kunden individuell um.<\/p>\n<p>Die Unternehmen der Kopun Gruppe, Kopun i Kopun d.o.o. und Kopun Revizije d.o.o. wurden in den Jahren 1990 und 1993 gegr\u00fcndet, etwa zu der Zeit, als sich das Privatunternehmertum in Kroatien entwickelten.<\/p>\n<p>Wir sind Mitglied bei Nexia International, einem globalen Netzwerk unabh\u00e4ngiger Rechnungspr\u00fcfungs- und Unternehmensberatungsgesellschaften, das Wirtschaftspr\u00fcfungs-, Steuer- und Unternehmensberatungsdienste anbietet. Wir sind klein genug, um unternehmerisch, hochqualitativ und f\u00fcr unsere Kunden extrem engagiert zu sein, w\u00e4hrenddessen wir als Mitglied bei Nexia International geb\u00fchrend verzweigt sind, um unseren Kunden auch auf globaler Ebene zu dienen. Neben der Mitgliedschaft bei Nexia International sind wir Mitglied in der kroatischen Wirtschaftspr\u00fcfungskammer, im Verband der Steuerberater und Finanzexperten in Zagreb sowie im Verband der kroatischen Buchhalter. Wir verfolgen entsprechende Gesetzes\u00e4nderungen mit Aufmerksamkeit und legen besonderen Wert auf die Abhaltung von professionellen Seminaren und internen Schulungen. Heute ist die Kopun Gruppe eine der f\u00fchrenden Steuerberatungs- und Wirtschaftspr\u00fcfungsgesellschaften in Kroatien.<\/p>\n<p>Sie k\u00f6nnen uns jederzeit kontaktieren und Ihre gesch\u00e4ftlichen Herausforderungen \u00fcberwinden. Wenn Sie Experten ben\u00f6tigen, die die Einzigartigkeit Ihres Gesch\u00e4ftsumfelds verstehen oder Zahlen aus Tabellen in profitable Gesch\u00e4ftsentscheidungen verwandeln k\u00f6nnen, dann rufen Sie uns an!<br \/>\nSie k\u00f6nnen uns auf Englisch, Deutsch und Kroatisch kontaktieren.<\/p>\n<ul>\n<li><strong>Unsere Werte<\/strong> \u2013 Wir stehen unseren Kunden praktisch, professionell und proaktiv zu Diensten.<\/li>\n<li><strong>Unsere Tradition<\/strong> \u2013 Bei allem, was wir tun, sind wir innovativ und proaktiv. Wir sind stolz auf unsere Anf\u00e4nge und den Erfolg, die unsere Kunden in den letzten 28 Jahren hatten.<\/li>\n<li><strong>Unsere Kunden<\/strong> \u2013 Wir pflegen pers\u00f6nliche Beziehungen und Vertrauen, die den Weg zu dauerhaften Beziehungen ebnen.<\/li>\n<li><strong>Weltweit verbunden<\/strong> \u2013 Als Mitglied bei Nexia International, dem weltweit f\u00fchrenden Netzwerk unabh\u00e4ngiger Wirtschaftspr\u00fcfungs-, Steuerberatungs- und Unternehmensberatungsgesellschaften, unterst\u00fctzen und vernetzen wir Sie weltweit.<\/li>\n<li><strong>Soziale Verantwortung der Unternehmen<\/strong> \u2013 Die Kopun Gruppe hat von Anfang an Werte gef\u00f6rdert, die die wirtschaftliche, soziale und \u00f6kologische Nachhaltigkeit f\u00f6rdern und wir sind aktiver Teilnehmer des UN Global Compact-Programms.<\/li>\n<\/ul>\n[\/vc_column_text][nectar_btn size=&#8220;large&#8220; button_style=&#8220;regular&#8220; button_color_2=&#8220;Accent-Color&#8220; icon_family=&#8220;none&#8220; url=&#8220;#sidebar&#8220; text=&#8220;Sprechen Sie uns an&#8220; margin_top=&#8220;50&#8243;][\/vc_column][\/vc_row]\n","protected":false},"excerpt":{"rendered":"<p>[vc_row type=&#8220;full_width_background&#8220; full_screen_row_position=&#8220;middle&#8220; bg_color=&#8220;#ffffff&#8220; scene_position=&#8220;center&#8220; text_color=&#8220;dark&#8220; text_align=&#8220;left&#8220; bottom_padding=&#8220;50&#8243; overlay_strength=&#8220;0.3&#8243; shape_divider_position=&#8220;bottom&#8220; shape_type=&#8220;&#8220;][vc_column column_padding=&#8220;no-extra-padding&#8220; column_padding_position=&#8220;left-right&#8220; background_color_opacity=&#8220;1&#8243; background_hover_color_opacity=&#8220;1&#8243; column_shadow=&#8220;none&#8220; column_border_radius=&#8220;none&#8220; top_margin=&#8220;50&#8243; width=&#8220;1\/1&#8243; tablet_text_alignment=&#8220;default&#8220; phone_text_alignment=&#8220;default&#8220; column_border_width=&#8220;none&#8220; column_border_style=&#8220;solid&#8220;][vc_column_text el_class=&#8220;o-kopun-grupi&#8220;]Die Kopun Gruppe bietet eine umfassende Palette&#8230;<\/p>\n","protected":false},"author":1,"featured_media":0,"parent":0,"menu_order":0,"comment_status":"closed","ping_status":"closed","template":"page-sidebar.php","meta":{"footnotes":""},"class_list":["post-1147","page","type-page","status-publish"],"yoast_head":"<!-- This site is optimized with the Yoast SEO Premium plugin v23.0 (Yoast SEO v27.3) - https:\/\/yoast.com\/product\/yoast-seo-premium-wordpress\/ -->\n<title>Kopun Group | Weltweit verbunden \u2013 Als Mitglied bei Nexia International<\/title>\n<meta name=\"description\" content=\"Die Kopun Gruppe bietet eine umfassende Palette von Buchhaltungs-, Wirtschaftspr\u00fcfungs-, Steuer- und Rechtsberatungsleistungen...\" \/>\n<meta name=\"robots\" content=\"index, follow, max-snippet:-1, max-image-preview:large, max-video-preview:-1\" \/>\n<link rel=\"canonical\" href=\"https:\/\/kopun.hr\/de\/ueber-uns\/\" \/>\n<meta property=\"og:locale\" content=\"de_DE\" \/>\n<meta property=\"og:type\" content=\"article\" \/>\n<meta property=\"og:title\" content=\"\u00dcber uns\" \/>\n<meta property=\"og:description\" content=\"Die Kopun Gruppe bietet eine umfassende Palette von Buchhaltungs-, Wirtschaftspr\u00fcfungs-, Steuer- und Rechtsberatungsleistungen...\" \/>\n<meta property=\"og:url\" content=\"https:\/\/kopun.hr\/de\/ueber-uns\/\" \/>\n<meta property=\"og:site_name\" content=\"Kopun Group\" \/>\n<meta property=\"article:modified_time\" content=\"2019-08-28T11:10:56+00:00\" \/>\n<meta property=\"og:image\" content=\"https:\/\/kopun.hr\/wp-content\/uploads\/2020\/03\/social-share-kopun.jpg\" \/>\n\t<meta property=\"og:image:width\" content=\"1200\" \/>\n\t<meta property=\"og:image:height\" content=\"630\" \/>\n\t<meta property=\"og:image:type\" content=\"image\/jpeg\" \/>\n<meta name=\"twitter:card\" content=\"summary_large_image\" \/>\n<meta name=\"twitter:label1\" content=\"Gesch\u00e4tzte Lesezeit\" \/>\n\t<meta name=\"twitter:data1\" content=\"3\u00a0Minuten\" \/>\n<script type=\"application\/ld+json\" class=\"yoast-schema-graph\">{\"@context\":\"https:\\\/\\\/schema.org\",\"@graph\":[{\"@type\":\"WebPage\",\"@id\":\"https:\\\/\\\/kopun.hr\\\/de\\\/ueber-uns\\\/\",\"url\":\"https:\\\/\\\/kopun.hr\\\/de\\\/ueber-uns\\\/\",\"name\":\"Kopun Group | Weltweit verbunden \u2013 Als Mitglied bei Nexia International\",\"isPartOf\":{\"@id\":\"https:\\\/\\\/kopun.hr\\\/#website\"},\"datePublished\":\"2018-04-20T13:17:29+00:00\",\"dateModified\":\"2019-08-28T11:10:56+00:00\",\"description\":\"Die Kopun Gruppe bietet eine umfassende Palette von Buchhaltungs-, Wirtschaftspr\u00fcfungs-, Steuer- und Rechtsberatungsleistungen...\",\"breadcrumb\":{\"@id\":\"https:\\\/\\\/kopun.hr\\\/de\\\/ueber-uns\\\/#breadcrumb\"},\"inLanguage\":\"de\",\"potentialAction\":[{\"@type\":\"ReadAction\",\"target\":[\"https:\\\/\\\/kopun.hr\\\/de\\\/ueber-uns\\\/\"]}]},{\"@type\":\"BreadcrumbList\",\"@id\":\"https:\\\/\\\/kopun.hr\\\/de\\\/ueber-uns\\\/#breadcrumb\",\"itemListElement\":[{\"@type\":\"ListItem\",\"position\":1,\"name\":\"Home\",\"item\":\"https:\\\/\\\/kopun.hr\\\/de\\\/\"},{\"@type\":\"ListItem\",\"position\":2,\"name\":\"\u00dcber uns\"}]},{\"@type\":\"WebSite\",\"@id\":\"https:\\\/\\\/kopun.hr\\\/#website\",\"url\":\"https:\\\/\\\/kopun.hr\\\/\",\"name\":\"Kopun Group\",\"description\":\"Vidimo sve do zadnjeg zareza i slova zakona\",\"publisher\":{\"@id\":\"https:\\\/\\\/kopun.hr\\\/#organization\"},\"potentialAction\":[{\"@type\":\"SearchAction\",\"target\":{\"@type\":\"EntryPoint\",\"urlTemplate\":\"https:\\\/\\\/kopun.hr\\\/?s={search_term_string}\"},\"query-input\":{\"@type\":\"PropertyValueSpecification\",\"valueRequired\":true,\"valueName\":\"search_term_string\"}}],\"inLanguage\":\"de\"},{\"@type\":\"Organization\",\"@id\":\"https:\\\/\\\/kopun.hr\\\/#organization\",\"name\":\"Kopun Group\",\"url\":\"https:\\\/\\\/kopun.hr\\\/\",\"logo\":{\"@type\":\"ImageObject\",\"inLanguage\":\"de\",\"@id\":\"https:\\\/\\\/kopun.hr\\\/#\\\/schema\\\/logo\\\/image\\\/\",\"url\":\"https:\\\/\\\/kopun.hr\\\/wp-content\\\/uploads\\\/2018\\\/04\\\/Logo-Kopun-Group-icon-color.png\",\"contentUrl\":\"https:\\\/\\\/kopun.hr\\\/wp-content\\\/uploads\\\/2018\\\/04\\\/Logo-Kopun-Group-icon-color.png\",\"width\":540,\"height\":540,\"caption\":\"Kopun Group\"},\"image\":{\"@id\":\"https:\\\/\\\/kopun.hr\\\/#\\\/schema\\\/logo\\\/image\\\/\"},\"sameAs\":[\"https:\\\/\\\/www.linkedin.com\\\/company\\\/kopun-group\\\/\"]}]}<\/script>\n<!-- \/ Yoast SEO Premium plugin. -->","yoast_head_json":{"title":"Kopun Group | Weltweit verbunden \u2013 Als Mitglied bei Nexia International","description":"Die Kopun Gruppe bietet eine umfassende Palette von Buchhaltungs-, Wirtschaftspr\u00fcfungs-, Steuer- und Rechtsberatungsleistungen...","robots":{"index":"index","follow":"follow","max-snippet":"max-snippet:-1","max-image-preview":"max-image-preview:large","max-video-preview":"max-video-preview:-1"},"canonical":"https:\/\/kopun.hr\/de\/ueber-uns\/","og_locale":"de_DE","og_type":"article","og_title":"\u00dcber uns","og_description":"Die Kopun Gruppe bietet eine umfassende Palette von Buchhaltungs-, Wirtschaftspr\u00fcfungs-, Steuer- und Rechtsberatungsleistungen...","og_url":"https:\/\/kopun.hr\/de\/ueber-uns\/","og_site_name":"Kopun Group","article_modified_time":"2019-08-28T11:10:56+00:00","og_image":[{"width":1200,"height":630,"url":"https:\/\/kopun.hr\/wp-content\/uploads\/2020\/03\/social-share-kopun.jpg","type":"image\/jpeg"}],"twitter_card":"summary_large_image","twitter_misc":{"Gesch\u00e4tzte Lesezeit":"3\u00a0Minuten"},"schema":{"@context":"https:\/\/schema.org","@graph":[{"@type":"WebPage","@id":"https:\/\/kopun.hr\/de\/ueber-uns\/","url":"https:\/\/kopun.hr\/de\/ueber-uns\/","name":"Kopun Group | Weltweit verbunden \u2013 Als Mitglied bei Nexia International","isPartOf":{"@id":"https:\/\/kopun.hr\/#website"},"datePublished":"2018-04-20T13:17:29+00:00","dateModified":"2019-08-28T11:10:56+00:00","description":"Die Kopun Gruppe bietet eine umfassende Palette von Buchhaltungs-, Wirtschaftspr\u00fcfungs-, Steuer- und Rechtsberatungsleistungen...","breadcrumb":{"@id":"https:\/\/kopun.hr\/de\/ueber-uns\/#breadcrumb"},"inLanguage":"de","potentialAction":[{"@type":"ReadAction","target":["https:\/\/kopun.hr\/de\/ueber-uns\/"]}]},{"@type":"BreadcrumbList","@id":"https:\/\/kopun.hr\/de\/ueber-uns\/#breadcrumb","itemListElement":[{"@type":"ListItem","position":1,"name":"Home","item":"https:\/\/kopun.hr\/de\/"},{"@type":"ListItem","position":2,"name":"\u00dcber uns"}]},{"@type":"WebSite","@id":"https:\/\/kopun.hr\/#website","url":"https:\/\/kopun.hr\/","name":"Kopun Group","description":"Vidimo sve do zadnjeg zareza i slova zakona","publisher":{"@id":"https:\/\/kopun.hr\/#organization"},"potentialAction":[{"@type":"SearchAction","target":{"@type":"EntryPoint","urlTemplate":"https:\/\/kopun.hr\/?s={search_term_string}"},"query-input":{"@type":"PropertyValueSpecification","valueRequired":true,"valueName":"search_term_string"}}],"inLanguage":"de"},{"@type":"Organization","@id":"https:\/\/kopun.hr\/#organization","name":"Kopun Group","url":"https:\/\/kopun.hr\/","logo":{"@type":"ImageObject","inLanguage":"de","@id":"https:\/\/kopun.hr\/#\/schema\/logo\/image\/","url":"https:\/\/kopun.hr\/wp-content\/uploads\/2018\/04\/Logo-Kopun-Group-icon-color.png","contentUrl":"https:\/\/kopun.hr\/wp-content\/uploads\/2018\/04\/Logo-Kopun-Group-icon-color.png","width":540,"height":540,"caption":"Kopun Group"},"image":{"@id":"https:\/\/kopun.hr\/#\/schema\/logo\/image\/"},"sameAs":["https:\/\/www.linkedin.com\/company\/kopun-group\/"]}]}},"_links":{"self":[{"href":"https:\/\/kopun.hr\/de\/wp-json\/wp\/v2\/pages\/1147","targetHints":{"allow":["GET"]}}],"collection":[{"href":"https:\/\/kopun.hr\/de\/wp-json\/wp\/v2\/pages"}],"about":[{"href":"https:\/\/kopun.hr\/de\/wp-json\/wp\/v2\/types\/page"}],"author":[{"embeddable":true,"href":"https:\/\/kopun.hr\/de\/wp-json\/wp\/v2\/users\/1"}],"replies":[{"embeddable":true,"href":"https:\/\/kopun.hr\/de\/wp-json\/wp\/v2\/comments?post=1147"}],"version-history":[{"count":0,"href":"https:\/\/kopun.hr\/de\/wp-json\/wp\/v2\/pages\/1147\/revisions"}],"wp:attachment":[{"href":"https:\/\/kopun.hr\/de\/wp-json\/wp\/v2\/media?parent=1147"}],"curies":[{"name":"wp","href":"https:\/\/api.w.org\/{rel}","templated":true}]}}