{"id":1144,"date":"2018-04-27T10:48:13","date_gmt":"2018-04-27T10:48:13","guid":{"rendered":"https:\/\/kopun.hr\/pravne-napomene\/"},"modified":"2019-08-28T11:23:43","modified_gmt":"2019-08-28T11:23:43","slug":"pravne-napomene","status":"publish","type":"page","link":"https:\/\/kopun.hr\/de\/pravne-napomene\/","title":{"rendered":"Pravne napomene"},"content":{"rendered":"[vc_row type=&#8220;full_width_background&#8220; full_screen_row_position=&#8220;middle&#8220; bg_color=&#8220;#ffffff&#8220; scene_position=&#8220;center&#8220; text_color=&#8220;dark&#8220; text_align=&#8220;left&#8220; bottom_padding=&#8220;50&#8243; overlay_strength=&#8220;0.3&#8243; shape_divider_position=&#8220;bottom&#8220; shape_type=&#8220;&#8220;][vc_column column_padding=&#8220;no-extra-padding&#8220; column_padding_position=&#8220;left-right&#8220; background_color_opacity=&#8220;1&#8243; background_hover_color_opacity=&#8220;1&#8243; column_shadow=&#8220;none&#8220; column_border_radius=&#8220;none&#8220; top_margin=&#8220;50&#8243; width=&#8220;1\/1&#8243; tablet_text_alignment=&#8220;default&#8220; phone_text_alignment=&#8220;default&#8220; column_border_width=&#8220;none&#8220; column_border_style=&#8220;solid&#8220;][vc_column_text el_class=&#8220;o-kopun-grupi&#8220;]<strong>PRAVILA I UVJETI KORI\u0160TENJA<\/strong><\/p>\n<p>Sljede\u0107a pravila i uvjeti odnosi se na Va\u0161e kori\u0161tenje ove slu\u017ebene webstranice (<a href=\"https:\/\/kopun.hr\/\">www.kopun.hr<\/a>; dalje u tekstu: web stranica) na koja morate pristati prije kori\u0161tenja istih. Samim kori\u0161tenjem web stranica pristajete biti vezani ovim pravilima i uvjetima kori\u0161tenja. Ukoliko se ne sla\u017eete s prethodno navedenim, molimo prestanite se korisiti ovim web stranicama.<\/p>\n<p>Kopun Group je marketin\u0161ki termin koji objedinjuje trgova\u010dka dru\u0161tva Kopun i Kopun d.o.o. i Kopun revizije d.o.o.<\/p>\n<p><strong>OGRANI\u010cENJE ODGOVORNOSTI \/ LINKOVI NA VANJSKE WEB STRANICE<\/strong><\/p>\n<p>Ove web stranice zajedno sa svim svojim sadr\u017eajem pru\u017eaju se u stanju \u02ddkakvi jesu\u02dd te stoga Kopun Group nije odgovorna za sadr\u017eaj i pouzdanost vanjskih web stranica za koje osigurava poveznicu. Bilo koja poveznica na vanjsku web stranicu ne zna\u010di nu\u017eno podr\u017eavanje stajali\u0161ta izra\u017eena na njima. Izmjene i dopune sadr\u017eaja ove web stranice mogu se unijeti u bilo kojem trenutku i bez ikakve obavijesti korisnicima iste. Nismo odgovorni za mogu\u0107e posljedice koje proiza\u0111u iz kori\u0161tenja vanjskih web stranica za koje smo naveli poveznicu, te je isklju\u010dena odgovornost za \u0161tetu ili druge gubitke koji proizlaze iz va\u0161eg pouzdanja u na\u0161e web stranice i sav njihov sadr\u017eaj.<\/p>\n<p><strong>NE PRU\u017dAMO ODVJETNI\u010cKE USLUGE<\/strong><\/p>\n<p>Sva pravna mi\u0161ljenja, \u010dlanci, novosti i bilo koje druge informacije, slu\u017ee isklju\u010divo u svrhu informiranja i ne zamjenjuju pravne usluge koji pru\u017eaju odvjetnici, niti kori\u0161tenjem ovih web stranica nastaje izme\u0111u nas odnos odvjetnika i stranke.<\/p>\n<p><strong>AUTORSKO PRAVO<\/strong><\/p>\n<p>Sav sadr\u017eaj i prava na ovim web stranicama su pridr\u017eani. Dopu\u0161teno je koristiti, umno\u017eavati i redistributirati sadr\u017eaj na ovim web stranicama isklju\u010divo u osobne i ne komercijalne svrhe. U suprotnom, ukoliko nemate prethodnu pisanu suglasnost od Kopun Grupe, takve radnje su zabranjene za sav sadr\u017eaj i materijal na ovim web stranicama za koja Kopun Group pola\u017ee autorsko pravo.<strong>\u00a0<\/strong><\/p>\n<p><strong>OP\u0106ENITO \/ MJERODAVNO PRAVO I JURISDIKCIJA<\/strong><\/p>\n<p>Bilo kakvo neovla\u0161teno kori\u0161tenje ovih web stranica mo\u017ee biti pravna osnova za naknadu \u0161tete ili bilo koju drugu pravnu radnju koja proizlazi iz istog.<\/p>\n<p>Za ove web stranice te pravila i uvjete kori\u0161tenja mjerodavno je hrvatsko pravo. U slu\u010daju spora koji proiza\u0111e iz istih odre\u0111uje se nadle\u017enost stvarno nadle\u017enog suda u Zagrebu.<\/p>\n<p><strong>NEXIA DISCLAIMER<\/strong><\/p>\n<p>Kopun Group \u010dlanica je mre\u017ee\u02ddNexia International\u02dd.<\/p>\n<p>Nexia Intenational je vode\u0107a svjetska mre\u017ea nezavisnih ra\u010dunovodstvenih i savjetodavnih pravnih osoba te pru\u017ea sveobuhvatan portfelj revizorskih, ra\u010dunovodstvenih, poreznih i savjetodavnih usluga.<\/p>\n<p>\u02ddNexia international\u02dd djeluje i pod imenom Nexia International Limited, a koja je pravna osoba registrirana na Otoku Man i upravlja Nexia Internacionalnom mre\u017eom. Registarski broj Nexia International Limited je: 53513C, a adresa sjedi\u0161ta: Sixty Circular Road, 1st floor, Douglas, Isle of Man, IM1 1SA.<\/p>\n<p>Nexia International Limited ne pru\u017ea usluge u svoje ime ili na bilo koji drugi na\u010din. Nexia International Limited i pravne osobe koje\u00a0 su \u010dlanice Nexia internacionalne mre\u017ee (uklju\u010duju\u0107i pravne osobe koje su \u010dlanice i posluju isklju\u010divo pod nazivom Nexia) nisu dio partnerstva na svjetskoj razini. Nexia international Limited isklju\u010duje odgovornost za bilo koju radnju ili propust radnje, te odgovornost op\u0107enito za bilo koju pravnu osobu koja je \u010dlanica iste. Svaka pravna osoba \u010dlanica\u00a0 koja je dio Nexia internacionalne mre\u017ee je odvojeni pravni subjekt.<\/p>\n<p>Nexia International Limited isklju\u010duje odgovornost za bilo koju \u0161tetu koja proizlazi iz poduzimanja radnje ili propu\u0161tanja radnje koja se temelji na sadr\u017eaju ovih web stranica, te bilo kojih drugih dokumenata i vanjskih poveznica osiguranih na istima.<\/p>\n<p>Za\u0161titni znakovi NEXIA INTERNATIONA, NEXIA i NEXIA logo u vlasni\u0161tvu su Nexia International Limited i kori\u0161teni su samo pod licencom. Referiranje na NEXIA ili NEXIA INTERNATIONAL odnosi se na Nexia International Limited ili na \u02ddNexia International\u02dd mre\u017eu pravnih osoba, ovisno o kontekstu u sadr\u017eaju.<\/p>\n<p><strong><em>KOPUN GROUP:<\/em><\/strong><br \/>\n[one_half]\n<p><strong>Tvrtka:<br \/>\n<\/strong>Kopun i Kopun d.o.o.<\/p>\n<p><strong>Sjedi\u0161te:<\/strong><br \/>\nTrg \u017ertava fa\u0161izma\u00a0 14, 10 000 Zagreb<\/p>\n<p><strong>Sudski registar, MBS, OIB:<\/strong><br \/>\nTrgova\u010dki sud u Zagrebu,<br \/>\nMBS: 080200145,<br \/>\nOIB: 55038564598<br \/>\n[\/one_half][one_half]\n<p><strong>Tvrtka:<br \/>\n<\/strong>Kopun revizije d.o.o.<\/p>\n<p><strong>Sjedi\u0161te:<\/strong><br \/>\nTrg \u017ertava fa\u0161izma 14, 10 000 Zagreb<\/p>\n<p><strong>Sudski registar, MBS, OIB:<\/strong><br \/>\nTrgova\u010dki sud u Zagrebu,<br \/>\nMBS: 080108173<br \/>\nOIB: 07933708965<br \/>\n[\/one_half][\/vc_column_text][\/vc_column][\/vc_row]\n","protected":false},"excerpt":{"rendered":"<p>[vc_row type=&#8220;full_width_background&#8220; full_screen_row_position=&#8220;middle&#8220; bg_color=&#8220;#ffffff&#8220; scene_position=&#8220;center&#8220; text_color=&#8220;dark&#8220; text_align=&#8220;left&#8220; bottom_padding=&#8220;50&#8243; overlay_strength=&#8220;0.3&#8243; shape_divider_position=&#8220;bottom&#8220; shape_type=&#8220;&#8220;][vc_column column_padding=&#8220;no-extra-padding&#8220; column_padding_position=&#8220;left-right&#8220; background_color_opacity=&#8220;1&#8243; background_hover_color_opacity=&#8220;1&#8243; column_shadow=&#8220;none&#8220; column_border_radius=&#8220;none&#8220; top_margin=&#8220;50&#8243; width=&#8220;1\/1&#8243; tablet_text_alignment=&#8220;default&#8220; phone_text_alignment=&#8220;default&#8220; column_border_width=&#8220;none&#8220; column_border_style=&#8220;solid&#8220;][vc_column_text el_class=&#8220;o-kopun-grupi&#8220;]PRAVILA I UVJETI KORI\u0160TENJA Sljede\u0107a pravila i&#8230;<\/p>\n","protected":false},"author":1,"featured_media":0,"parent":0,"menu_order":0,"comment_status":"closed","ping_status":"closed","template":"page-sidebar.php","meta":{"footnotes":""},"class_list":["post-1144","page","type-page","status-publish"],"yoast_head":"<!-- This site is optimized with the Yoast SEO Premium plugin v23.0 (Yoast SEO v27.3) - https:\/\/yoast.com\/product\/yoast-seo-premium-wordpress\/ -->\n<title>Pravne napomene | Kopun Group<\/title>\n<meta name=\"description\" content=\"Ove web stranice zajedno sa svim svojim sadr\u017eajem pru\u017eaju se u stanju \u02ddkakvi jesu\u02dd te stoga Kopun Group nije odgovorna za sadr\u017eaj i pouzdanost vanjskih web stranica za koje osigurava poveznicu. Bilo koja poveznica na vanjsku web stranicu ne zna\u010di nu\u017eno podr\u017eavanje stajali\u0161ta izra\u017eena na njima.\" \/>\n<meta name=\"robots\" content=\"index, follow, max-snippet:-1, max-image-preview:large, max-video-preview:-1\" \/>\n<link rel=\"canonical\" href=\"https:\/\/kopun.hr\/de\/pravne-napomene\/\" \/>\n<meta property=\"og:locale\" content=\"de_DE\" \/>\n<meta property=\"og:type\" content=\"article\" \/>\n<meta property=\"og:title\" content=\"Pravne napomene\" \/>\n<meta property=\"og:description\" content=\"Ove web stranice zajedno sa svim svojim sadr\u017eajem pru\u017eaju se u stanju \u02ddkakvi jesu\u02dd te stoga Kopun Group nije odgovorna za sadr\u017eaj i pouzdanost vanjskih web stranica za koje osigurava poveznicu. Bilo koja poveznica na vanjsku web stranicu ne zna\u010di nu\u017eno podr\u017eavanje stajali\u0161ta izra\u017eena na njima.\" \/>\n<meta property=\"og:url\" content=\"https:\/\/kopun.hr\/de\/pravne-napomene\/\" \/>\n<meta property=\"og:site_name\" content=\"Kopun Group\" \/>\n<meta property=\"article:modified_time\" content=\"2019-08-28T11:23:43+00:00\" \/>\n<meta property=\"og:image\" content=\"https:\/\/kopun.hr\/wp-content\/uploads\/2020\/03\/social-share-kopun.jpg\" \/>\n\t<meta property=\"og:image:width\" content=\"1200\" \/>\n\t<meta property=\"og:image:height\" content=\"630\" \/>\n\t<meta property=\"og:image:type\" content=\"image\/jpeg\" \/>\n<meta name=\"twitter:card\" content=\"summary_large_image\" \/>\n<meta name=\"twitter:label1\" content=\"Gesch\u00e4tzte Lesezeit\" \/>\n\t<meta name=\"twitter:data1\" content=\"4\u00a0Minuten\" \/>\n<script type=\"application\/ld+json\" class=\"yoast-schema-graph\">{\"@context\":\"https:\\\/\\\/schema.org\",\"@graph\":[{\"@type\":\"WebPage\",\"@id\":\"https:\\\/\\\/kopun.hr\\\/de\\\/pravne-napomene\\\/\",\"url\":\"https:\\\/\\\/kopun.hr\\\/de\\\/pravne-napomene\\\/\",\"name\":\"Pravne napomene | Kopun Group\",\"isPartOf\":{\"@id\":\"https:\\\/\\\/kopun.hr\\\/#website\"},\"datePublished\":\"2018-04-27T10:48:13+00:00\",\"dateModified\":\"2019-08-28T11:23:43+00:00\",\"description\":\"Ove web stranice zajedno sa svim svojim sadr\u017eajem pru\u017eaju se u stanju \u02ddkakvi jesu\u02dd te stoga Kopun Group nije odgovorna za sadr\u017eaj i pouzdanost vanjskih web stranica za koje osigurava poveznicu. Bilo koja poveznica na vanjsku web stranicu ne zna\u010di nu\u017eno podr\u017eavanje stajali\u0161ta izra\u017eena na njima.\",\"breadcrumb\":{\"@id\":\"https:\\\/\\\/kopun.hr\\\/de\\\/pravne-napomene\\\/#breadcrumb\"},\"inLanguage\":\"de\",\"potentialAction\":[{\"@type\":\"ReadAction\",\"target\":[\"https:\\\/\\\/kopun.hr\\\/de\\\/pravne-napomene\\\/\"]}]},{\"@type\":\"BreadcrumbList\",\"@id\":\"https:\\\/\\\/kopun.hr\\\/de\\\/pravne-napomene\\\/#breadcrumb\",\"itemListElement\":[{\"@type\":\"ListItem\",\"position\":1,\"name\":\"Home\",\"item\":\"https:\\\/\\\/kopun.hr\\\/de\\\/\"},{\"@type\":\"ListItem\",\"position\":2,\"name\":\"Pravne napomene\"}]},{\"@type\":\"WebSite\",\"@id\":\"https:\\\/\\\/kopun.hr\\\/#website\",\"url\":\"https:\\\/\\\/kopun.hr\\\/\",\"name\":\"Kopun Group\",\"description\":\"Vidimo sve do zadnjeg zareza i slova zakona\",\"publisher\":{\"@id\":\"https:\\\/\\\/kopun.hr\\\/#organization\"},\"potentialAction\":[{\"@type\":\"SearchAction\",\"target\":{\"@type\":\"EntryPoint\",\"urlTemplate\":\"https:\\\/\\\/kopun.hr\\\/?s={search_term_string}\"},\"query-input\":{\"@type\":\"PropertyValueSpecification\",\"valueRequired\":true,\"valueName\":\"search_term_string\"}}],\"inLanguage\":\"de\"},{\"@type\":\"Organization\",\"@id\":\"https:\\\/\\\/kopun.hr\\\/#organization\",\"name\":\"Kopun Group\",\"url\":\"https:\\\/\\\/kopun.hr\\\/\",\"logo\":{\"@type\":\"ImageObject\",\"inLanguage\":\"de\",\"@id\":\"https:\\\/\\\/kopun.hr\\\/#\\\/schema\\\/logo\\\/image\\\/\",\"url\":\"https:\\\/\\\/kopun.hr\\\/wp-content\\\/uploads\\\/2018\\\/04\\\/Logo-Kopun-Group-icon-color.png\",\"contentUrl\":\"https:\\\/\\\/kopun.hr\\\/wp-content\\\/uploads\\\/2018\\\/04\\\/Logo-Kopun-Group-icon-color.png\",\"width\":540,\"height\":540,\"caption\":\"Kopun Group\"},\"image\":{\"@id\":\"https:\\\/\\\/kopun.hr\\\/#\\\/schema\\\/logo\\\/image\\\/\"},\"sameAs\":[\"https:\\\/\\\/www.linkedin.com\\\/company\\\/kopun-group\\\/\"]}]}<\/script>\n<!-- \/ Yoast SEO Premium plugin. -->","yoast_head_json":{"title":"Pravne napomene | Kopun Group","description":"Ove web stranice zajedno sa svim svojim sadr\u017eajem pru\u017eaju se u stanju \u02ddkakvi jesu\u02dd te stoga Kopun Group nije odgovorna za sadr\u017eaj i pouzdanost vanjskih web stranica za koje osigurava poveznicu. Bilo koja poveznica na vanjsku web stranicu ne zna\u010di nu\u017eno podr\u017eavanje stajali\u0161ta izra\u017eena na njima.","robots":{"index":"index","follow":"follow","max-snippet":"max-snippet:-1","max-image-preview":"max-image-preview:large","max-video-preview":"max-video-preview:-1"},"canonical":"https:\/\/kopun.hr\/de\/pravne-napomene\/","og_locale":"de_DE","og_type":"article","og_title":"Pravne napomene","og_description":"Ove web stranice zajedno sa svim svojim sadr\u017eajem pru\u017eaju se u stanju \u02ddkakvi jesu\u02dd te stoga Kopun Group nije odgovorna za sadr\u017eaj i pouzdanost vanjskih web stranica za koje osigurava poveznicu. Bilo koja poveznica na vanjsku web stranicu ne zna\u010di nu\u017eno podr\u017eavanje stajali\u0161ta izra\u017eena na njima.","og_url":"https:\/\/kopun.hr\/de\/pravne-napomene\/","og_site_name":"Kopun Group","article_modified_time":"2019-08-28T11:23:43+00:00","og_image":[{"width":1200,"height":630,"url":"https:\/\/kopun.hr\/wp-content\/uploads\/2020\/03\/social-share-kopun.jpg","type":"image\/jpeg"}],"twitter_card":"summary_large_image","twitter_misc":{"Gesch\u00e4tzte Lesezeit":"4\u00a0Minuten"},"schema":{"@context":"https:\/\/schema.org","@graph":[{"@type":"WebPage","@id":"https:\/\/kopun.hr\/de\/pravne-napomene\/","url":"https:\/\/kopun.hr\/de\/pravne-napomene\/","name":"Pravne napomene | Kopun Group","isPartOf":{"@id":"https:\/\/kopun.hr\/#website"},"datePublished":"2018-04-27T10:48:13+00:00","dateModified":"2019-08-28T11:23:43+00:00","description":"Ove web stranice zajedno sa svim svojim sadr\u017eajem pru\u017eaju se u stanju \u02ddkakvi jesu\u02dd te stoga Kopun Group nije odgovorna za sadr\u017eaj i pouzdanost vanjskih web stranica za koje osigurava poveznicu. Bilo koja poveznica na vanjsku web stranicu ne zna\u010di nu\u017eno podr\u017eavanje stajali\u0161ta izra\u017eena na njima.","breadcrumb":{"@id":"https:\/\/kopun.hr\/de\/pravne-napomene\/#breadcrumb"},"inLanguage":"de","potentialAction":[{"@type":"ReadAction","target":["https:\/\/kopun.hr\/de\/pravne-napomene\/"]}]},{"@type":"BreadcrumbList","@id":"https:\/\/kopun.hr\/de\/pravne-napomene\/#breadcrumb","itemListElement":[{"@type":"ListItem","position":1,"name":"Home","item":"https:\/\/kopun.hr\/de\/"},{"@type":"ListItem","position":2,"name":"Pravne napomene"}]},{"@type":"WebSite","@id":"https:\/\/kopun.hr\/#website","url":"https:\/\/kopun.hr\/","name":"Kopun Group","description":"Vidimo sve do zadnjeg zareza i slova zakona","publisher":{"@id":"https:\/\/kopun.hr\/#organization"},"potentialAction":[{"@type":"SearchAction","target":{"@type":"EntryPoint","urlTemplate":"https:\/\/kopun.hr\/?s={search_term_string}"},"query-input":{"@type":"PropertyValueSpecification","valueRequired":true,"valueName":"search_term_string"}}],"inLanguage":"de"},{"@type":"Organization","@id":"https:\/\/kopun.hr\/#organization","name":"Kopun Group","url":"https:\/\/kopun.hr\/","logo":{"@type":"ImageObject","inLanguage":"de","@id":"https:\/\/kopun.hr\/#\/schema\/logo\/image\/","url":"https:\/\/kopun.hr\/wp-content\/uploads\/2018\/04\/Logo-Kopun-Group-icon-color.png","contentUrl":"https:\/\/kopun.hr\/wp-content\/uploads\/2018\/04\/Logo-Kopun-Group-icon-color.png","width":540,"height":540,"caption":"Kopun Group"},"image":{"@id":"https:\/\/kopun.hr\/#\/schema\/logo\/image\/"},"sameAs":["https:\/\/www.linkedin.com\/company\/kopun-group\/"]}]}},"_links":{"self":[{"href":"https:\/\/kopun.hr\/de\/wp-json\/wp\/v2\/pages\/1144","targetHints":{"allow":["GET"]}}],"collection":[{"href":"https:\/\/kopun.hr\/de\/wp-json\/wp\/v2\/pages"}],"about":[{"href":"https:\/\/kopun.hr\/de\/wp-json\/wp\/v2\/types\/page"}],"author":[{"embeddable":true,"href":"https:\/\/kopun.hr\/de\/wp-json\/wp\/v2\/users\/1"}],"replies":[{"embeddable":true,"href":"https:\/\/kopun.hr\/de\/wp-json\/wp\/v2\/comments?post=1144"}],"version-history":[{"count":0,"href":"https:\/\/kopun.hr\/de\/wp-json\/wp\/v2\/pages\/1144\/revisions"}],"wp:attachment":[{"href":"https:\/\/kopun.hr\/de\/wp-json\/wp\/v2\/media?parent=1144"}],"curies":[{"name":"wp","href":"https:\/\/api.w.org\/{rel}","templated":true}]}}