{"id":1122,"date":"2019-08-27T10:40:42","date_gmt":"2019-08-27T10:40:42","guid":{"rendered":"https:\/\/kopun.hr\/wirtschaftsprufung\/"},"modified":"2020-03-27T09:05:33","modified_gmt":"2020-03-27T09:05:33","slug":"wirtschaftsprufung","status":"publish","type":"page","link":"https:\/\/kopun.hr\/de\/wirtschaftsprufung\/","title":{"rendered":"Wirtschaftspr\u00fcfung"},"content":{"rendered":"[vc_row type=&#8220;full_width_background&#8220; full_screen_row_position=&#8220;middle&#8220; bg_color=&#8220;#ffffff&#8220; scene_position=&#8220;center&#8220; text_color=&#8220;dark&#8220; text_align=&#8220;left&#8220; bottom_padding=&#8220;50&#8243; overlay_strength=&#8220;0.3&#8243; shape_divider_position=&#8220;bottom&#8220; shape_type=&#8220;&#8220;][vc_column column_padding=&#8220;no-extra-padding&#8220; column_padding_position=&#8220;left-right&#8220; background_color_opacity=&#8220;1&#8243; background_hover_color_opacity=&#8220;1&#8243; column_shadow=&#8220;none&#8220; column_border_radius=&#8220;none&#8220; top_margin=&#8220;50&#8243; width=&#8220;1\/1&#8243; tablet_text_alignment=&#8220;default&#8220; phone_text_alignment=&#8220;default&#8220; column_border_width=&#8220;none&#8220; column_border_style=&#8220;solid&#8220;][vc_column_text]<strong>\u00dcberlassen Sie uns Ihre Wirtschaftspr\u00fcfung! Unser Team aus zertifizierten Wirtschaftspr\u00fcfern und seinen Mitarbeitern hat in den letzten 28 Jahren mannigfaltige Erfahrungen in der Zusammenarbeit mit in- und ausl\u00e4ndischen Unternehmen sowie in der Konsolidierung von gro\u00dfen Unternehmensgruppen gesammelt.<\/strong><\/p>\n<p>Unsere Wirtschaftspr\u00fcfungsleistungen bieten wir auch \u00f6ffentlichen K\u00f6rperschaften, Vereinen und Empf\u00e4ngern von EU-Mitteln an.<\/p>\n<p>Als Mitglied der Nexia International unterst\u00fctzen wir Sie auch global.<\/p>\n<h2>Welche Art von Rechnungspr\u00fcfung ben\u00f6tigen Sie?<\/h2>\n<p>Ganz gleich, ob Sie eine Abschlusspr\u00fcfung, einen Pr\u00fcfungsbericht, eine Sonderpr\u00fcfung zur Aufstockung des Grund- bzw. Stammkapitals, eine Status\u00e4nderung oder forensische Rechnungspr\u00fcfung ben\u00f6tigen, unser Expertenteam f\u00fchrt Sie fachkundig und versiert zur Ermittlung Ihrer Bed\u00fcrfnisse.<\/p>\n<h2>Unser Ansatz und unsere Qualit\u00e4tsausrichtung<\/h2>\n<p>Unserem Klienten bieten wir die auf sein T\u00e4tigkeitsfeld genau zugeschnittene und zutreffende Leistungen an. Den Schwerpunkt legen wir auf die Anforderungen der Finanzberichterstattung, der Risikosteuerung und der Nachvollziehbarkeit. Auf diese Weise k\u00f6nnen wir einen besseren Qualit\u00e4tsansatz gew\u00e4hrleisten, als blo\u00df eine Abschlusspr\u00fcfung zu bieten. Durch die rechtzeitige M\u00e4ngelbeseitigung bei der Risikosteuerung tragen wir dazu bei, etwaige Betrugsversuche zu unterbinden.<\/p>\n<p>Wir verf\u00fcgen \u00fcber umfassende Erfahrungen bei der Anwendung verschiedener Rechnungslegungsrahmen, einschlie\u00dflich der Kroatischen Rechnungslegungsvorschriften, der International Financial Reporting Standards und der Allgemein anerkannten Rechnungslegungsgrunds\u00e4tzen der Vereinigten Staaten.<\/p>\n<h2>Unser Wirtschaftspr\u00fcfungsteam<\/h2>\n<p>Ein zertifizierter Wirtschaftspr\u00fcfer, der bei der Kroatischen Wirtschaftspr\u00fcferkammer vereidigt ist, bildet das Herzst\u00fcck eines jeden unserer Teams. Unsere Teams wechseln wir im Laufe der Wirtschaftspr\u00fcfung nicht aus, so dass Sie jederzeit auf alle Ihre Fragen zweckm\u00e4\u00dfige und nachvollziehbare Antworten erhalten k\u00f6nnen. Die Teamzusammensetzung bleibt unver\u00e4ndert, um dem Kunden stets die h\u00f6chste Qualit\u00e4t des Informationsflusses gew\u00e4hrleisten zu k\u00f6nnen. Dadurch wird auch ein schnelleres Verst\u00e4ndnis der Bed\u00fcrfnisse eines jeden einzelnen Kunden erreicht. Je nach den Erfordernissen des Kunden weisen wir den Teams Steuer- und Rechtsexperten zu, deren Wissen und Erfahrung, neben den Feststellungen des Abschlusspr\u00fcfers, dazu beitragen, Verbesserungsvorschl\u00e4ge f\u00fcr das Unternehmen zu machen.<\/p>\n<p>Mit dem Kunden sprechen wir im Klartext, in der Absicht, seine gesch\u00e4ftlichen Herausforderungen besser zu verstehen und einen gegenseitigen, fruchtbaren und n\u00fctzlichen Dialog zu gew\u00e4hrleisten. Mit dieser Grundeinstellung stellen wir sicher, dass Verfahren optimiert und notwendige Ma\u00dfnahmen schnell umgesetzt werden.<\/p>\n<p>Wir haben eine international anerkannte Pr\u00fcfungspraxis entwickelt, die sich den Positionen und Transaktionen verschreibt, die mit dem gr\u00f6\u00dften Risiko verbunden sind. Wir erkennen neue Gesch\u00e4ftsprozesse, noch bevor diese vom Vorstand als solche gedeutet werden k\u00f6nnen. Unser Anliegen ist es zu gew\u00e4hrleisten, dass unsere Kunden Gesch\u00e4ftsrisiken jeglicher Art vermeiden.<\/p>\n<p>Kontaktieren Sie uns in vollem Vertrauen! Unser Team aus erfahrenen und zuverl\u00e4ssigen Wirtschaftspr\u00fcfern wird mit Ihnen alles akribisch unter die Lupe nehmen.<\/p>\n<h2>F\u00fcr Sie k\u00fcmmern wir uns um Folgendes:<\/h2>\n<ul>\n<li><strong>Gesetzliche Wirtschaftspr\u00fcfung von Jahresabschl\u00fcssen und Abschl\u00fcsse von verbundenen Unternehmen<\/strong><\/li>\n<li><strong>Freiwillige Wirtschaftspr\u00fcfung von Finanzberichten<\/strong><\/li>\n<li><strong>High-Level Reviews von Gesch\u00e4ftsberichten<\/strong><\/li>\n<li><strong>Sonderwirtschaftspr\u00fcfungen (z.B. Aufstockung des Stamm-, bzw. Grundkapitals, Gesellschafts\u00e4nderungen)<\/strong><\/li>\n<li><strong>Forensisches Rechnungswesen<\/strong><\/li>\n<li><strong>Verrechnungspreisstudien<\/strong><\/li>\n<li><strong>Sorgfaltspflichten<\/strong><\/li>\n<\/ul>\n[\/vc_column_text][vc_column_text]<a style=\"display: block; color: #999; padding-top: 40px !important;\" href=\"https:\/\/kopun.hr\/wp-content\/uploads\/2019\/04\/KOPUN_izvjes\u030cc\u0301e-o-transparentnosti_2018.pdf\" target=\"_blank\" rel=\"noopener noreferrer\">Transparency report (2018)<\/a><br \/>\n<a style=\"display: block; color: #999;\" href=\"https:\/\/kopun.hr\/wp-content\/uploads\/2018\/04\/Dokument-za-web-KOPUN_izvjes\u030cc\u0301e-o-transparentnosti_2017-new-edit.pdf\" target=\"_blank\" rel=\"noopener noreferrer\">Transparency report (2017)<\/a>[\/vc_column_text][nectar_btn size=&#8220;large&#8220; button_style=&#8220;regular&#8220; button_color_2=&#8220;Accent-Color&#8220; icon_family=&#8220;none&#8220; url=&#8220;#sidebar&#8220; text=&#8220;Sprechen Sie uns an&#8220; margin_top=&#8220;30&#8243;][\/vc_column][\/vc_row]\n","protected":false},"excerpt":{"rendered":"<p>[vc_row type=&#8220;full_width_background&#8220; full_screen_row_position=&#8220;middle&#8220; bg_color=&#8220;#ffffff&#8220; scene_position=&#8220;center&#8220; text_color=&#8220;dark&#8220; text_align=&#8220;left&#8220; bottom_padding=&#8220;50&#8243; overlay_strength=&#8220;0.3&#8243; shape_divider_position=&#8220;bottom&#8220; shape_type=&#8220;&#8220;][vc_column column_padding=&#8220;no-extra-padding&#8220; column_padding_position=&#8220;left-right&#8220; background_color_opacity=&#8220;1&#8243; background_hover_color_opacity=&#8220;1&#8243; column_shadow=&#8220;none&#8220; column_border_radius=&#8220;none&#8220; top_margin=&#8220;50&#8243; width=&#8220;1\/1&#8243; tablet_text_alignment=&#8220;default&#8220; phone_text_alignment=&#8220;default&#8220; column_border_width=&#8220;none&#8220; column_border_style=&#8220;solid&#8220;][vc_column_text]\u00dcberlassen Sie uns Ihre Wirtschaftspr\u00fcfung! Unser Team aus&#8230;<\/p>\n","protected":false},"author":1,"featured_media":0,"parent":0,"menu_order":0,"comment_status":"closed","ping_status":"closed","template":"page-sidebar.php","meta":{"footnotes":""},"class_list":["post-1122","page","type-page","status-publish"],"yoast_head":"<!-- This site is optimized with the Yoast SEO Premium plugin v23.0 (Yoast SEO v27.3) - https:\/\/yoast.com\/product\/yoast-seo-premium-wordpress\/ -->\n<title>Wirtschaftspr\u00fcfung | \u00dcberlassen Sie uns Ihre Wirtschaftspr\u00fcfung!<\/title>\n<meta name=\"description\" content=\"Unser Team aus zertifizierten Wirtschaftspr\u00fcfern und seinen Mitarbeitern hat in den letzten 28 Jahren mannigfaltige Erfahrungen in der Zusammenarbeit mit in- und ausl\u00e4ndischen Unternehmen sowie in der Konsolidierung von gro\u00dfen Unternehmensgruppen gesammelt.\" \/>\n<meta name=\"robots\" content=\"index, follow, max-snippet:-1, max-image-preview:large, max-video-preview:-1\" \/>\n<link rel=\"canonical\" href=\"https:\/\/kopun.hr\/de\/wirtschaftsprufung\/\" \/>\n<meta property=\"og:locale\" content=\"de_DE\" \/>\n<meta property=\"og:type\" content=\"article\" \/>\n<meta property=\"og:title\" content=\"Wirtschaftspr\u00fcfung\" \/>\n<meta property=\"og:description\" content=\"Unser Team aus zertifizierten Wirtschaftspr\u00fcfern und seinen Mitarbeitern hat in den letzten 28 Jahren mannigfaltige Erfahrungen in der Zusammenarbeit mit in- und ausl\u00e4ndischen Unternehmen sowie in der Konsolidierung von gro\u00dfen Unternehmensgruppen gesammelt.\" \/>\n<meta property=\"og:url\" content=\"https:\/\/kopun.hr\/de\/wirtschaftsprufung\/\" \/>\n<meta property=\"og:site_name\" content=\"Kopun Group\" \/>\n<meta property=\"article:modified_time\" content=\"2020-03-27T09:05:33+00:00\" \/>\n<meta property=\"og:image\" content=\"https:\/\/kopun.hr\/wp-content\/uploads\/2020\/03\/social-share-kopun.jpg\" \/>\n\t<meta property=\"og:image:width\" content=\"1200\" \/>\n\t<meta property=\"og:image:height\" content=\"630\" \/>\n\t<meta property=\"og:image:type\" content=\"image\/jpeg\" \/>\n<meta name=\"twitter:card\" content=\"summary_large_image\" \/>\n<meta name=\"twitter:label1\" content=\"Gesch\u00e4tzte Lesezeit\" \/>\n\t<meta name=\"twitter:data1\" content=\"3\u00a0Minuten\" \/>\n<script type=\"application\/ld+json\" class=\"yoast-schema-graph\">{\"@context\":\"https:\\\/\\\/schema.org\",\"@graph\":[{\"@type\":\"WebPage\",\"@id\":\"https:\\\/\\\/kopun.hr\\\/de\\\/wirtschaftsprufung\\\/\",\"url\":\"https:\\\/\\\/kopun.hr\\\/de\\\/wirtschaftsprufung\\\/\",\"name\":\"Wirtschaftspr\u00fcfung | \u00dcberlassen Sie uns Ihre Wirtschaftspr\u00fcfung!\",\"isPartOf\":{\"@id\":\"https:\\\/\\\/kopun.hr\\\/#website\"},\"datePublished\":\"2019-08-27T10:40:42+00:00\",\"dateModified\":\"2020-03-27T09:05:33+00:00\",\"description\":\"Unser Team aus zertifizierten Wirtschaftspr\u00fcfern und seinen Mitarbeitern hat in den letzten 28 Jahren mannigfaltige Erfahrungen in der Zusammenarbeit mit in- und ausl\u00e4ndischen Unternehmen sowie in der Konsolidierung von gro\u00dfen Unternehmensgruppen gesammelt.\",\"breadcrumb\":{\"@id\":\"https:\\\/\\\/kopun.hr\\\/de\\\/wirtschaftsprufung\\\/#breadcrumb\"},\"inLanguage\":\"de\",\"potentialAction\":[{\"@type\":\"ReadAction\",\"target\":[\"https:\\\/\\\/kopun.hr\\\/de\\\/wirtschaftsprufung\\\/\"]}]},{\"@type\":\"BreadcrumbList\",\"@id\":\"https:\\\/\\\/kopun.hr\\\/de\\\/wirtschaftsprufung\\\/#breadcrumb\",\"itemListElement\":[{\"@type\":\"ListItem\",\"position\":1,\"name\":\"Home\",\"item\":\"https:\\\/\\\/kopun.hr\\\/de\\\/\"},{\"@type\":\"ListItem\",\"position\":2,\"name\":\"Wirtschaftspr\u00fcfung\"}]},{\"@type\":\"WebSite\",\"@id\":\"https:\\\/\\\/kopun.hr\\\/#website\",\"url\":\"https:\\\/\\\/kopun.hr\\\/\",\"name\":\"Kopun Group\",\"description\":\"Vidimo sve do zadnjeg zareza i slova zakona\",\"publisher\":{\"@id\":\"https:\\\/\\\/kopun.hr\\\/#organization\"},\"potentialAction\":[{\"@type\":\"SearchAction\",\"target\":{\"@type\":\"EntryPoint\",\"urlTemplate\":\"https:\\\/\\\/kopun.hr\\\/?s={search_term_string}\"},\"query-input\":{\"@type\":\"PropertyValueSpecification\",\"valueRequired\":true,\"valueName\":\"search_term_string\"}}],\"inLanguage\":\"de\"},{\"@type\":\"Organization\",\"@id\":\"https:\\\/\\\/kopun.hr\\\/#organization\",\"name\":\"Kopun Group\",\"url\":\"https:\\\/\\\/kopun.hr\\\/\",\"logo\":{\"@type\":\"ImageObject\",\"inLanguage\":\"de\",\"@id\":\"https:\\\/\\\/kopun.hr\\\/#\\\/schema\\\/logo\\\/image\\\/\",\"url\":\"https:\\\/\\\/kopun.hr\\\/wp-content\\\/uploads\\\/2018\\\/04\\\/Logo-Kopun-Group-icon-color.png\",\"contentUrl\":\"https:\\\/\\\/kopun.hr\\\/wp-content\\\/uploads\\\/2018\\\/04\\\/Logo-Kopun-Group-icon-color.png\",\"width\":540,\"height\":540,\"caption\":\"Kopun Group\"},\"image\":{\"@id\":\"https:\\\/\\\/kopun.hr\\\/#\\\/schema\\\/logo\\\/image\\\/\"},\"sameAs\":[\"https:\\\/\\\/www.linkedin.com\\\/company\\\/kopun-group\\\/\"]}]}<\/script>\n<!-- \/ Yoast SEO Premium plugin. -->","yoast_head_json":{"title":"Wirtschaftspr\u00fcfung | \u00dcberlassen Sie uns Ihre Wirtschaftspr\u00fcfung!","description":"Unser Team aus zertifizierten Wirtschaftspr\u00fcfern und seinen Mitarbeitern hat in den letzten 28 Jahren mannigfaltige Erfahrungen in der Zusammenarbeit mit in- und ausl\u00e4ndischen Unternehmen sowie in der Konsolidierung von gro\u00dfen Unternehmensgruppen gesammelt.","robots":{"index":"index","follow":"follow","max-snippet":"max-snippet:-1","max-image-preview":"max-image-preview:large","max-video-preview":"max-video-preview:-1"},"canonical":"https:\/\/kopun.hr\/de\/wirtschaftsprufung\/","og_locale":"de_DE","og_type":"article","og_title":"Wirtschaftspr\u00fcfung","og_description":"Unser Team aus zertifizierten Wirtschaftspr\u00fcfern und seinen Mitarbeitern hat in den letzten 28 Jahren mannigfaltige Erfahrungen in der Zusammenarbeit mit in- und ausl\u00e4ndischen Unternehmen sowie in der Konsolidierung von gro\u00dfen Unternehmensgruppen gesammelt.","og_url":"https:\/\/kopun.hr\/de\/wirtschaftsprufung\/","og_site_name":"Kopun Group","article_modified_time":"2020-03-27T09:05:33+00:00","og_image":[{"width":1200,"height":630,"url":"https:\/\/kopun.hr\/wp-content\/uploads\/2020\/03\/social-share-kopun.jpg","type":"image\/jpeg"}],"twitter_card":"summary_large_image","twitter_misc":{"Gesch\u00e4tzte Lesezeit":"3\u00a0Minuten"},"schema":{"@context":"https:\/\/schema.org","@graph":[{"@type":"WebPage","@id":"https:\/\/kopun.hr\/de\/wirtschaftsprufung\/","url":"https:\/\/kopun.hr\/de\/wirtschaftsprufung\/","name":"Wirtschaftspr\u00fcfung | \u00dcberlassen Sie uns Ihre Wirtschaftspr\u00fcfung!","isPartOf":{"@id":"https:\/\/kopun.hr\/#website"},"datePublished":"2019-08-27T10:40:42+00:00","dateModified":"2020-03-27T09:05:33+00:00","description":"Unser Team aus zertifizierten Wirtschaftspr\u00fcfern und seinen Mitarbeitern hat in den letzten 28 Jahren mannigfaltige Erfahrungen in der Zusammenarbeit mit in- und ausl\u00e4ndischen Unternehmen sowie in der Konsolidierung von gro\u00dfen Unternehmensgruppen gesammelt.","breadcrumb":{"@id":"https:\/\/kopun.hr\/de\/wirtschaftsprufung\/#breadcrumb"},"inLanguage":"de","potentialAction":[{"@type":"ReadAction","target":["https:\/\/kopun.hr\/de\/wirtschaftsprufung\/"]}]},{"@type":"BreadcrumbList","@id":"https:\/\/kopun.hr\/de\/wirtschaftsprufung\/#breadcrumb","itemListElement":[{"@type":"ListItem","position":1,"name":"Home","item":"https:\/\/kopun.hr\/de\/"},{"@type":"ListItem","position":2,"name":"Wirtschaftspr\u00fcfung"}]},{"@type":"WebSite","@id":"https:\/\/kopun.hr\/#website","url":"https:\/\/kopun.hr\/","name":"Kopun Group","description":"Vidimo sve do zadnjeg zareza i slova zakona","publisher":{"@id":"https:\/\/kopun.hr\/#organization"},"potentialAction":[{"@type":"SearchAction","target":{"@type":"EntryPoint","urlTemplate":"https:\/\/kopun.hr\/?s={search_term_string}"},"query-input":{"@type":"PropertyValueSpecification","valueRequired":true,"valueName":"search_term_string"}}],"inLanguage":"de"},{"@type":"Organization","@id":"https:\/\/kopun.hr\/#organization","name":"Kopun Group","url":"https:\/\/kopun.hr\/","logo":{"@type":"ImageObject","inLanguage":"de","@id":"https:\/\/kopun.hr\/#\/schema\/logo\/image\/","url":"https:\/\/kopun.hr\/wp-content\/uploads\/2018\/04\/Logo-Kopun-Group-icon-color.png","contentUrl":"https:\/\/kopun.hr\/wp-content\/uploads\/2018\/04\/Logo-Kopun-Group-icon-color.png","width":540,"height":540,"caption":"Kopun Group"},"image":{"@id":"https:\/\/kopun.hr\/#\/schema\/logo\/image\/"},"sameAs":["https:\/\/www.linkedin.com\/company\/kopun-group\/"]}]}},"_links":{"self":[{"href":"https:\/\/kopun.hr\/de\/wp-json\/wp\/v2\/pages\/1122","targetHints":{"allow":["GET"]}}],"collection":[{"href":"https:\/\/kopun.hr\/de\/wp-json\/wp\/v2\/pages"}],"about":[{"href":"https:\/\/kopun.hr\/de\/wp-json\/wp\/v2\/types\/page"}],"author":[{"embeddable":true,"href":"https:\/\/kopun.hr\/de\/wp-json\/wp\/v2\/users\/1"}],"replies":[{"embeddable":true,"href":"https:\/\/kopun.hr\/de\/wp-json\/wp\/v2\/comments?post=1122"}],"version-history":[{"count":0,"href":"https:\/\/kopun.hr\/de\/wp-json\/wp\/v2\/pages\/1122\/revisions"}],"wp:attachment":[{"href":"https:\/\/kopun.hr\/de\/wp-json\/wp\/v2\/media?parent=1122"}],"curies":[{"name":"wp","href":"https:\/\/api.w.org\/{rel}","templated":true}]}}